{"id":24622,"date":"2020-07-21T16:21:26","date_gmt":"2020-07-21T14:21:26","guid":{"rendered":"http:\/\/wordpress.wilms-transport.de\/disclaimer-van-aansprakelijkheid\/"},"modified":"2020-07-27T15:56:26","modified_gmt":"2020-07-27T13:56:26","slug":"disclaimer-van-aansprakelijkheid","status":"publish","type":"page","link":"https:\/\/www.wilms-transport.de\/nl\/disclaimer-van-aansprakelijkheid\/","title":{"rendered":"Disclaimer van aansprakelijkheid"},"content":{"rendered":"<div class=\"wpb-content-wrapper\"><p>[vc_row row_type=&#8221;row&#8221; use_row_as_full_screen_section=&#8221;no&#8221; type=&#8221;full_width&#8221; text_align=&#8221;left&#8221; background_animation=&#8221;none&#8221; padding_bottom=&#8221;45&#8243; css_animation=&#8221;&#8221; css=&#8221;.vc_custom_1576592028847{padding-top: 10px !important;}&#8221;][vc_column][vc_column_text]<\/p>\n<h1>Disclaimer van aansprakelijkheid<\/h1>\n<p>\n<!-- Legal document generated by Complianz | GDPR\/CCPA Cookie Consent https:\/\/wordpress.org\/plugins\/complianz-gdpr -->\n<div id=\"cmplz-document\" class=\"cmplz-document disclaimer cmplz-document-all\"><p>WILMS Transport GmbH spant zich in om deze site up-to-date en accuraat te houden. Mocht u toch iets tegenkomen dat onjuist of verouderd is, dan stellen wij het op prijs als u ons dit laat weten. Geef daarbij alstublieft aan waar u de informatie op de site leest. We zullen dit dan zo snel mogelijk bekijken. Stuur uw reactie per e-mail naar: <span class=\"cmplz-obfuscate\">d&#097;te&#110;&#115;&#099;&#104;utz@<span class=\"cmplz-fmail-domain\">&#101;x&#046;com<\/span>&#119;&#105;&#108;ms&#045;gru&#112;&#112;e&#046;&#100;&#101;<\/span>.<\/p><p>Wij achten ons niet aansprakelijk voor schade als gevolg van onjuistheden of onvolledigheden, noch voor schade die het gevolg is van problemen veroorzaakt door, of inherent aan het verspreiden van informatie via het internet, zoals storingen of onderbrekingen. Bij het gebruik van webformulieren streven wij ernaar het aantal velden dat verplicht moet worden ingevuld tot een minimum te beperken. Voor eventuele schade die geleden wordt als gevolg van het gebruik van gegevens, adviezen of idee\u00ebn verstrekt door of namens WILMS Transport GmbH via deze site, acht WILMS Transport GmbH zich niet aansprakelijk.<\/p><p>Antwoorden en privacyverzoeken die via e-mail of via een webformulier worden ingediend, worden op dezelfde manier behandeld als brieven. Dit betekent dat u uiterlijk binnen \u00e9\u00e9n maand een reactie van ons kunt verwachten. In het geval van complexe verzoeken, zullen we u binnen 1 maand laten weten of we een maximum van 3 maanden nodig hebben.<\/p><p>Alle persoonlijke gegevens die u ons verstrekt in het kader van uw reactie of verzoek om informatie, al alleen worden gebruikt in overeenstemming met onze privacyverklaring.<\/p><p>WILMS Transport GmbH stelt alles in het werk om haar systemen te beschermen tegen elke vorm van onwettig gebruik. WILMS Transport GmbH zal daartoe passende technische en organisatorische maatregelen nemen, rekening houdend met, onder andere, de standaarden van de techniek. Zij is echter niet aansprakelijk voor enige schade, direct en\/of indirect, geleden door een gebruiker van de site, die ontstaat als gevolg van het onrechtmatige gebruik van haar systemen door een derde partij.<\/p><p>WILMS Transport GmbH accepteert geen verantwoordelijkheid voor de inhoud van sites waarnaar of waarvan een hyperlink of andere referentie wordt gemaakt. Producten of diensten die door derden worden aangeboden, zijn onderworpen aan de toepasselijke algemene voorwaarden van die derde partijen.<\/p><p>Alle intellectuele eigendomsrechten op inhoud op deze site berusten bij WILMS Transport GmbH of bij derden die de inhoud zelf hebben geplaatst of van wie WILMS Transport GmbH een gebruikerslicentie heeft verkregen.<\/p><p>Kopi\u00ebren, verspreiden en elk ander gebruik van deze materialen is niet toegestaan zonder de schriftelijke toestemming van WILMS Transport GmbH, behalve en alleen voor zover anders bepaald in voorschriften van dwingend recht (zoals het recht om te citeren), tenzij specifieke inhoud anders voorschrijft.<\/p><p>Als u vragen of problemen heeft met de toegankelijkheid van de site, aarzel dan niet om contact met ons op te nemen.<\/p><\/div>[\/vc_column_text][\/vc_column][\/vc_row]<\/p>\n<\/div>","protected":false},"excerpt":{"rendered":"<p>[vc_row row_type=&#8221;row&#8221; use_row_as_full_screen_section=&#8221;no&#8221; type=&#8221;full_width&#8221; text_align=&#8221;left&#8221; background_animation=&#8221;none&#8221; padding_bottom=&#8221;45&#8243; css_animation=&#8221;&#8221; css=&#8221;.vc_custom_1576592028847{padding-top: 10px !important;}&#8221;][vc_column][vc_column_text] Disclaimer van aansprakelijkheid [\/vc_column_text][\/vc_column][\/vc_row]<\/p>\n","protected":false},"author":1,"featured_media":0,"parent":0,"menu_order":1100,"comment_status":"closed","ping_status":"closed","template":"","meta":{"footnotes":""},"class_list":["post-24622","page","type-page","status-publish","hentry"],"yoast_head":"<!-- This site is optimized with the Yoast SEO plugin v27.0 - https:\/\/yoast.com\/product\/yoast-seo-wordpress\/ -->\n<title>WILMS Transport GmbH - Disclaimer van aansprakelijkheid - diepvrieslogistiek, diepvries, koel, geconditioneerd, multitemperatuur, multi-temperatuur, geconditioneerd transport, geconditioneerd vervoer, diepvrieslogistiek, koellogistiek, koel- en vrieslogistiek, transportbedrijf, vervoersbedrijf, expediteur, logistiek dienstverlener, distributie, levensmiddelen, stukgoed, bezorging, vers, gekoeld, diepvriesproducten, koelproducten, HACCP, milieuvriendelijk transportbedrijf, Berlijn. Duitsland, Nederland, Belgi\u00eb, Wilms Transport GmbH<\/title>\n<meta name=\"robots\" content=\"index, follow, max-snippet:-1, max-image-preview:large, max-video-preview:-1\" \/>\n<link rel=\"canonical\" href=\"https:\/\/www.wilms-transport.de\/nl\/disclaimer-van-aansprakelijkheid\/\" \/>\n<meta property=\"og:locale\" content=\"nl_NL\" \/>\n<meta property=\"og:type\" content=\"article\" \/>\n<meta property=\"og:title\" content=\"WILMS Transport GmbH - Disclaimer van aansprakelijkheid - diepvrieslogistiek, diepvries, koel, geconditioneerd, multitemperatuur, multi-temperatuur, geconditioneerd transport, geconditioneerd vervoer, diepvrieslogistiek, koellogistiek, koel- en vrieslogistiek, transportbedrijf, vervoersbedrijf, expediteur, logistiek dienstverlener, distributie, levensmiddelen, stukgoed, bezorging, vers, gekoeld, diepvriesproducten, koelproducten, HACCP, milieuvriendelijk transportbedrijf, Berlijn. Duitsland, Nederland, Belgi\u00eb, Wilms Transport GmbH\" \/>\n<meta property=\"og:description\" content=\"[vc_row row_type=&#8221;row&#8221; use_row_as_full_screen_section=&#8221;no&#8221; type=&#8221;full_width&#8221; text_align=&#8221;left&#8221; background_animation=&#8221;none&#8221; padding_bottom=&#8221;45&#8243; css_animation=&#8221;&#8221; css=&#8221;.vc_custom_1576592028847{padding-top: 10px !important;}&#8221;][vc_column][vc_column_text] Disclaimer van aansprakelijkheid [\/vc_column_text][\/vc_column][\/vc_row]\" \/>\n<meta property=\"og:url\" content=\"https:\/\/www.wilms-transport.de\/nl\/disclaimer-van-aansprakelijkheid\/\" \/>\n<meta property=\"og:site_name\" content=\"WILMS Transport GmbH\" \/>\n<meta property=\"article:modified_time\" content=\"2020-07-27T13:56:26+00:00\" \/>\n<meta name=\"twitter:card\" content=\"summary_large_image\" \/>\n<script type=\"application\/ld+json\" class=\"yoast-schema-graph\">{\"@context\":\"https:\/\/schema.org\",\"@graph\":[{\"@type\":\"WebPage\",\"@id\":\"https:\/\/www.wilms-transport.de\/nl\/disclaimer-van-aansprakelijkheid\/\",\"url\":\"https:\/\/www.wilms-transport.de\/nl\/disclaimer-van-aansprakelijkheid\/\",\"name\":\"WILMS Transport GmbH - Disclaimer van aansprakelijkheid - diepvrieslogistiek, diepvries, koel, geconditioneerd, multitemperatuur, multi-temperatuur, geconditioneerd transport, geconditioneerd vervoer, diepvrieslogistiek, koellogistiek, koel- en vrieslogistiek, transportbedrijf, vervoersbedrijf, expediteur, logistiek dienstverlener, distributie, levensmiddelen, stukgoed, bezorging, vers, gekoeld, diepvriesproducten, koelproducten, HACCP, milieuvriendelijk transportbedrijf, Berlijn. Duitsland, Nederland, Belgi\u00eb, Wilms Transport GmbH\",\"isPartOf\":{\"@id\":\"https:\/\/www.wilms-transport.de\/nl\/#website\"},\"datePublished\":\"2020-07-21T14:21:26+00:00\",\"dateModified\":\"2020-07-27T13:56:26+00:00\",\"breadcrumb\":{\"@id\":\"https:\/\/www.wilms-transport.de\/nl\/disclaimer-van-aansprakelijkheid\/#breadcrumb\"},\"inLanguage\":\"nl-NL\",\"potentialAction\":[{\"@type\":\"ReadAction\",\"target\":[\"https:\/\/www.wilms-transport.de\/nl\/disclaimer-van-aansprakelijkheid\/\"]}]},{\"@type\":\"BreadcrumbList\",\"@id\":\"https:\/\/www.wilms-transport.de\/nl\/disclaimer-van-aansprakelijkheid\/#breadcrumb\",\"itemListElement\":[{\"@type\":\"ListItem\",\"position\":1,\"name\":\"Startseite\",\"item\":\"https:\/\/www.wilms-transport.de\/nl\/\"},{\"@type\":\"ListItem\",\"position\":2,\"name\":\"Disclaimer van aansprakelijkheid\"}]},{\"@type\":\"WebSite\",\"@id\":\"https:\/\/www.wilms-transport.de\/nl\/#website\",\"url\":\"https:\/\/www.wilms-transport.de\/nl\/\",\"name\":\"WILMS Transport GmbH\",\"description\":\"Die WILMS Transport GmbH und die WILMS Tiefk\u00fchl-Service GmbH sind Mitglieder der WILMS Gruppe und spezialisiert auf die Bereiche Handel, Dienstleistung und Transport, im Besonderen auf Gro\u00dfhandel f\u00fcr Lebensmittel, Handelsmarken, Eigenmarken, Kontraktgesch\u00e4fte, Aktionen und Saison, TK-Gefl\u00fcgel, TK-Gem\u00fcse, Lagerlogistik, Supply Chain Management, Brokerlogistik, Lagerbewirtschaftung und Outsourcing, City-Logistik, Werksentsorgung, Tiefk\u00fchllogistik, K\u00fchllogistik, Tiefk\u00fchl, Tiefk\u00fchlware, K\u00fchlware, Multi-Temperatur, temperaturgef\u00fchrten Transport und Lebensmittel, die k\u00fchl, frisch oder gek\u00fchlt ankommen sollen, mit Sitz in Ludwigsfelde\/Berlin\/ Deutschland\/ Belgien\/ Niederlande\/ Benelux, die Unternehmensgruppe WILMS bietet dem Logistiker, der Spedition und dem Spediteur zahlreiche Dienstleistungen im Bereich der TK-Logistik, der Verteilung von St\u00fcckgut, Sammelgut und Teilpartien, HACCP und der Distribution und legt besonderen Wert auf \u00d6ko-Transport.\",\"potentialAction\":[{\"@type\":\"SearchAction\",\"target\":{\"@type\":\"EntryPoint\",\"urlTemplate\":\"https:\/\/www.wilms-transport.de\/nl\/?s={search_term_string}\"},\"query-input\":{\"@type\":\"PropertyValueSpecification\",\"valueRequired\":true,\"valueName\":\"search_term_string\"}}],\"inLanguage\":\"nl-NL\"}]}<\/script>\n<!-- \/ Yoast SEO plugin. -->","yoast_head_json":{"title":"WILMS Transport GmbH - Disclaimer van aansprakelijkheid - diepvrieslogistiek, diepvries, koel, geconditioneerd, multitemperatuur, multi-temperatuur, geconditioneerd transport, geconditioneerd vervoer, diepvrieslogistiek, koellogistiek, koel- en vrieslogistiek, transportbedrijf, vervoersbedrijf, expediteur, logistiek dienstverlener, distributie, levensmiddelen, stukgoed, bezorging, vers, gekoeld, diepvriesproducten, koelproducten, HACCP, milieuvriendelijk transportbedrijf, Berlijn. Duitsland, Nederland, Belgi\u00eb, Wilms Transport GmbH","robots":{"index":"index","follow":"follow","max-snippet":"max-snippet:-1","max-image-preview":"max-image-preview:large","max-video-preview":"max-video-preview:-1"},"canonical":"https:\/\/www.wilms-transport.de\/nl\/disclaimer-van-aansprakelijkheid\/","og_locale":"nl_NL","og_type":"article","og_title":"WILMS Transport GmbH - Disclaimer van aansprakelijkheid - diepvrieslogistiek, diepvries, koel, geconditioneerd, multitemperatuur, multi-temperatuur, geconditioneerd transport, geconditioneerd vervoer, diepvrieslogistiek, koellogistiek, koel- en vrieslogistiek, transportbedrijf, vervoersbedrijf, expediteur, logistiek dienstverlener, distributie, levensmiddelen, stukgoed, bezorging, vers, gekoeld, diepvriesproducten, koelproducten, HACCP, milieuvriendelijk transportbedrijf, Berlijn. Duitsland, Nederland, Belgi\u00eb, Wilms Transport GmbH","og_description":"[vc_row row_type=&#8221;row&#8221; use_row_as_full_screen_section=&#8221;no&#8221; type=&#8221;full_width&#8221; text_align=&#8221;left&#8221; background_animation=&#8221;none&#8221; padding_bottom=&#8221;45&#8243; css_animation=&#8221;&#8221; css=&#8221;.vc_custom_1576592028847{padding-top: 10px !important;}&#8221;][vc_column][vc_column_text] Disclaimer van aansprakelijkheid [\/vc_column_text][\/vc_column][\/vc_row]","og_url":"https:\/\/www.wilms-transport.de\/nl\/disclaimer-van-aansprakelijkheid\/","og_site_name":"WILMS Transport GmbH","article_modified_time":"2020-07-27T13:56:26+00:00","twitter_card":"summary_large_image","schema":{"@context":"https:\/\/schema.org","@graph":[{"@type":"WebPage","@id":"https:\/\/www.wilms-transport.de\/nl\/disclaimer-van-aansprakelijkheid\/","url":"https:\/\/www.wilms-transport.de\/nl\/disclaimer-van-aansprakelijkheid\/","name":"WILMS Transport GmbH - Disclaimer van aansprakelijkheid - diepvrieslogistiek, diepvries, koel, geconditioneerd, multitemperatuur, multi-temperatuur, geconditioneerd transport, geconditioneerd vervoer, diepvrieslogistiek, koellogistiek, koel- en vrieslogistiek, transportbedrijf, vervoersbedrijf, expediteur, logistiek dienstverlener, distributie, levensmiddelen, stukgoed, bezorging, vers, gekoeld, diepvriesproducten, koelproducten, HACCP, milieuvriendelijk transportbedrijf, Berlijn. Duitsland, Nederland, Belgi\u00eb, Wilms Transport GmbH","isPartOf":{"@id":"https:\/\/www.wilms-transport.de\/nl\/#website"},"datePublished":"2020-07-21T14:21:26+00:00","dateModified":"2020-07-27T13:56:26+00:00","breadcrumb":{"@id":"https:\/\/www.wilms-transport.de\/nl\/disclaimer-van-aansprakelijkheid\/#breadcrumb"},"inLanguage":"nl-NL","potentialAction":[{"@type":"ReadAction","target":["https:\/\/www.wilms-transport.de\/nl\/disclaimer-van-aansprakelijkheid\/"]}]},{"@type":"BreadcrumbList","@id":"https:\/\/www.wilms-transport.de\/nl\/disclaimer-van-aansprakelijkheid\/#breadcrumb","itemListElement":[{"@type":"ListItem","position":1,"name":"Startseite","item":"https:\/\/www.wilms-transport.de\/nl\/"},{"@type":"ListItem","position":2,"name":"Disclaimer van aansprakelijkheid"}]},{"@type":"WebSite","@id":"https:\/\/www.wilms-transport.de\/nl\/#website","url":"https:\/\/www.wilms-transport.de\/nl\/","name":"WILMS Transport GmbH","description":"Die WILMS Transport GmbH und die WILMS Tiefk\u00fchl-Service GmbH sind Mitglieder der WILMS Gruppe und spezialisiert auf die Bereiche Handel, Dienstleistung und Transport, im Besonderen auf Gro\u00dfhandel f\u00fcr Lebensmittel, Handelsmarken, Eigenmarken, Kontraktgesch\u00e4fte, Aktionen und Saison, TK-Gefl\u00fcgel, TK-Gem\u00fcse, Lagerlogistik, Supply Chain Management, Brokerlogistik, Lagerbewirtschaftung und Outsourcing, City-Logistik, Werksentsorgung, Tiefk\u00fchllogistik, K\u00fchllogistik, Tiefk\u00fchl, Tiefk\u00fchlware, K\u00fchlware, Multi-Temperatur, temperaturgef\u00fchrten Transport und Lebensmittel, die k\u00fchl, frisch oder gek\u00fchlt ankommen sollen, mit Sitz in Ludwigsfelde\/Berlin\/ Deutschland\/ Belgien\/ Niederlande\/ Benelux, die Unternehmensgruppe WILMS bietet dem Logistiker, der Spedition und dem Spediteur zahlreiche Dienstleistungen im Bereich der TK-Logistik, der Verteilung von St\u00fcckgut, Sammelgut und Teilpartien, HACCP und der Distribution und legt besonderen Wert auf \u00d6ko-Transport.","potentialAction":[{"@type":"SearchAction","target":{"@type":"EntryPoint","urlTemplate":"https:\/\/www.wilms-transport.de\/nl\/?s={search_term_string}"},"query-input":{"@type":"PropertyValueSpecification","valueRequired":true,"valueName":"search_term_string"}}],"inLanguage":"nl-NL"}]}},"_links":{"self":[{"href":"https:\/\/www.wilms-transport.de\/nl\/wp-json\/wp\/v2\/pages\/24622","targetHints":{"allow":["GET"]}}],"collection":[{"href":"https:\/\/www.wilms-transport.de\/nl\/wp-json\/wp\/v2\/pages"}],"about":[{"href":"https:\/\/www.wilms-transport.de\/nl\/wp-json\/wp\/v2\/types\/page"}],"author":[{"embeddable":true,"href":"https:\/\/www.wilms-transport.de\/nl\/wp-json\/wp\/v2\/users\/1"}],"replies":[{"embeddable":true,"href":"https:\/\/www.wilms-transport.de\/nl\/wp-json\/wp\/v2\/comments?post=24622"}],"version-history":[{"count":0,"href":"https:\/\/www.wilms-transport.de\/nl\/wp-json\/wp\/v2\/pages\/24622\/revisions"}],"wp:attachment":[{"href":"https:\/\/www.wilms-transport.de\/nl\/wp-json\/wp\/v2\/media?parent=24622"}],"curies":[{"name":"wp","href":"https:\/\/api.w.org\/{rel}","templated":true}]}}