{"id":24616,"date":"2020-07-21T16:20:06","date_gmt":"2020-07-21T14:20:06","guid":{"rendered":"http:\/\/wordpress.wilms-transport.de\/privacybeleid\/"},"modified":"2020-07-27T15:56:16","modified_gmt":"2020-07-27T13:56:16","slug":"privacybeleid","status":"publish","type":"page","link":"https:\/\/www.wilms-transport.de\/nl\/privacybeleid\/","title":{"rendered":"Privacybeleid"},"content":{"rendered":"<div class=\"wpb-content-wrapper\"><p>[vc_row row_type=&#8221;row&#8221; use_row_as_full_screen_section=&#8221;no&#8221; type=&#8221;full_width&#8221; text_align=&#8221;left&#8221; background_animation=&#8221;none&#8221; padding_bottom=&#8221;45&#8243; css_animation=&#8221;&#8221; css=&#8221;.vc_custom_1576592028847{padding-top: 10px !important;}&#8221;][vc_column][vc_column_text]<\/p>\n<h1>Privacybeleid<\/h1>\n<p>\n<!-- Legal document generated by Complianz | GDPR\/CCPA Cookie Consent https:\/\/wordpress.org\/plugins\/complianz-gdpr -->\n<div id=\"cmplz-document\" class=\"cmplz-document privacy-statement cmplz-document-eu\"><p><i>Deze privacyverklaring is voor het laatst bijgewerkt op 30 december 2022 en is van toepassing op burgers en wettelijk permanente inwoners van de Europese Economische Ruimte en Zwitserland.<\/i><br \/><br \/><\/p><p><p>In deze privacyverklaring leggen we uit wat we doen met de gegevens die we via <a href=\"https:\/\/www.wilms-transport.de\/nl\/\">https:\/\/www.wilms-transport.de\/nl\/<\/a> over u verkrijgen. We raden u aan deze verklaring aandachtig te lezen. In onze verwerking voldoen we aan de vereisten van privacywetgeving. Dat betekent onder andere dat:<\/p><ul>\n                <li>wij duidelijk vermelden met welke doeleinden wij persoonsgegevens verwerken. Dat doen wij via deze privacyverklaring;<\/li>\n                <li>wij streven ernaar onze verzameling van persoonsgegevens te beperken tot enkel de persoonsgegevens die noodzakelijk zijn voor legitieme doeleinden;<\/li>\n                <li>wij u eerst vragen om uitdrukkelijke toestemming om uw persoonsgegevens te verwerken in gevallen waarin uw toestemming is vereist;<\/li>\n                <li>wij passende beveiligingsmaatregelen nemen om uw persoonsgegevens te beschermen en dat ook eisen van partijen die in onze opdracht persoonsgegevens verwerken;<\/li>\n                <li>wij uw recht respecteren om uw persoonsgegevens op uw aanvraag ter inzage te bieden, te corrigeren of te verwijderen.<\/li>\n            <\/ul><p>Als u vragen heeft of precies wilt weten welke gegevens wij van u bewaren, neem dan contact met ons op.<\/p><\/p><h2>1. Doel, gegevens en bewaartermijn<\/h2>Wij ontvangen of verzamelen mogelijk persoonsgegevens voor een aantal doeleinden die verband houden met onze bedrijfsvoering, waaronder de volgende: (klik om uit te breiden)<details class=\"cmplz-dropdown dropdown-privacy-statement\"><summary><div><h3>1.1 Contact - door middel van telefoon, post, e-mail en\/of webformulieren<\/h3><\/div><\/summary><p class=\"cmplz-subtitle\">Voor dat doel gebruiken wij de volgende persoonsgegevens:<\/p><p><ul><li>Een voor- en achternaam<\/li><li>Een thuis- of ander fysiek adres, inclusief straatnaam en naam van een stad of dorp<\/li><li>Een e-mail adres<\/li><\/ul><\/p><p class=\"cmplz-subtitle\">De grondslag waarop wij deze gegevens mogen verwerken is:<\/p><p><a target=\"_blank\" rel=\"noopener noreferrer nofollow\" href=\"https:\/\/cookiedatabase.org\/legal-bases\/#consent\">Na het verlenen van toestemming.<\/a><\/p><p class=\"cmplz-subtitle\">Bewaartermijn<\/p><p>We bewaren deze data enkel totdat de dienstverlening is be\u00ebindigd.<\/p><\/details><h2>2. Delen met andere partijen<\/h2><p>Wij delen deze gegevens niet met derden.<\/p><h2>3. Cookies<\/h2><p>Onze site maakt gebruik van cookies. Voor meer informatie over cookies verwijzen wij u naar ons <a href=\"https:\/\/www.wilms-transport.de\/nl\/cookiebeleid-eu\/\">Cookiebeleid<\/a>.&nbsp;<\/p><h2>4. Delen met andere partijen<\/h2><p><p>Wij delen persoonsgegevens indien wij bij wet of door een gerechtelijk bevel, in antwoord op een wetshandhavingsinstantie, voor zover toegestaan onder andere wettelijke bepalingen, verplicht zijn om informatie te verstrekken, of voor een onderzoek naar een kwestie in verband met de openbare veiligheid.<\/p><p>Als onze site of organisatie wordt overgenomen, verkocht, of betrokken is bij een fusie of overname, kunnen uw gegevens worden doorgegeven aan onze adviseurs en mogelijke kopers en worden doorgegeven aan de nieuwe eigenaren.<\/p><\/p><h2>5. Beveiliging<\/h2><p>Beveiliging van persoonsgegevens is voor ons van groot belang. Wij nemen passende beveiligingsmaatregelen om misbruik van en ongeautoriseerde toegang tot persoonsgegevens te beperken. Zo zorgen wij dat alleen de noodzakelijke personen toegang hebben tot uw gegevens, dat de toegang tot de gegevens afgeschermd is en dat onze veiligheidsmaatregelen regelmatig gecontroleerd worden.<\/p><h2>6. Websites van derden<\/h2><p>Deze Privacyverklaring heeft geen betrekking op sites van derden waar naar wordt verwezen via links op deze sites. We garanderen niet dat deze sites uw persoonsgegevens op een betrouwbare en veilige manier behandelen. We raden u aan om de privacyverklaringen van deze sites te lezen voor u gebruik maakt van deze sites.<\/p><h2>7. Wijzigingen in deze privacyverklaring<\/h2><p>Wij behouden ons het recht voor om wijzigingen aan te brengen in deze privacyverklaring. Het verdient aanbeveling om deze privacyverklaring geregeld te raadplegen, zodat u van deze wijzigingen op de hoogte bent. Bovendien zullen wij u waar mogelijk ook actief op de hoogte brengen.<\/p><h2>8. Toegang verkrijgen tot en wijziging van uw gegevens<\/h2><p>Als u vragen heeft of wilt weten welke persoonlijke gegevens we over u hebben, neem dan contact met ons op. U kunt contact met ons opnemen via de onderstaande gegevens. U heeft de volgende rechten:<\/p><ul>\n                <li>U hebt het recht om te weten waarom uw persoonsgegevens nodig zijn, wat ermee gebeurt en hoe lang deze worden bewaard.<\/li>\n                <li>Recht op inzage: u kunt een verzoek indienen om inzage in de gegevens die we van u verwerken<\/li>\n                <li>Recht op rectificatie en aanvulling: u hebt het recht om uw persoonlijke gegevens aan te vullen, te corrigeren, te verwijderen of te blokkeren wanneer u maar wilt.<\/li>\n                <li>Als u ons toestemming geeft om uw gegevens te verwerken, heeft u het recht om die toestemming in te trekken en uw persoonlijke gegevens te laten verwijderen.<\/li>\n                <li>Recht op dataportabiliteit: u hebt het recht om al uw persoonlijke gegevens op te vragen bij de Verwerkingsverantwoordelijke en deze in zijn geheel over te dragen aan een andere Verwerkingsverantwoordelijke.<\/li>\n                <li>Recht op bezwaar: u kunt bezwaar maken tegen de verwerking van uw gegevens. Wij komen hieraan tegemoet, tenzij er gegronde redenen voor verwerking zijn.<\/li>\n            <\/ul><p>Zorg ervoor dat u altijd duidelijk vermeldt wie u bent, zodat we er zeker van kunnen zijn dat we geen gegevens van de verkeerde persoon wijzigen of verwijderen.<\/p><h2>9. Een klacht indienen<\/h2><p>Als u niet tevreden bent met de manier waarop wij omgaan met (een klacht over) de verwerking van uw persoonsgegevens, heeft u het recht om een klacht in te dienen bij de Autoriteit Persoonsgegevens.<\/p><h2>10. Contactinformatie<\/h2><p>WILMS Transport GmbH<br \/>\n        Sohlweg 2<br \/>\r\nD-41372 Niederkr\u00fcchten<br \/>\n        Duitsland<br \/>\n        Website: <a href=\"https:\/\/www.wilms-transport.de\/nl\/\">https:\/\/www.wilms-transport.de\/nl\/<\/a> <br \/>\n        E-mail: <span class=\"cmplz-obfuscate\">d&#097;t&#101;&#110;&#115;ch&#117;&#116;&#122;@<span class=\"cmplz-fmail-domain\">&#101;&#120;.c&#111;m<\/span>&#119;&#105;lms&#045;&#103;&#114;up&#112;&#101;.&#100;&#101;<\/span> <br \/>\n        Telefoonnummer: +49 2163 89870<\/p><h2>Bijlage<\/h2><p><h3>WPML<\/h3>\r\nWPML verwendet Cookies zur Feststellung der aktuellen Sprache des Besuchers, der zuletzt besuchten Sprache und der Sprache der Benutzer, die sich eingeloggt haben.\r\n\r\nW\u00e4hrend Sie das Plugin verwenden, wird WPML die Daten bez\u00fcglich der Seite \u00fcber den Installer teilen. Dabei werden keine Daten vom Benutzer selbst geteilt.\r\n<h3>WPML Translation Management<\/h3>\r\nWPML Translation Management wird die E-Mail-Adresse und den Namen jedes Managers sowie des zugeordneten \u00dcbersetzers und den Inhalt selbst an den erweiterten Translation Editor und die eingesetzten \u00dcbersetzungsdienste senden.\r\n<h3>WPML String Translation<\/h3>\r\nWPML String Translation wird alle Strings an WPMLs erweiterten Translation Editor und an die eingesetzten \u00dcbersetzungsdienste senden.\r\n<h3>Really Simple SSL<\/h3>\r\nReally Simple SSL und Really Simple SSL Add-ons verarbeiten keine personenbezogenen Daten, so dass die DSGVO bei diesen Plugins oder die Benutzung dieser Plugins auf deiner Website keine Anwendung findet. Du findest unsere Datenschutzerkl\u00e4rung <a href=\"https:\/\/really-simple-ssl.com\/privacy-statement\/\" target=\"_blank\" rel=\"noopener\">hier<\/a>.<\/p><\/div>[\/vc_column_text][\/vc_column][\/vc_row]<\/p>\n<\/div>","protected":false},"excerpt":{"rendered":"<p>[vc_row row_type=&#8221;row&#8221; use_row_as_full_screen_section=&#8221;no&#8221; type=&#8221;full_width&#8221; text_align=&#8221;left&#8221; background_animation=&#8221;none&#8221; padding_bottom=&#8221;45&#8243; css_animation=&#8221;&#8221; css=&#8221;.vc_custom_1576592028847{padding-top: 10px !important;}&#8221;][vc_column][vc_column_text] Privacybeleid [\/vc_column_text][\/vc_column][\/vc_row]<\/p>\n","protected":false},"author":1,"featured_media":0,"parent":0,"menu_order":900,"comment_status":"closed","ping_status":"closed","template":"","meta":{"footnotes":""},"class_list":["post-24616","page","type-page","status-publish","hentry"],"yoast_head":"<!-- This site is optimized with the Yoast SEO plugin v27.0 - https:\/\/yoast.com\/product\/yoast-seo-wordpress\/ -->\n<title>WILMS Transport GmbH - Privacybeleid - diepvrieslogistiek, diepvries, koel, geconditioneerd, multitemperatuur, multi-temperatuur, geconditioneerd transport, geconditioneerd vervoer, diepvrieslogistiek, koellogistiek, koel- en vrieslogistiek, transportbedrijf, vervoersbedrijf, expediteur, logistiek dienstverlener, distributie, levensmiddelen, stukgoed, bezorging, vers, gekoeld, diepvriesproducten, koelproducten, HACCP, milieuvriendelijk transportbedrijf, Berlijn. Duitsland, Nederland, Belgi\u00eb, Wilms Transport GmbH<\/title>\n<meta name=\"robots\" content=\"index, follow, max-snippet:-1, max-image-preview:large, max-video-preview:-1\" \/>\n<link rel=\"canonical\" href=\"https:\/\/www.wilms-transport.de\/nl\/privacybeleid\/\" \/>\n<meta property=\"og:locale\" content=\"nl_NL\" \/>\n<meta property=\"og:type\" content=\"article\" \/>\n<meta property=\"og:title\" content=\"WILMS Transport GmbH - Privacybeleid - diepvrieslogistiek, diepvries, koel, geconditioneerd, multitemperatuur, multi-temperatuur, geconditioneerd transport, geconditioneerd vervoer, diepvrieslogistiek, koellogistiek, koel- en vrieslogistiek, transportbedrijf, vervoersbedrijf, expediteur, logistiek dienstverlener, distributie, levensmiddelen, stukgoed, bezorging, vers, gekoeld, diepvriesproducten, koelproducten, HACCP, milieuvriendelijk transportbedrijf, Berlijn. Duitsland, Nederland, Belgi\u00eb, Wilms Transport GmbH\" \/>\n<meta property=\"og:description\" content=\"[vc_row row_type=&#8221;row&#8221; use_row_as_full_screen_section=&#8221;no&#8221; type=&#8221;full_width&#8221; text_align=&#8221;left&#8221; background_animation=&#8221;none&#8221; padding_bottom=&#8221;45&#8243; css_animation=&#8221;&#8221; css=&#8221;.vc_custom_1576592028847{padding-top: 10px !important;}&#8221;][vc_column][vc_column_text] Privacybeleid [\/vc_column_text][\/vc_column][\/vc_row]\" \/>\n<meta property=\"og:url\" content=\"https:\/\/www.wilms-transport.de\/nl\/privacybeleid\/\" \/>\n<meta property=\"og:site_name\" content=\"WILMS Transport GmbH\" \/>\n<meta property=\"article:modified_time\" content=\"2020-07-27T13:56:16+00:00\" \/>\n<meta name=\"twitter:card\" content=\"summary_large_image\" \/>\n<script type=\"application\/ld+json\" class=\"yoast-schema-graph\">{\"@context\":\"https:\/\/schema.org\",\"@graph\":[{\"@type\":\"WebPage\",\"@id\":\"https:\/\/www.wilms-transport.de\/nl\/privacybeleid\/\",\"url\":\"https:\/\/www.wilms-transport.de\/nl\/privacybeleid\/\",\"name\":\"WILMS Transport GmbH - Privacybeleid - diepvrieslogistiek, diepvries, koel, geconditioneerd, multitemperatuur, multi-temperatuur, geconditioneerd transport, geconditioneerd vervoer, diepvrieslogistiek, koellogistiek, koel- en vrieslogistiek, transportbedrijf, vervoersbedrijf, expediteur, logistiek dienstverlener, distributie, levensmiddelen, stukgoed, bezorging, vers, gekoeld, diepvriesproducten, koelproducten, HACCP, milieuvriendelijk transportbedrijf, Berlijn. Duitsland, Nederland, Belgi\u00eb, Wilms Transport GmbH\",\"isPartOf\":{\"@id\":\"https:\/\/www.wilms-transport.de\/nl\/#website\"},\"datePublished\":\"2020-07-21T14:20:06+00:00\",\"dateModified\":\"2020-07-27T13:56:16+00:00\",\"breadcrumb\":{\"@id\":\"https:\/\/www.wilms-transport.de\/nl\/privacybeleid\/#breadcrumb\"},\"inLanguage\":\"nl-NL\",\"potentialAction\":[{\"@type\":\"ReadAction\",\"target\":[\"https:\/\/www.wilms-transport.de\/nl\/privacybeleid\/\"]}]},{\"@type\":\"BreadcrumbList\",\"@id\":\"https:\/\/www.wilms-transport.de\/nl\/privacybeleid\/#breadcrumb\",\"itemListElement\":[{\"@type\":\"ListItem\",\"position\":1,\"name\":\"Startseite\",\"item\":\"https:\/\/www.wilms-transport.de\/nl\/\"},{\"@type\":\"ListItem\",\"position\":2,\"name\":\"Privacybeleid\"}]},{\"@type\":\"WebSite\",\"@id\":\"https:\/\/www.wilms-transport.de\/nl\/#website\",\"url\":\"https:\/\/www.wilms-transport.de\/nl\/\",\"name\":\"WILMS Transport GmbH\",\"description\":\"Die WILMS Transport GmbH und die WILMS Tiefk\u00fchl-Service GmbH sind Mitglieder der WILMS Gruppe und spezialisiert auf die Bereiche Handel, Dienstleistung und Transport, im Besonderen auf Gro\u00dfhandel f\u00fcr Lebensmittel, Handelsmarken, Eigenmarken, Kontraktgesch\u00e4fte, Aktionen und Saison, TK-Gefl\u00fcgel, TK-Gem\u00fcse, Lagerlogistik, Supply Chain Management, Brokerlogistik, Lagerbewirtschaftung und Outsourcing, City-Logistik, Werksentsorgung, Tiefk\u00fchllogistik, K\u00fchllogistik, Tiefk\u00fchl, Tiefk\u00fchlware, K\u00fchlware, Multi-Temperatur, temperaturgef\u00fchrten Transport und Lebensmittel, die k\u00fchl, frisch oder gek\u00fchlt ankommen sollen, mit Sitz in Ludwigsfelde\/Berlin\/ Deutschland\/ Belgien\/ Niederlande\/ Benelux, die Unternehmensgruppe WILMS bietet dem Logistiker, der Spedition und dem Spediteur zahlreiche Dienstleistungen im Bereich der TK-Logistik, der Verteilung von St\u00fcckgut, Sammelgut und Teilpartien, HACCP und der Distribution und legt besonderen Wert auf \u00d6ko-Transport.\",\"potentialAction\":[{\"@type\":\"SearchAction\",\"target\":{\"@type\":\"EntryPoint\",\"urlTemplate\":\"https:\/\/www.wilms-transport.de\/nl\/?s={search_term_string}\"},\"query-input\":{\"@type\":\"PropertyValueSpecification\",\"valueRequired\":true,\"valueName\":\"search_term_string\"}}],\"inLanguage\":\"nl-NL\"}]}<\/script>\n<!-- \/ Yoast SEO plugin. -->","yoast_head_json":{"title":"WILMS Transport GmbH - Privacybeleid - diepvrieslogistiek, diepvries, koel, geconditioneerd, multitemperatuur, multi-temperatuur, geconditioneerd transport, geconditioneerd vervoer, diepvrieslogistiek, koellogistiek, koel- en vrieslogistiek, transportbedrijf, vervoersbedrijf, expediteur, logistiek dienstverlener, distributie, levensmiddelen, stukgoed, bezorging, vers, gekoeld, diepvriesproducten, koelproducten, HACCP, milieuvriendelijk transportbedrijf, Berlijn. Duitsland, Nederland, Belgi\u00eb, Wilms Transport GmbH","robots":{"index":"index","follow":"follow","max-snippet":"max-snippet:-1","max-image-preview":"max-image-preview:large","max-video-preview":"max-video-preview:-1"},"canonical":"https:\/\/www.wilms-transport.de\/nl\/privacybeleid\/","og_locale":"nl_NL","og_type":"article","og_title":"WILMS Transport GmbH - Privacybeleid - diepvrieslogistiek, diepvries, koel, geconditioneerd, multitemperatuur, multi-temperatuur, geconditioneerd transport, geconditioneerd vervoer, diepvrieslogistiek, koellogistiek, koel- en vrieslogistiek, transportbedrijf, vervoersbedrijf, expediteur, logistiek dienstverlener, distributie, levensmiddelen, stukgoed, bezorging, vers, gekoeld, diepvriesproducten, koelproducten, HACCP, milieuvriendelijk transportbedrijf, Berlijn. Duitsland, Nederland, Belgi\u00eb, Wilms Transport GmbH","og_description":"[vc_row row_type=&#8221;row&#8221; use_row_as_full_screen_section=&#8221;no&#8221; type=&#8221;full_width&#8221; text_align=&#8221;left&#8221; background_animation=&#8221;none&#8221; padding_bottom=&#8221;45&#8243; css_animation=&#8221;&#8221; css=&#8221;.vc_custom_1576592028847{padding-top: 10px !important;}&#8221;][vc_column][vc_column_text] Privacybeleid [\/vc_column_text][\/vc_column][\/vc_row]","og_url":"https:\/\/www.wilms-transport.de\/nl\/privacybeleid\/","og_site_name":"WILMS Transport GmbH","article_modified_time":"2020-07-27T13:56:16+00:00","twitter_card":"summary_large_image","schema":{"@context":"https:\/\/schema.org","@graph":[{"@type":"WebPage","@id":"https:\/\/www.wilms-transport.de\/nl\/privacybeleid\/","url":"https:\/\/www.wilms-transport.de\/nl\/privacybeleid\/","name":"WILMS Transport GmbH - Privacybeleid - diepvrieslogistiek, diepvries, koel, geconditioneerd, multitemperatuur, multi-temperatuur, geconditioneerd transport, geconditioneerd vervoer, diepvrieslogistiek, koellogistiek, koel- en vrieslogistiek, transportbedrijf, vervoersbedrijf, expediteur, logistiek dienstverlener, distributie, levensmiddelen, stukgoed, bezorging, vers, gekoeld, diepvriesproducten, koelproducten, HACCP, milieuvriendelijk transportbedrijf, Berlijn. Duitsland, Nederland, Belgi\u00eb, Wilms Transport GmbH","isPartOf":{"@id":"https:\/\/www.wilms-transport.de\/nl\/#website"},"datePublished":"2020-07-21T14:20:06+00:00","dateModified":"2020-07-27T13:56:16+00:00","breadcrumb":{"@id":"https:\/\/www.wilms-transport.de\/nl\/privacybeleid\/#breadcrumb"},"inLanguage":"nl-NL","potentialAction":[{"@type":"ReadAction","target":["https:\/\/www.wilms-transport.de\/nl\/privacybeleid\/"]}]},{"@type":"BreadcrumbList","@id":"https:\/\/www.wilms-transport.de\/nl\/privacybeleid\/#breadcrumb","itemListElement":[{"@type":"ListItem","position":1,"name":"Startseite","item":"https:\/\/www.wilms-transport.de\/nl\/"},{"@type":"ListItem","position":2,"name":"Privacybeleid"}]},{"@type":"WebSite","@id":"https:\/\/www.wilms-transport.de\/nl\/#website","url":"https:\/\/www.wilms-transport.de\/nl\/","name":"WILMS Transport GmbH","description":"Die WILMS Transport GmbH und die WILMS Tiefk\u00fchl-Service GmbH sind Mitglieder der WILMS Gruppe und spezialisiert auf die Bereiche Handel, Dienstleistung und Transport, im Besonderen auf Gro\u00dfhandel f\u00fcr Lebensmittel, Handelsmarken, Eigenmarken, Kontraktgesch\u00e4fte, Aktionen und Saison, TK-Gefl\u00fcgel, TK-Gem\u00fcse, Lagerlogistik, Supply Chain Management, Brokerlogistik, Lagerbewirtschaftung und Outsourcing, City-Logistik, Werksentsorgung, Tiefk\u00fchllogistik, K\u00fchllogistik, Tiefk\u00fchl, Tiefk\u00fchlware, K\u00fchlware, Multi-Temperatur, temperaturgef\u00fchrten Transport und Lebensmittel, die k\u00fchl, frisch oder gek\u00fchlt ankommen sollen, mit Sitz in Ludwigsfelde\/Berlin\/ Deutschland\/ Belgien\/ Niederlande\/ Benelux, die Unternehmensgruppe WILMS bietet dem Logistiker, der Spedition und dem Spediteur zahlreiche Dienstleistungen im Bereich der TK-Logistik, der Verteilung von St\u00fcckgut, Sammelgut und Teilpartien, HACCP und der Distribution und legt besonderen Wert auf \u00d6ko-Transport.","potentialAction":[{"@type":"SearchAction","target":{"@type":"EntryPoint","urlTemplate":"https:\/\/www.wilms-transport.de\/nl\/?s={search_term_string}"},"query-input":{"@type":"PropertyValueSpecification","valueRequired":true,"valueName":"search_term_string"}}],"inLanguage":"nl-NL"}]}},"_links":{"self":[{"href":"https:\/\/www.wilms-transport.de\/nl\/wp-json\/wp\/v2\/pages\/24616","targetHints":{"allow":["GET"]}}],"collection":[{"href":"https:\/\/www.wilms-transport.de\/nl\/wp-json\/wp\/v2\/pages"}],"about":[{"href":"https:\/\/www.wilms-transport.de\/nl\/wp-json\/wp\/v2\/types\/page"}],"author":[{"embeddable":true,"href":"https:\/\/www.wilms-transport.de\/nl\/wp-json\/wp\/v2\/users\/1"}],"replies":[{"embeddable":true,"href":"https:\/\/www.wilms-transport.de\/nl\/wp-json\/wp\/v2\/comments?post=24616"}],"version-history":[{"count":0,"href":"https:\/\/www.wilms-transport.de\/nl\/wp-json\/wp\/v2\/pages\/24616\/revisions"}],"wp:attachment":[{"href":"https:\/\/www.wilms-transport.de\/nl\/wp-json\/wp\/v2\/media?parent=24616"}],"curies":[{"name":"wp","href":"https:\/\/api.w.org\/{rel}","templated":true}]}}