{"id":24610,"date":"2020-07-21T16:17:27","date_gmt":"2020-07-21T14:17:27","guid":{"rendered":"http:\/\/wordpress.wilms-transport.de\/algemene-voorwaarden\/"},"modified":"2020-07-27T15:56:05","modified_gmt":"2020-07-27T13:56:05","slug":"algemene-voorwaarden","status":"publish","type":"page","link":"https:\/\/www.wilms-transport.de\/nl\/algemene-voorwaarden\/","title":{"rendered":"Algemene Voorwaarden"},"content":{"rendered":"<div class=\"wpb-content-wrapper\"><p>[vc_row row_type=&#8221;row&#8221; use_row_as_full_screen_section=&#8221;no&#8221; type=&#8221;full_width&#8221; text_align=&#8221;left&#8221; background_animation=&#8221;none&#8221; padding_bottom=&#8221;45&#8243; css_animation=&#8221;&#8221; css=&#8221;.vc_custom_1576592024870{padding-top: 10px !important;}&#8221;][vc_column][vc_column_text]<\/p>\n<h1>Algemene Voorwaarden<\/h1>\n<p>Hieronder volgen onze algemene voorwaarden. Ondanks de grootst mogelijke zorgvuldigheid en het in vergelijking met de branche uiterst lage percentage schadegevallen, kan er toch schade optreden. Ook in een dergelijk geval dienen wij u graag van advies. Relevante basisinformatie vindt u hier. Mocht u verdere vragen hebben, dan kunt u natuurlijk altijd contact met ons opnemen.<\/p>\n<p><strong>ADSp<\/strong><br \/>\nWij werken op basis van de ADSp (Allgemeine Deutsche Spediteurbedingungen, algemene  voorwaarden voor expediteurs) in de laatste versie.<\/p>\n<p>Wij vragen vriendelijk uw aandacht voor de beperkingen inzake aansprakelijkheid volgens cijfer 23.<\/p>\n<ul>\n<li><a href=\"https:\/\/www.wilms-transport.de\/wp-content\/uploads\/2020\/05\/ADSp_2016_de_17Dez15.pdf\">Download ADSp<\/a><\/li>\n<\/ul>\n<p><strong>Transportverzekering<\/strong><br \/>\nMocht u aanvullend op de bepalingen van de ADSp een dekking via een transportverzekering overwegen, dan kunnen wij u deze via onze ondernemingsgroep aanbieden. Deze dekking wordt door ons verzorgd bij een gerenommeerde transportverzekeringsmaatschappij. Als vuistregel geldt dat een transportverzekering vanaf een goederenwaarde van ca. 5,00 euro per kilogram brutogewicht europallet in aanmerking genomen kan worden.<\/p>\n<p><strong>CMR<\/strong><br \/>\nOp internationale transporten is de CMR, de internationale conventie bij grensoverschrijdend wegvervoer, van toepassing. De afkorting CMR staat voor Convention relative au contrat de transport international de marchandises par route. De CMR is van toepassing op alle vervoer over de weg van of naar een bij de conventie aangesloten land. Wij informeren u uiteraard graag over verdere bepalingen die in geval van opdracht van toepassing zijn.<\/p>\n<ul>\n<li><a href=\"https:\/\/www.wilms-transport.de\/wp-content\/uploads\/2020\/05\/CMR_deutsch.pdf\">Download CMR<\/a><\/li>\n<\/ul>\n<p><strong>ABK<\/strong><br \/>\nVoor orders i.v.m. opslag, bijv. via onze zusteronderneming WILMS Tiefk\u00fchl-Service GmbH, zijn de Allgemeine Bedingungen f\u00fcr die Kaltlagerung (algemene voorwaarden voor koelopslag) van toepassing.<\/p>\n<ul>\n<li><a href=\"https:\/\/www.wilms-transport.de\/wp-content\/uploads\/2020\/05\/ABK_2015_deutsch.pdf\">Download ABK<\/a><\/li>\n<\/ul>\n<p>[\/vc_column_text][\/vc_column][\/vc_row]<\/p>\n<\/div>","protected":false},"excerpt":{"rendered":"<p>[vc_row row_type=&#8221;row&#8221; use_row_as_full_screen_section=&#8221;no&#8221; type=&#8221;full_width&#8221; text_align=&#8221;left&#8221; background_animation=&#8221;none&#8221; padding_bottom=&#8221;45&#8243; css_animation=&#8221;&#8221; css=&#8221;.vc_custom_1576592024870{padding-top: 10px !important;}&#8221;][vc_column][vc_column_text] Algemene Voorwaarden Hieronder volgen onze algemene voorwaarden. Ondanks de grootst mogelijke zorgvuldigheid en het in vergelijking met de branche uiterst lage percentage schadegevallen, kan er toch schade optreden. Ook in een dergelijk geval dienen&#8230;<\/p>\n","protected":false},"author":1,"featured_media":0,"parent":0,"menu_order":700,"comment_status":"closed","ping_status":"closed","template":"","meta":{"footnotes":""},"class_list":["post-24610","page","type-page","status-publish","hentry"],"yoast_head":"<!-- This site is optimized with the Yoast SEO plugin v27.0 - https:\/\/yoast.com\/product\/yoast-seo-wordpress\/ -->\n<title>WILMS Transport GmbH - Algemene Voorwaarden - diepvrieslogistiek, diepvries, koel, geconditioneerd, multitemperatuur, multi-temperatuur, geconditioneerd transport, geconditioneerd vervoer, diepvrieslogistiek, koellogistiek, koel- en vrieslogistiek, transportbedrijf, vervoersbedrijf, expediteur, logistiek dienstverlener, distributie, levensmiddelen, stukgoed, bezorging, vers, gekoeld, diepvriesproducten, koelproducten, HACCP, milieuvriendelijk transportbedrijf, Berlijn. Duitsland, Nederland, Belgi\u00eb, Wilms Transport GmbH<\/title>\n<meta name=\"robots\" content=\"index, follow, max-snippet:-1, max-image-preview:large, max-video-preview:-1\" \/>\n<link rel=\"canonical\" href=\"https:\/\/www.wilms-transport.de\/nl\/algemene-voorwaarden\/\" \/>\n<meta property=\"og:locale\" content=\"nl_NL\" \/>\n<meta property=\"og:type\" content=\"article\" \/>\n<meta property=\"og:title\" content=\"WILMS Transport GmbH - Algemene Voorwaarden - diepvrieslogistiek, diepvries, koel, geconditioneerd, multitemperatuur, multi-temperatuur, geconditioneerd transport, geconditioneerd vervoer, diepvrieslogistiek, koellogistiek, koel- en vrieslogistiek, transportbedrijf, vervoersbedrijf, expediteur, logistiek dienstverlener, distributie, levensmiddelen, stukgoed, bezorging, vers, gekoeld, diepvriesproducten, koelproducten, HACCP, milieuvriendelijk transportbedrijf, Berlijn. Duitsland, Nederland, Belgi\u00eb, Wilms Transport GmbH\" \/>\n<meta property=\"og:description\" content=\"[vc_row row_type=&#8221;row&#8221; use_row_as_full_screen_section=&#8221;no&#8221; type=&#8221;full_width&#8221; text_align=&#8221;left&#8221; background_animation=&#8221;none&#8221; padding_bottom=&#8221;45&#8243; css_animation=&#8221;&#8221; css=&#8221;.vc_custom_1576592024870{padding-top: 10px !important;}&#8221;][vc_column][vc_column_text] Algemene Voorwaarden Hieronder volgen onze algemene voorwaarden. Ondanks de grootst mogelijke zorgvuldigheid en het in vergelijking met de branche uiterst lage percentage schadegevallen, kan er toch schade optreden. Ook in een dergelijk geval dienen...\" \/>\n<meta property=\"og:url\" content=\"https:\/\/www.wilms-transport.de\/nl\/algemene-voorwaarden\/\" \/>\n<meta property=\"og:site_name\" content=\"WILMS Transport GmbH\" \/>\n<meta property=\"article:modified_time\" content=\"2020-07-27T13:56:05+00:00\" \/>\n<meta name=\"twitter:card\" content=\"summary_large_image\" \/>\n<meta name=\"twitter:label1\" content=\"Geschatte leestijd\" \/>\n\t<meta name=\"twitter:data1\" content=\"1 minuut\" \/>\n<script type=\"application\/ld+json\" class=\"yoast-schema-graph\">{\"@context\":\"https:\/\/schema.org\",\"@graph\":[{\"@type\":\"WebPage\",\"@id\":\"https:\/\/www.wilms-transport.de\/nl\/algemene-voorwaarden\/\",\"url\":\"https:\/\/www.wilms-transport.de\/nl\/algemene-voorwaarden\/\",\"name\":\"WILMS Transport GmbH - Algemene Voorwaarden - diepvrieslogistiek, diepvries, koel, geconditioneerd, multitemperatuur, multi-temperatuur, geconditioneerd transport, geconditioneerd vervoer, diepvrieslogistiek, koellogistiek, koel- en vrieslogistiek, transportbedrijf, vervoersbedrijf, expediteur, logistiek dienstverlener, distributie, levensmiddelen, stukgoed, bezorging, vers, gekoeld, diepvriesproducten, koelproducten, HACCP, milieuvriendelijk transportbedrijf, Berlijn. Duitsland, Nederland, Belgi\u00eb, Wilms Transport GmbH\",\"isPartOf\":{\"@id\":\"https:\/\/www.wilms-transport.de\/nl\/#website\"},\"datePublished\":\"2020-07-21T14:17:27+00:00\",\"dateModified\":\"2020-07-27T13:56:05+00:00\",\"breadcrumb\":{\"@id\":\"https:\/\/www.wilms-transport.de\/nl\/algemene-voorwaarden\/#breadcrumb\"},\"inLanguage\":\"nl-NL\",\"potentialAction\":[{\"@type\":\"ReadAction\",\"target\":[\"https:\/\/www.wilms-transport.de\/nl\/algemene-voorwaarden\/\"]}]},{\"@type\":\"BreadcrumbList\",\"@id\":\"https:\/\/www.wilms-transport.de\/nl\/algemene-voorwaarden\/#breadcrumb\",\"itemListElement\":[{\"@type\":\"ListItem\",\"position\":1,\"name\":\"Startseite\",\"item\":\"https:\/\/www.wilms-transport.de\/nl\/\"},{\"@type\":\"ListItem\",\"position\":2,\"name\":\"Algemene Voorwaarden\"}]},{\"@type\":\"WebSite\",\"@id\":\"https:\/\/www.wilms-transport.de\/nl\/#website\",\"url\":\"https:\/\/www.wilms-transport.de\/nl\/\",\"name\":\"WILMS Transport GmbH\",\"description\":\"Die WILMS Transport GmbH und die WILMS Tiefk\u00fchl-Service GmbH sind Mitglieder der WILMS Gruppe und spezialisiert auf die Bereiche Handel, Dienstleistung und Transport, im Besonderen auf Gro\u00dfhandel f\u00fcr Lebensmittel, Handelsmarken, Eigenmarken, Kontraktgesch\u00e4fte, Aktionen und Saison, TK-Gefl\u00fcgel, TK-Gem\u00fcse, Lagerlogistik, Supply Chain Management, Brokerlogistik, Lagerbewirtschaftung und Outsourcing, City-Logistik, Werksentsorgung, Tiefk\u00fchllogistik, K\u00fchllogistik, Tiefk\u00fchl, Tiefk\u00fchlware, K\u00fchlware, Multi-Temperatur, temperaturgef\u00fchrten Transport und Lebensmittel, die k\u00fchl, frisch oder gek\u00fchlt ankommen sollen, mit Sitz in Ludwigsfelde\/Berlin\/ Deutschland\/ Belgien\/ Niederlande\/ Benelux, die Unternehmensgruppe WILMS bietet dem Logistiker, der Spedition und dem Spediteur zahlreiche Dienstleistungen im Bereich der TK-Logistik, der Verteilung von St\u00fcckgut, Sammelgut und Teilpartien, HACCP und der Distribution und legt besonderen Wert auf \u00d6ko-Transport.\",\"potentialAction\":[{\"@type\":\"SearchAction\",\"target\":{\"@type\":\"EntryPoint\",\"urlTemplate\":\"https:\/\/www.wilms-transport.de\/nl\/?s={search_term_string}\"},\"query-input\":{\"@type\":\"PropertyValueSpecification\",\"valueRequired\":true,\"valueName\":\"search_term_string\"}}],\"inLanguage\":\"nl-NL\"}]}<\/script>\n<!-- \/ Yoast SEO plugin. -->","yoast_head_json":{"title":"WILMS Transport GmbH - Algemene Voorwaarden - diepvrieslogistiek, diepvries, koel, geconditioneerd, multitemperatuur, multi-temperatuur, geconditioneerd transport, geconditioneerd vervoer, diepvrieslogistiek, koellogistiek, koel- en vrieslogistiek, transportbedrijf, vervoersbedrijf, expediteur, logistiek dienstverlener, distributie, levensmiddelen, stukgoed, bezorging, vers, gekoeld, diepvriesproducten, koelproducten, HACCP, milieuvriendelijk transportbedrijf, Berlijn. Duitsland, Nederland, Belgi\u00eb, Wilms Transport GmbH","robots":{"index":"index","follow":"follow","max-snippet":"max-snippet:-1","max-image-preview":"max-image-preview:large","max-video-preview":"max-video-preview:-1"},"canonical":"https:\/\/www.wilms-transport.de\/nl\/algemene-voorwaarden\/","og_locale":"nl_NL","og_type":"article","og_title":"WILMS Transport GmbH - Algemene Voorwaarden - diepvrieslogistiek, diepvries, koel, geconditioneerd, multitemperatuur, multi-temperatuur, geconditioneerd transport, geconditioneerd vervoer, diepvrieslogistiek, koellogistiek, koel- en vrieslogistiek, transportbedrijf, vervoersbedrijf, expediteur, logistiek dienstverlener, distributie, levensmiddelen, stukgoed, bezorging, vers, gekoeld, diepvriesproducten, koelproducten, HACCP, milieuvriendelijk transportbedrijf, Berlijn. Duitsland, Nederland, Belgi\u00eb, Wilms Transport GmbH","og_description":"[vc_row row_type=&#8221;row&#8221; use_row_as_full_screen_section=&#8221;no&#8221; type=&#8221;full_width&#8221; text_align=&#8221;left&#8221; background_animation=&#8221;none&#8221; padding_bottom=&#8221;45&#8243; css_animation=&#8221;&#8221; css=&#8221;.vc_custom_1576592024870{padding-top: 10px !important;}&#8221;][vc_column][vc_column_text] Algemene Voorwaarden Hieronder volgen onze algemene voorwaarden. Ondanks de grootst mogelijke zorgvuldigheid en het in vergelijking met de branche uiterst lage percentage schadegevallen, kan er toch schade optreden. Ook in een dergelijk geval dienen...","og_url":"https:\/\/www.wilms-transport.de\/nl\/algemene-voorwaarden\/","og_site_name":"WILMS Transport GmbH","article_modified_time":"2020-07-27T13:56:05+00:00","twitter_card":"summary_large_image","twitter_misc":{"Geschatte leestijd":"1 minuut"},"schema":{"@context":"https:\/\/schema.org","@graph":[{"@type":"WebPage","@id":"https:\/\/www.wilms-transport.de\/nl\/algemene-voorwaarden\/","url":"https:\/\/www.wilms-transport.de\/nl\/algemene-voorwaarden\/","name":"WILMS Transport GmbH - Algemene Voorwaarden - diepvrieslogistiek, diepvries, koel, geconditioneerd, multitemperatuur, multi-temperatuur, geconditioneerd transport, geconditioneerd vervoer, diepvrieslogistiek, koellogistiek, koel- en vrieslogistiek, transportbedrijf, vervoersbedrijf, expediteur, logistiek dienstverlener, distributie, levensmiddelen, stukgoed, bezorging, vers, gekoeld, diepvriesproducten, koelproducten, HACCP, milieuvriendelijk transportbedrijf, Berlijn. Duitsland, Nederland, Belgi\u00eb, Wilms Transport GmbH","isPartOf":{"@id":"https:\/\/www.wilms-transport.de\/nl\/#website"},"datePublished":"2020-07-21T14:17:27+00:00","dateModified":"2020-07-27T13:56:05+00:00","breadcrumb":{"@id":"https:\/\/www.wilms-transport.de\/nl\/algemene-voorwaarden\/#breadcrumb"},"inLanguage":"nl-NL","potentialAction":[{"@type":"ReadAction","target":["https:\/\/www.wilms-transport.de\/nl\/algemene-voorwaarden\/"]}]},{"@type":"BreadcrumbList","@id":"https:\/\/www.wilms-transport.de\/nl\/algemene-voorwaarden\/#breadcrumb","itemListElement":[{"@type":"ListItem","position":1,"name":"Startseite","item":"https:\/\/www.wilms-transport.de\/nl\/"},{"@type":"ListItem","position":2,"name":"Algemene Voorwaarden"}]},{"@type":"WebSite","@id":"https:\/\/www.wilms-transport.de\/nl\/#website","url":"https:\/\/www.wilms-transport.de\/nl\/","name":"WILMS Transport GmbH","description":"Die WILMS Transport GmbH und die WILMS Tiefk\u00fchl-Service GmbH sind Mitglieder der WILMS Gruppe und spezialisiert auf die Bereiche Handel, Dienstleistung und Transport, im Besonderen auf Gro\u00dfhandel f\u00fcr Lebensmittel, Handelsmarken, Eigenmarken, Kontraktgesch\u00e4fte, Aktionen und Saison, TK-Gefl\u00fcgel, TK-Gem\u00fcse, Lagerlogistik, Supply Chain Management, Brokerlogistik, Lagerbewirtschaftung und Outsourcing, City-Logistik, Werksentsorgung, Tiefk\u00fchllogistik, K\u00fchllogistik, Tiefk\u00fchl, Tiefk\u00fchlware, K\u00fchlware, Multi-Temperatur, temperaturgef\u00fchrten Transport und Lebensmittel, die k\u00fchl, frisch oder gek\u00fchlt ankommen sollen, mit Sitz in Ludwigsfelde\/Berlin\/ Deutschland\/ Belgien\/ Niederlande\/ Benelux, die Unternehmensgruppe WILMS bietet dem Logistiker, der Spedition und dem Spediteur zahlreiche Dienstleistungen im Bereich der TK-Logistik, der Verteilung von St\u00fcckgut, Sammelgut und Teilpartien, HACCP und der Distribution und legt besonderen Wert auf \u00d6ko-Transport.","potentialAction":[{"@type":"SearchAction","target":{"@type":"EntryPoint","urlTemplate":"https:\/\/www.wilms-transport.de\/nl\/?s={search_term_string}"},"query-input":{"@type":"PropertyValueSpecification","valueRequired":true,"valueName":"search_term_string"}}],"inLanguage":"nl-NL"}]}},"_links":{"self":[{"href":"https:\/\/www.wilms-transport.de\/nl\/wp-json\/wp\/v2\/pages\/24610","targetHints":{"allow":["GET"]}}],"collection":[{"href":"https:\/\/www.wilms-transport.de\/nl\/wp-json\/wp\/v2\/pages"}],"about":[{"href":"https:\/\/www.wilms-transport.de\/nl\/wp-json\/wp\/v2\/types\/page"}],"author":[{"embeddable":true,"href":"https:\/\/www.wilms-transport.de\/nl\/wp-json\/wp\/v2\/users\/1"}],"replies":[{"embeddable":true,"href":"https:\/\/www.wilms-transport.de\/nl\/wp-json\/wp\/v2\/comments?post=24610"}],"version-history":[{"count":0,"href":"https:\/\/www.wilms-transport.de\/nl\/wp-json\/wp\/v2\/pages\/24610\/revisions"}],"wp:attachment":[{"href":"https:\/\/www.wilms-transport.de\/nl\/wp-json\/wp\/v2\/media?parent=24610"}],"curies":[{"name":"wp","href":"https:\/\/api.w.org\/{rel}","templated":true}]}}