{"id":24601,"date":"2020-07-21T16:14:04","date_gmt":"2020-07-21T14:14:04","guid":{"rendered":"http:\/\/wordpress.wilms-transport.de\/contact\/"},"modified":"2020-11-06T19:02:56","modified_gmt":"2020-11-06T18:02:56","slug":"contact","status":"publish","type":"page","link":"https:\/\/www.wilms-transport.de\/nl\/contact\/","title":{"rendered":"Contact"},"content":{"rendered":"<div class=\"wpb-content-wrapper\"><p>[vc_row row_type=&#8221;row&#8221; use_row_as_full_screen_section=&#8221;no&#8221; type=&#8221;full_width&#8221; text_align=&#8221;left&#8221; background_animation=&#8221;none&#8221; padding_bottom=&#8221;45&#8243; css_animation=&#8221;&#8221; css=&#8221;.vc_custom_1576592004552{padding-top: 10px !important;}&#8221;][vc_column][vc_column_text css=&#8221;.vc_custom_1604685021088{padding-bottom: 60px !important;}&#8221;]<\/p>\n<h1>Contact<\/h1>\n<p><strong>Statutaire Zetel<\/strong><br \/>\nWILMS Transport GmbH<br \/>\nGottlieb-Daimler-Str. 6-8<br \/>\nD-14974 Ludwigsfelde<br \/>\nDuitsland<\/p>\n<p>T +49 (0)2163 8987-62<br \/>\nF +49 (0)2163 8987-64<br \/>\n<a>info@wilms-transport.de<\/a><\/p>\n<p><strong>Postadres<\/strong><br \/>\nWILMS Transport GmbH<br \/>\nSohlweg 2<br \/>\nD-41372 Niederkr\u00fcchten<br \/>\nDuitsland<\/p>\n<p><strong>Fax Zentrale\u00a0<\/strong><strong>Auftragsannahme:<\/strong><\/p>\n<p>+49 (0)2163 8987-87-22<\/p>\n<p><strong>Vestiging Ludwigsfelde:<\/strong><br \/>\nWILMS Transport GmbH<br \/>\nGottlieb-Daimler-Str. 6-8<br \/>\nD-14974 Ludwigsfelde<br \/>\nDuitsland<\/p>\n<p>T +49 (0)2163 8987-63<\/p>\n<p><strong>Vestiging Niederkr\u00fcchten:<\/strong><br \/>\nWILMS Transport GmbH<br \/>\nSohlweg 2<br \/>\nD-41372 Niederkr\u00fcchten<br \/>\nDuitsland<\/p>\n<p>T +49 (0)2163 8987-30<\/p>\n<p>WILMS Transport GmbH is lid van de ondernemingsgroep<\/p>\n<p><a style=\"font-size: 40px;\" href=\"https:\/\/www.wilms-gruppe.de\/\"><img loading=\"lazy\" decoding=\"async\" class=\"alignnone wp-image-22255 size-medium\" src=\"https:\/\/www.wilms-transport.de\/wp-content\/uploads\/2019\/06\/wilms_holding_rgb_120110-300x34.jpg\" alt=\"WILMS Groep\" width=\"300\" height=\"34\" srcset=\"https:\/\/www.wilms-transport.de\/wp-content\/uploads\/2019\/06\/wilms_holding_rgb_120110-300x34.jpg 300w, https:\/\/www.wilms-transport.de\/wp-content\/uploads\/2019\/06\/wilms_holding_rgb_120110-768x87.jpg 768w, https:\/\/www.wilms-transport.de\/wp-content\/uploads\/2019\/06\/wilms_holding_rgb_120110-1024x116.jpg 1024w, https:\/\/www.wilms-transport.de\/wp-content\/uploads\/2019\/06\/wilms_holding_rgb_120110-550x62.jpg 550w, https:\/\/www.wilms-transport.de\/wp-content\/uploads\/2019\/06\/wilms_holding_rgb_120110-700x79.jpg 700w, https:\/\/www.wilms-transport.de\/wp-content\/uploads\/2019\/06\/wilms_holding_rgb_120110-1100x125.jpg 1100w\" sizes=\"auto, (max-width: 300px) 100vw, 300px\" \/><\/a>[\/vc_column_text][vc_column_text]<\/p>\n<h2>Contact Formulier<\/h2>\n<div class=\"wpcf7 no-js\" id=\"wpcf7-f24628-o1\" lang=\"de-DE\" dir=\"ltr\" data-wpcf7-id=\"24628\">\n<div class=\"screen-reader-response\"><p role=\"status\" aria-live=\"polite\" aria-atomic=\"true\"><\/p> <ul><\/ul><\/div>\n<form action=\"\/nl\/wp-json\/wp\/v2\/pages\/24601#wpcf7-f24628-o1\" method=\"post\" class=\"wpcf7-form init wpcf7-acceptance-as-validation\" aria-label=\"Kontaktformular\" novalidate=\"novalidate\" data-status=\"init\">\n<fieldset class=\"hidden-fields-container\"><input type=\"hidden\" name=\"_wpcf7\" value=\"24628\" \/><input type=\"hidden\" name=\"_wpcf7_version\" value=\"6.1.5\" \/><input type=\"hidden\" name=\"_wpcf7_locale\" value=\"de_DE\" \/><input type=\"hidden\" name=\"_wpcf7_unit_tag\" value=\"wpcf7-f24628-o1\" \/><input type=\"hidden\" name=\"_wpcf7_container_post\" value=\"0\" \/><input type=\"hidden\" name=\"_wpcf7_posted_data_hash\" value=\"\" \/>\n<\/fieldset>\n<p><label> Bedrijf<br \/>\n<span class=\"wpcf7-form-control-wrap\" data-name=\"firma\"><input size=\"40\" maxlength=\"400\" class=\"wpcf7-form-control wpcf7-text\" aria-invalid=\"false\" value=\"\" type=\"text\" name=\"firma\" \/><\/span> <\/label>\n<\/p>\n<p><label> Begroeting<br \/>\n<span class=\"wpcf7-form-control-wrap\" data-name=\"Anrede\"><select class=\"wpcf7-form-control wpcf7-select\" aria-invalid=\"false\" name=\"Anrede\"><option value=\"Mr.\">Mr.<\/option><option value=\"Mrs.\">Mrs.<\/option><\/select><\/span> <\/label>\n<\/p>\n<p><label> Titel<br \/>\n<span class=\"wpcf7-form-control-wrap\" data-name=\"titel\"><input size=\"40\" maxlength=\"400\" class=\"wpcf7-form-control wpcf7-text\" aria-invalid=\"false\" value=\"\" type=\"text\" name=\"titel\" \/><\/span> <\/label>\n<\/p>\n<p><label> Name*<br \/>\n<span class=\"wpcf7-form-control-wrap\" data-name=\"your-name\"><input size=\"40\" maxlength=\"400\" class=\"wpcf7-form-control wpcf7-text wpcf7-validates-as-required\" aria-required=\"true\" aria-invalid=\"false\" value=\"\" type=\"text\" name=\"your-name\" \/><\/span> <\/label>\n<\/p>\n<p><label> Straat<br \/>\n<span class=\"wpcf7-form-control-wrap\" data-name=\"strasse-hausnummer\"><input size=\"40\" maxlength=\"400\" class=\"wpcf7-form-control wpcf7-text\" aria-invalid=\"false\" value=\"\" type=\"text\" name=\"strasse-hausnummer\" \/><\/span> <\/label>\n<\/p>\n<p><label> Postcode stad<br \/>\n<span class=\"wpcf7-form-control-wrap\" data-name=\"plz-ort\"><input size=\"40\" maxlength=\"400\" class=\"wpcf7-form-control wpcf7-text\" aria-invalid=\"false\" value=\"\" type=\"text\" name=\"plz-ort\" \/><\/span> <\/label>\n<\/p>\n<p><label> Land<br \/>\n<span class=\"wpcf7-form-control-wrap\" data-name=\"land\"><input size=\"40\" maxlength=\"400\" class=\"wpcf7-form-control wpcf7-text\" aria-invalid=\"false\" value=\"\" type=\"text\" name=\"land\" \/><\/span> <\/label>\n<\/p>\n<p><label> E-mailadres*<br \/>\n<span class=\"wpcf7-form-control-wrap\" data-name=\"your-email\"><input size=\"40\" maxlength=\"400\" class=\"wpcf7-form-control wpcf7-email wpcf7-validates-as-required wpcf7-text wpcf7-validates-as-email\" aria-required=\"true\" aria-invalid=\"false\" value=\"\" type=\"email\" name=\"your-email\" \/><\/span> <\/label>\n<\/p>\n<p><label> Telefoon<br \/>\n<span class=\"wpcf7-form-control-wrap\" data-name=\"telefon\"><input size=\"40\" maxlength=\"400\" class=\"wpcf7-form-control wpcf7-text\" aria-invalid=\"false\" value=\"\" type=\"text\" name=\"telefon\" \/><\/span> <\/label>\n<\/p>\n<p><label> Fax<br \/>\n<span class=\"wpcf7-form-control-wrap\" data-name=\"fax\"><input size=\"40\" maxlength=\"400\" class=\"wpcf7-form-control wpcf7-text\" aria-invalid=\"false\" value=\"\" type=\"text\" name=\"fax\" \/><\/span> <\/label>\n<\/p>\n<p><label> Uw verzoek of opmerking*<br \/>\n<span class=\"wpcf7-form-control-wrap\" data-name=\"your-message\"><textarea cols=\"40\" rows=\"10\" maxlength=\"2000\" class=\"wpcf7-form-control wpcf7-textarea wpcf7-validates-as-required\" aria-required=\"true\" aria-invalid=\"false\" name=\"your-message\"><\/textarea><\/span> <\/label>\n<\/p>\n<p><span class=\"wpcf7-form-control-wrap\" data-name=\"Datenschutz\"><span class=\"wpcf7-form-control wpcf7-acceptance\"><span class=\"wpcf7-list-item\"><label><input type=\"checkbox\" name=\"Datenschutz\" value=\"1\" aria-invalid=\"false\" \/><span class=\"wpcf7-list-item-label\">We hebben uw naam en e-mailadres nodig om op uw verzoek te reageren. Hoe nauwkeuriger uw verzoek, hoe effectiever we kunnen reageren. Privacybeleid: uw verzoek wordt versleuteld. U gaat ermee akkoord dat we de informatie mogen gebruiken om op uw verzoek te reageren. Meer informatie over gegevensbescherming en intrekkingsinformatie vindt u in ons privacybeleid (<a href=\"https:\/\/www.wilms-transport.de\/nl\/privacybeleid\/\" target=\"_blank\">https:\/\/www.wilms-transport.de\/nl\/privacybeleid\/<\/a>).<\/span><\/label><\/span><\/span><\/span>\n<\/p>\n<p><input class=\"wpcf7-form-control wpcf7-submit has-spinner\" type=\"submit\" value=\"Zenden\" \/>\n<\/p><div class=\"wpcf7-response-output\" aria-hidden=\"true\"><\/div>\n<\/form>\n<\/div>\n[\/vc_column_text][\/vc_column][\/vc_row]<\/p>\n<\/div>","protected":false},"excerpt":{"rendered":"<p>[vc_row row_type=&#8221;row&#8221; use_row_as_full_screen_section=&#8221;no&#8221; type=&#8221;full_width&#8221; text_align=&#8221;left&#8221; background_animation=&#8221;none&#8221; padding_bottom=&#8221;45&#8243; css_animation=&#8221;&#8221; css=&#8221;.vc_custom_1576592004552{padding-top: 10px !important;}&#8221;][vc_column][vc_column_text css=&#8221;.vc_custom_1604685021088{padding-bottom: 60px !important;}&#8221;] Contact Statutaire Zetel WILMS Transport GmbH Gottlieb-Daimler-Str. 6-8 D-14974 Ludwigsfelde Duitsland T +49 (0)2163 8987-62 F +49 (0)2163 8987-64 info@wilms-transport.de Postadres WILMS Transport GmbH Sohlweg 2 D-41372 Niederkr\u00fcchten Duitsland Fax Zentrale\u00a0Auftragsannahme:&#8230;<\/p>\n","protected":false},"author":1,"featured_media":0,"parent":0,"menu_order":500,"comment_status":"closed","ping_status":"closed","template":"","meta":{"footnotes":""},"class_list":["post-24601","page","type-page","status-publish","hentry"],"yoast_head":"<!-- This site is optimized with the Yoast SEO plugin v27.0 - https:\/\/yoast.com\/product\/yoast-seo-wordpress\/ -->\n<title>WILMS Transport GmbH - Contact - diepvrieslogistiek, diepvries, koel, geconditioneerd, multitemperatuur, multi-temperatuur, geconditioneerd transport, geconditioneerd vervoer, diepvrieslogistiek, koellogistiek, koel- en vrieslogistiek, transportbedrijf, vervoersbedrijf, expediteur, logistiek dienstverlener, distributie, levensmiddelen, stukgoed, bezorging, vers, gekoeld, diepvriesproducten, koelproducten, HACCP, milieuvriendelijk transportbedrijf, Berlijn. Duitsland, Nederland, Belgi\u00eb, Wilms Transport GmbH<\/title>\n<meta name=\"robots\" content=\"index, follow, max-snippet:-1, max-image-preview:large, max-video-preview:-1\" \/>\n<link rel=\"canonical\" href=\"https:\/\/www.wilms-transport.de\/nl\/contact\/\" \/>\n<meta property=\"og:locale\" content=\"nl_NL\" \/>\n<meta property=\"og:type\" content=\"article\" \/>\n<meta property=\"og:title\" content=\"WILMS Transport GmbH - Contact - diepvrieslogistiek, diepvries, koel, geconditioneerd, multitemperatuur, multi-temperatuur, geconditioneerd transport, geconditioneerd vervoer, diepvrieslogistiek, koellogistiek, koel- en vrieslogistiek, transportbedrijf, vervoersbedrijf, expediteur, logistiek dienstverlener, distributie, levensmiddelen, stukgoed, bezorging, vers, gekoeld, diepvriesproducten, koelproducten, HACCP, milieuvriendelijk transportbedrijf, Berlijn. Duitsland, Nederland, Belgi\u00eb, Wilms Transport GmbH\" \/>\n<meta property=\"og:description\" content=\"[vc_row row_type=&#8221;row&#8221; use_row_as_full_screen_section=&#8221;no&#8221; type=&#8221;full_width&#8221; text_align=&#8221;left&#8221; background_animation=&#8221;none&#8221; padding_bottom=&#8221;45&#8243; css_animation=&#8221;&#8221; css=&#8221;.vc_custom_1576592004552{padding-top: 10px !important;}&#8221;][vc_column][vc_column_text css=&#8221;.vc_custom_1604685021088{padding-bottom: 60px !important;}&#8221;] Contact Statutaire Zetel WILMS Transport GmbH Gottlieb-Daimler-Str. 6-8 D-14974 Ludwigsfelde Duitsland T +49 (0)2163 8987-62 F +49 (0)2163 8987-64 info@wilms-transport.de Postadres WILMS Transport GmbH Sohlweg 2 D-41372 Niederkr\u00fcchten Duitsland Fax Zentrale\u00a0Auftragsannahme:...\" \/>\n<meta property=\"og:url\" content=\"https:\/\/www.wilms-transport.de\/nl\/contact\/\" \/>\n<meta property=\"og:site_name\" content=\"WILMS Transport GmbH\" \/>\n<meta property=\"article:modified_time\" content=\"2020-11-06T18:02:56+00:00\" \/>\n<meta property=\"og:image\" content=\"https:\/\/www.wilms-transport.de\/wp-content\/uploads\/2019\/06\/wilms_holding_rgb_120110-300x34.jpg\" \/>\n<meta name=\"twitter:card\" content=\"summary_large_image\" \/>\n<meta name=\"twitter:label1\" content=\"Geschatte leestijd\" \/>\n\t<meta name=\"twitter:data1\" content=\"1 minuut\" \/>\n<script type=\"application\/ld+json\" class=\"yoast-schema-graph\">{\"@context\":\"https:\/\/schema.org\",\"@graph\":[{\"@type\":\"WebPage\",\"@id\":\"https:\/\/www.wilms-transport.de\/nl\/contact\/\",\"url\":\"https:\/\/www.wilms-transport.de\/nl\/contact\/\",\"name\":\"WILMS Transport GmbH - Contact - diepvrieslogistiek, diepvries, koel, geconditioneerd, multitemperatuur, multi-temperatuur, geconditioneerd transport, geconditioneerd vervoer, diepvrieslogistiek, koellogistiek, koel- en vrieslogistiek, transportbedrijf, vervoersbedrijf, expediteur, logistiek dienstverlener, distributie, levensmiddelen, stukgoed, bezorging, vers, gekoeld, diepvriesproducten, koelproducten, HACCP, milieuvriendelijk transportbedrijf, Berlijn. Duitsland, Nederland, Belgi\u00eb, Wilms Transport GmbH\",\"isPartOf\":{\"@id\":\"https:\/\/www.wilms-transport.de\/nl\/#website\"},\"primaryImageOfPage\":{\"@id\":\"https:\/\/www.wilms-transport.de\/nl\/contact\/#primaryimage\"},\"image\":{\"@id\":\"https:\/\/www.wilms-transport.de\/nl\/contact\/#primaryimage\"},\"thumbnailUrl\":\"https:\/\/www.wilms-transport.de\/wp-content\/uploads\/2019\/06\/wilms_holding_rgb_120110-300x34.jpg\",\"datePublished\":\"2020-07-21T14:14:04+00:00\",\"dateModified\":\"2020-11-06T18:02:56+00:00\",\"breadcrumb\":{\"@id\":\"https:\/\/www.wilms-transport.de\/nl\/contact\/#breadcrumb\"},\"inLanguage\":\"nl-NL\",\"potentialAction\":[{\"@type\":\"ReadAction\",\"target\":[\"https:\/\/www.wilms-transport.de\/nl\/contact\/\"]}]},{\"@type\":\"ImageObject\",\"inLanguage\":\"nl-NL\",\"@id\":\"https:\/\/www.wilms-transport.de\/nl\/contact\/#primaryimage\",\"url\":\"https:\/\/www.wilms-transport.de\/wp-content\/uploads\/2019\/06\/wilms_holding_rgb_120110-300x34.jpg\",\"contentUrl\":\"https:\/\/www.wilms-transport.de\/wp-content\/uploads\/2019\/06\/wilms_holding_rgb_120110-300x34.jpg\"},{\"@type\":\"BreadcrumbList\",\"@id\":\"https:\/\/www.wilms-transport.de\/nl\/contact\/#breadcrumb\",\"itemListElement\":[{\"@type\":\"ListItem\",\"position\":1,\"name\":\"Startseite\",\"item\":\"https:\/\/www.wilms-transport.de\/nl\/\"},{\"@type\":\"ListItem\",\"position\":2,\"name\":\"Contact\"}]},{\"@type\":\"WebSite\",\"@id\":\"https:\/\/www.wilms-transport.de\/nl\/#website\",\"url\":\"https:\/\/www.wilms-transport.de\/nl\/\",\"name\":\"WILMS Transport GmbH\",\"description\":\"Die WILMS Transport GmbH und die WILMS Tiefk\u00fchl-Service GmbH sind Mitglieder der WILMS Gruppe und spezialisiert auf die Bereiche Handel, Dienstleistung und Transport, im Besonderen auf Gro\u00dfhandel f\u00fcr Lebensmittel, Handelsmarken, Eigenmarken, Kontraktgesch\u00e4fte, Aktionen und Saison, TK-Gefl\u00fcgel, TK-Gem\u00fcse, Lagerlogistik, Supply Chain Management, Brokerlogistik, Lagerbewirtschaftung und Outsourcing, City-Logistik, Werksentsorgung, Tiefk\u00fchllogistik, K\u00fchllogistik, Tiefk\u00fchl, Tiefk\u00fchlware, K\u00fchlware, Multi-Temperatur, temperaturgef\u00fchrten Transport und Lebensmittel, die k\u00fchl, frisch oder gek\u00fchlt ankommen sollen, mit Sitz in Ludwigsfelde\/Berlin\/ Deutschland\/ Belgien\/ Niederlande\/ Benelux, die Unternehmensgruppe WILMS bietet dem Logistiker, der Spedition und dem Spediteur zahlreiche Dienstleistungen im Bereich der TK-Logistik, der Verteilung von St\u00fcckgut, Sammelgut und Teilpartien, HACCP und der Distribution und legt besonderen Wert auf \u00d6ko-Transport.\",\"potentialAction\":[{\"@type\":\"SearchAction\",\"target\":{\"@type\":\"EntryPoint\",\"urlTemplate\":\"https:\/\/www.wilms-transport.de\/nl\/?s={search_term_string}\"},\"query-input\":{\"@type\":\"PropertyValueSpecification\",\"valueRequired\":true,\"valueName\":\"search_term_string\"}}],\"inLanguage\":\"nl-NL\"}]}<\/script>\n<!-- \/ Yoast SEO plugin. -->","yoast_head_json":{"title":"WILMS Transport GmbH - Contact - diepvrieslogistiek, diepvries, koel, geconditioneerd, multitemperatuur, multi-temperatuur, geconditioneerd transport, geconditioneerd vervoer, diepvrieslogistiek, koellogistiek, koel- en vrieslogistiek, transportbedrijf, vervoersbedrijf, expediteur, logistiek dienstverlener, distributie, levensmiddelen, stukgoed, bezorging, vers, gekoeld, diepvriesproducten, koelproducten, HACCP, milieuvriendelijk transportbedrijf, Berlijn. Duitsland, Nederland, Belgi\u00eb, Wilms Transport GmbH","robots":{"index":"index","follow":"follow","max-snippet":"max-snippet:-1","max-image-preview":"max-image-preview:large","max-video-preview":"max-video-preview:-1"},"canonical":"https:\/\/www.wilms-transport.de\/nl\/contact\/","og_locale":"nl_NL","og_type":"article","og_title":"WILMS Transport GmbH - Contact - diepvrieslogistiek, diepvries, koel, geconditioneerd, multitemperatuur, multi-temperatuur, geconditioneerd transport, geconditioneerd vervoer, diepvrieslogistiek, koellogistiek, koel- en vrieslogistiek, transportbedrijf, vervoersbedrijf, expediteur, logistiek dienstverlener, distributie, levensmiddelen, stukgoed, bezorging, vers, gekoeld, diepvriesproducten, koelproducten, HACCP, milieuvriendelijk transportbedrijf, Berlijn. Duitsland, Nederland, Belgi\u00eb, Wilms Transport GmbH","og_description":"[vc_row row_type=&#8221;row&#8221; use_row_as_full_screen_section=&#8221;no&#8221; type=&#8221;full_width&#8221; text_align=&#8221;left&#8221; background_animation=&#8221;none&#8221; padding_bottom=&#8221;45&#8243; css_animation=&#8221;&#8221; css=&#8221;.vc_custom_1576592004552{padding-top: 10px !important;}&#8221;][vc_column][vc_column_text css=&#8221;.vc_custom_1604685021088{padding-bottom: 60px !important;}&#8221;] Contact Statutaire Zetel WILMS Transport GmbH Gottlieb-Daimler-Str. 6-8 D-14974 Ludwigsfelde Duitsland T +49 (0)2163 8987-62 F +49 (0)2163 8987-64 info@wilms-transport.de Postadres WILMS Transport GmbH Sohlweg 2 D-41372 Niederkr\u00fcchten Duitsland Fax Zentrale\u00a0Auftragsannahme:...","og_url":"https:\/\/www.wilms-transport.de\/nl\/contact\/","og_site_name":"WILMS Transport GmbH","article_modified_time":"2020-11-06T18:02:56+00:00","og_image":[{"url":"https:\/\/www.wilms-transport.de\/wp-content\/uploads\/2019\/06\/wilms_holding_rgb_120110-300x34.jpg","type":"","width":"","height":""}],"twitter_card":"summary_large_image","twitter_misc":{"Geschatte leestijd":"1 minuut"},"schema":{"@context":"https:\/\/schema.org","@graph":[{"@type":"WebPage","@id":"https:\/\/www.wilms-transport.de\/nl\/contact\/","url":"https:\/\/www.wilms-transport.de\/nl\/contact\/","name":"WILMS Transport GmbH - Contact - diepvrieslogistiek, diepvries, koel, geconditioneerd, multitemperatuur, multi-temperatuur, geconditioneerd transport, geconditioneerd vervoer, diepvrieslogistiek, koellogistiek, koel- en vrieslogistiek, transportbedrijf, vervoersbedrijf, expediteur, logistiek dienstverlener, distributie, levensmiddelen, stukgoed, bezorging, vers, gekoeld, diepvriesproducten, koelproducten, HACCP, milieuvriendelijk transportbedrijf, Berlijn. Duitsland, Nederland, Belgi\u00eb, Wilms Transport GmbH","isPartOf":{"@id":"https:\/\/www.wilms-transport.de\/nl\/#website"},"primaryImageOfPage":{"@id":"https:\/\/www.wilms-transport.de\/nl\/contact\/#primaryimage"},"image":{"@id":"https:\/\/www.wilms-transport.de\/nl\/contact\/#primaryimage"},"thumbnailUrl":"https:\/\/www.wilms-transport.de\/wp-content\/uploads\/2019\/06\/wilms_holding_rgb_120110-300x34.jpg","datePublished":"2020-07-21T14:14:04+00:00","dateModified":"2020-11-06T18:02:56+00:00","breadcrumb":{"@id":"https:\/\/www.wilms-transport.de\/nl\/contact\/#breadcrumb"},"inLanguage":"nl-NL","potentialAction":[{"@type":"ReadAction","target":["https:\/\/www.wilms-transport.de\/nl\/contact\/"]}]},{"@type":"ImageObject","inLanguage":"nl-NL","@id":"https:\/\/www.wilms-transport.de\/nl\/contact\/#primaryimage","url":"https:\/\/www.wilms-transport.de\/wp-content\/uploads\/2019\/06\/wilms_holding_rgb_120110-300x34.jpg","contentUrl":"https:\/\/www.wilms-transport.de\/wp-content\/uploads\/2019\/06\/wilms_holding_rgb_120110-300x34.jpg"},{"@type":"BreadcrumbList","@id":"https:\/\/www.wilms-transport.de\/nl\/contact\/#breadcrumb","itemListElement":[{"@type":"ListItem","position":1,"name":"Startseite","item":"https:\/\/www.wilms-transport.de\/nl\/"},{"@type":"ListItem","position":2,"name":"Contact"}]},{"@type":"WebSite","@id":"https:\/\/www.wilms-transport.de\/nl\/#website","url":"https:\/\/www.wilms-transport.de\/nl\/","name":"WILMS Transport GmbH","description":"Die WILMS Transport GmbH und die WILMS Tiefk\u00fchl-Service GmbH sind Mitglieder der WILMS Gruppe und spezialisiert auf die Bereiche Handel, Dienstleistung und Transport, im Besonderen auf Gro\u00dfhandel f\u00fcr Lebensmittel, Handelsmarken, Eigenmarken, Kontraktgesch\u00e4fte, Aktionen und Saison, TK-Gefl\u00fcgel, TK-Gem\u00fcse, Lagerlogistik, Supply Chain Management, Brokerlogistik, Lagerbewirtschaftung und Outsourcing, City-Logistik, Werksentsorgung, Tiefk\u00fchllogistik, K\u00fchllogistik, Tiefk\u00fchl, Tiefk\u00fchlware, K\u00fchlware, Multi-Temperatur, temperaturgef\u00fchrten Transport und Lebensmittel, die k\u00fchl, frisch oder gek\u00fchlt ankommen sollen, mit Sitz in Ludwigsfelde\/Berlin\/ Deutschland\/ Belgien\/ Niederlande\/ Benelux, die Unternehmensgruppe WILMS bietet dem Logistiker, der Spedition und dem Spediteur zahlreiche Dienstleistungen im Bereich der TK-Logistik, der Verteilung von St\u00fcckgut, Sammelgut und Teilpartien, HACCP und der Distribution und legt besonderen Wert auf \u00d6ko-Transport.","potentialAction":[{"@type":"SearchAction","target":{"@type":"EntryPoint","urlTemplate":"https:\/\/www.wilms-transport.de\/nl\/?s={search_term_string}"},"query-input":{"@type":"PropertyValueSpecification","valueRequired":true,"valueName":"search_term_string"}}],"inLanguage":"nl-NL"}]}},"_links":{"self":[{"href":"https:\/\/www.wilms-transport.de\/nl\/wp-json\/wp\/v2\/pages\/24601","targetHints":{"allow":["GET"]}}],"collection":[{"href":"https:\/\/www.wilms-transport.de\/nl\/wp-json\/wp\/v2\/pages"}],"about":[{"href":"https:\/\/www.wilms-transport.de\/nl\/wp-json\/wp\/v2\/types\/page"}],"author":[{"embeddable":true,"href":"https:\/\/www.wilms-transport.de\/nl\/wp-json\/wp\/v2\/users\/1"}],"replies":[{"embeddable":true,"href":"https:\/\/www.wilms-transport.de\/nl\/wp-json\/wp\/v2\/comments?post=24601"}],"version-history":[{"count":0,"href":"https:\/\/www.wilms-transport.de\/nl\/wp-json\/wp\/v2\/pages\/24601\/revisions"}],"wp:attachment":[{"href":"https:\/\/www.wilms-transport.de\/nl\/wp-json\/wp\/v2\/media?parent=24601"}],"curies":[{"name":"wp","href":"https:\/\/api.w.org\/{rel}","templated":true}]}}