{"id":24598,"date":"2020-07-21T16:11:06","date_gmt":"2020-07-21T14:11:06","guid":{"rendered":"http:\/\/wordpress.wilms-transport.de\/andere-activiteiten\/kort-profiel-wilms-tiefkuhl-service\/"},"modified":"2020-07-27T15:55:49","modified_gmt":"2020-07-27T13:55:49","slug":"kort-profiel-wilms-tiefkuhl-service","status":"publish","type":"page","link":"https:\/\/www.wilms-transport.de\/nl\/andere-activiteiten\/kort-profiel-wilms-tiefkuhl-service\/","title":{"rendered":"Kort profiel WILMS Tiefk\u00fchl-Service"},"content":{"rendered":"<div class=\"wpb-content-wrapper\"><p>[vc_row row_type=&#8221;row&#8221; use_row_as_full_screen_section=&#8221;no&#8221; type=&#8221;full_width&#8221; text_align=&#8221;left&#8221; background_animation=&#8221;none&#8221; padding_bottom=&#8221;45&#8243; css_animation=&#8221;&#8221; css=&#8221;.vc_custom_1576591989451{padding-top: 10px !important;}&#8221;][vc_column][vc_column_text]<\/p>\n<h1>Kort profiel WILMS Tiefk\u00fchl-Service<\/h1>\n<p><a href=\"https:\/\/www.wilms-transport.de\/wp-content\/uploads\/2019\/07\/wilms_transport_slider_58772b6c8d7bbd0e815e98b98c027d45.jpg\"><img loading=\"lazy\" decoding=\"async\" class=\"wp-image-22383 size-medium alignright\" src=\"https:\/\/www.wilms-transport.de\/wp-content\/uploads\/2019\/07\/wilms_transport_slider_58772b6c8d7bbd0e815e98b98c027d45-300x125.jpg\" alt=\"\" width=\"300\" height=\"125\" srcset=\"https:\/\/www.wilms-transport.de\/wp-content\/uploads\/2019\/07\/wilms_transport_slider_58772b6c8d7bbd0e815e98b98c027d45-300x125.jpg 300w, https:\/\/www.wilms-transport.de\/wp-content\/uploads\/2019\/07\/wilms_transport_slider_58772b6c8d7bbd0e815e98b98c027d45-768x320.jpg 768w, https:\/\/www.wilms-transport.de\/wp-content\/uploads\/2019\/07\/wilms_transport_slider_58772b6c8d7bbd0e815e98b98c027d45-1024x427.jpg 1024w, https:\/\/www.wilms-transport.de\/wp-content\/uploads\/2019\/07\/wilms_transport_slider_58772b6c8d7bbd0e815e98b98c027d45-550x229.jpg 550w, https:\/\/www.wilms-transport.de\/wp-content\/uploads\/2019\/07\/wilms_transport_slider_58772b6c8d7bbd0e815e98b98c027d45-700x292.jpg 700w, https:\/\/www.wilms-transport.de\/wp-content\/uploads\/2019\/07\/wilms_transport_slider_58772b6c8d7bbd0e815e98b98c027d45-1100x458.jpg 1100w, https:\/\/www.wilms-transport.de\/wp-content\/uploads\/2019\/07\/wilms_transport_slider_58772b6c8d7bbd0e815e98b98c027d45.jpg 1440w\" sizes=\"auto, (max-width: 300px) 100vw, 300px\" \/><\/a>De ondernemingen <a href=\"https:\/\/www.wilms-tks.de\/\" target=\"_blank\" rel=\"noopener noreferrer\">WILMS Tiefk\u00fchl-Service GmbH<\/a> en WILMS Transport GmbH (WTR) maken deel uit van de WILMS Groep.<\/p>\n<p>WILMS Tiefk\u00fchl-Service GmbH is een door de eigenaar geleide groothandel en logistieke onderneming voor geconditioneerde levensmiddelen en goederen, gevestigd in Niederkr\u00fcchten, Duitsland.<\/p>\n<p>De onderneming bestaat al ruim 90 jaar en verzorgt voor klanten in Duitsland en Europa geconditoneerde logistieke dienstverlening voor vries-, koel\/vers en drooggoed producten. Met de voordelen van een flexibel MKB-bedrijf en een grote knowhow die gebaseerd is op een lange traditie en een niet aflatende belangstelling voor technologische innovaties, ontwikkelt de onderneming voor haar klanten pasklare oplossingen en concepten.<\/p>\n<p><a href=\"https:\/\/www.wilms-tks.de\/\"><img loading=\"lazy\" decoding=\"async\" class=\"alignnone wp-image-23169 size-full\" src=\"https:\/\/www.wilms-transport.de\/wp-content\/uploads\/2020\/05\/Download.png\" alt=\"WILMS Tiefk\u00fchl-Service GmbH (TKS)\" width=\"420\" height=\"107\" srcset=\"https:\/\/www.wilms-transport.de\/wp-content\/uploads\/2020\/05\/Download.png 420w, https:\/\/www.wilms-transport.de\/wp-content\/uploads\/2020\/05\/Download-300x76.png 300w\" sizes=\"auto, (max-width: 420px) 100vw, 420px\" \/><\/a>[\/vc_column_text][\/vc_column][\/vc_row]<\/p>\n<\/div>","protected":false},"excerpt":{"rendered":"<p>[vc_row row_type=&#8221;row&#8221; use_row_as_full_screen_section=&#8221;no&#8221; type=&#8221;full_width&#8221; text_align=&#8221;left&#8221; background_animation=&#8221;none&#8221; padding_bottom=&#8221;45&#8243; css_animation=&#8221;&#8221; css=&#8221;.vc_custom_1576591989451{padding-top: 10px !important;}&#8221;][vc_column][vc_column_text] Kort profiel WILMS Tiefk\u00fchl-Service De ondernemingen WILMS Tiefk\u00fchl-Service GmbH en WILMS Transport GmbH (WTR) maken deel uit van de WILMS Groep. WILMS Tiefk\u00fchl-Service GmbH is een door de eigenaar geleide groothandel en logistieke onderneming&#8230;<\/p>\n","protected":false},"author":1,"featured_media":0,"parent":24586,"menu_order":440,"comment_status":"closed","ping_status":"closed","template":"","meta":{"footnotes":""},"class_list":["post-24598","page","type-page","status-publish","hentry"],"yoast_head":"<!-- This site is optimized with the Yoast SEO plugin v27.0 - https:\/\/yoast.com\/product\/yoast-seo-wordpress\/ -->\n<title>WILMS Transport GmbH - Kort profiel WILMS Tiefk\u00fchl-Service - diepvrieslogistiek, diepvries, koel, geconditioneerd, multitemperatuur, multi-temperatuur, geconditioneerd transport, geconditioneerd vervoer, diepvrieslogistiek, koellogistiek, koel- en vrieslogistiek, transportbedrijf, vervoersbedrijf, expediteur, logistiek dienstverlener, distributie, levensmiddelen, stukgoed, bezorging, vers, gekoeld, diepvriesproducten, koelproducten, HACCP, milieuvriendelijk transportbedrijf, Berlijn. Duitsland, Nederland, Belgi\u00eb, Wilms Transport GmbH<\/title>\n<meta name=\"robots\" content=\"index, follow, max-snippet:-1, max-image-preview:large, max-video-preview:-1\" \/>\n<link rel=\"canonical\" href=\"https:\/\/www.wilms-transport.de\/nl\/andere-activiteiten\/kort-profiel-wilms-tiefkuhl-service\/\" \/>\n<meta property=\"og:locale\" content=\"nl_NL\" \/>\n<meta property=\"og:type\" content=\"article\" \/>\n<meta property=\"og:title\" content=\"WILMS Transport GmbH - Kort profiel WILMS Tiefk\u00fchl-Service - diepvrieslogistiek, diepvries, koel, geconditioneerd, multitemperatuur, multi-temperatuur, geconditioneerd transport, geconditioneerd vervoer, diepvrieslogistiek, koellogistiek, koel- en vrieslogistiek, transportbedrijf, vervoersbedrijf, expediteur, logistiek dienstverlener, distributie, levensmiddelen, stukgoed, bezorging, vers, gekoeld, diepvriesproducten, koelproducten, HACCP, milieuvriendelijk transportbedrijf, Berlijn. Duitsland, Nederland, Belgi\u00eb, Wilms Transport GmbH\" \/>\n<meta property=\"og:description\" content=\"[vc_row row_type=&#8221;row&#8221; use_row_as_full_screen_section=&#8221;no&#8221; type=&#8221;full_width&#8221; text_align=&#8221;left&#8221; background_animation=&#8221;none&#8221; padding_bottom=&#8221;45&#8243; css_animation=&#8221;&#8221; css=&#8221;.vc_custom_1576591989451{padding-top: 10px !important;}&#8221;][vc_column][vc_column_text] Kort profiel WILMS Tiefk\u00fchl-Service De ondernemingen WILMS Tiefk\u00fchl-Service GmbH en WILMS Transport GmbH (WTR) maken deel uit van de WILMS Groep. WILMS Tiefk\u00fchl-Service GmbH is een door de eigenaar geleide groothandel en logistieke onderneming...\" \/>\n<meta property=\"og:url\" content=\"https:\/\/www.wilms-transport.de\/nl\/andere-activiteiten\/kort-profiel-wilms-tiefkuhl-service\/\" \/>\n<meta property=\"og:site_name\" content=\"WILMS Transport GmbH\" \/>\n<meta property=\"article:modified_time\" content=\"2020-07-27T13:55:49+00:00\" \/>\n<meta property=\"og:image\" content=\"https:\/\/www.wilms-transport.de\/wp-content\/uploads\/2019\/07\/wilms_transport_slider_58772b6c8d7bbd0e815e98b98c027d45-300x125.jpg\" \/>\n<meta name=\"twitter:card\" content=\"summary_large_image\" \/>\n<meta name=\"twitter:label1\" content=\"Geschatte leestijd\" \/>\n\t<meta name=\"twitter:data1\" content=\"1 minuut\" \/>\n<script type=\"application\/ld+json\" class=\"yoast-schema-graph\">{\"@context\":\"https:\/\/schema.org\",\"@graph\":[{\"@type\":\"WebPage\",\"@id\":\"https:\/\/www.wilms-transport.de\/nl\/andere-activiteiten\/kort-profiel-wilms-tiefkuhl-service\/\",\"url\":\"https:\/\/www.wilms-transport.de\/nl\/andere-activiteiten\/kort-profiel-wilms-tiefkuhl-service\/\",\"name\":\"WILMS Transport GmbH - Kort profiel WILMS Tiefk\u00fchl-Service - diepvrieslogistiek, diepvries, koel, geconditioneerd, multitemperatuur, multi-temperatuur, geconditioneerd transport, geconditioneerd vervoer, diepvrieslogistiek, koellogistiek, koel- en vrieslogistiek, transportbedrijf, vervoersbedrijf, expediteur, logistiek dienstverlener, distributie, levensmiddelen, stukgoed, bezorging, vers, gekoeld, diepvriesproducten, koelproducten, HACCP, milieuvriendelijk transportbedrijf, Berlijn. Duitsland, Nederland, Belgi\u00eb, Wilms Transport GmbH\",\"isPartOf\":{\"@id\":\"https:\/\/www.wilms-transport.de\/nl\/#website\"},\"primaryImageOfPage\":{\"@id\":\"https:\/\/www.wilms-transport.de\/nl\/andere-activiteiten\/kort-profiel-wilms-tiefkuhl-service\/#primaryimage\"},\"image\":{\"@id\":\"https:\/\/www.wilms-transport.de\/nl\/andere-activiteiten\/kort-profiel-wilms-tiefkuhl-service\/#primaryimage\"},\"thumbnailUrl\":\"https:\/\/www.wilms-transport.de\/wp-content\/uploads\/2019\/07\/wilms_transport_slider_58772b6c8d7bbd0e815e98b98c027d45-300x125.jpg\",\"datePublished\":\"2020-07-21T14:11:06+00:00\",\"dateModified\":\"2020-07-27T13:55:49+00:00\",\"breadcrumb\":{\"@id\":\"https:\/\/www.wilms-transport.de\/nl\/andere-activiteiten\/kort-profiel-wilms-tiefkuhl-service\/#breadcrumb\"},\"inLanguage\":\"nl-NL\",\"potentialAction\":[{\"@type\":\"ReadAction\",\"target\":[\"https:\/\/www.wilms-transport.de\/nl\/andere-activiteiten\/kort-profiel-wilms-tiefkuhl-service\/\"]}]},{\"@type\":\"ImageObject\",\"inLanguage\":\"nl-NL\",\"@id\":\"https:\/\/www.wilms-transport.de\/nl\/andere-activiteiten\/kort-profiel-wilms-tiefkuhl-service\/#primaryimage\",\"url\":\"https:\/\/www.wilms-transport.de\/wp-content\/uploads\/2019\/07\/wilms_transport_slider_58772b6c8d7bbd0e815e98b98c027d45-300x125.jpg\",\"contentUrl\":\"https:\/\/www.wilms-transport.de\/wp-content\/uploads\/2019\/07\/wilms_transport_slider_58772b6c8d7bbd0e815e98b98c027d45-300x125.jpg\"},{\"@type\":\"BreadcrumbList\",\"@id\":\"https:\/\/www.wilms-transport.de\/nl\/andere-activiteiten\/kort-profiel-wilms-tiefkuhl-service\/#breadcrumb\",\"itemListElement\":[{\"@type\":\"ListItem\",\"position\":1,\"name\":\"Startseite\",\"item\":\"https:\/\/www.wilms-transport.de\/nl\/\"},{\"@type\":\"ListItem\",\"position\":2,\"name\":\"Andere Activiteiten\",\"item\":\"https:\/\/www.wilms-transport.de\/nl\/andere-activiteiten\/\"},{\"@type\":\"ListItem\",\"position\":3,\"name\":\"Kort profiel WILMS Tiefk\u00fchl-Service\"}]},{\"@type\":\"WebSite\",\"@id\":\"https:\/\/www.wilms-transport.de\/nl\/#website\",\"url\":\"https:\/\/www.wilms-transport.de\/nl\/\",\"name\":\"WILMS Transport GmbH\",\"description\":\"Die WILMS Transport GmbH und die WILMS Tiefk\u00fchl-Service GmbH sind Mitglieder der WILMS Gruppe und spezialisiert auf die Bereiche Handel, Dienstleistung und Transport, im Besonderen auf Gro\u00dfhandel f\u00fcr Lebensmittel, Handelsmarken, Eigenmarken, Kontraktgesch\u00e4fte, Aktionen und Saison, TK-Gefl\u00fcgel, TK-Gem\u00fcse, Lagerlogistik, Supply Chain Management, Brokerlogistik, Lagerbewirtschaftung und Outsourcing, City-Logistik, Werksentsorgung, Tiefk\u00fchllogistik, K\u00fchllogistik, Tiefk\u00fchl, Tiefk\u00fchlware, K\u00fchlware, Multi-Temperatur, temperaturgef\u00fchrten Transport und Lebensmittel, die k\u00fchl, frisch oder gek\u00fchlt ankommen sollen, mit Sitz in Ludwigsfelde\/Berlin\/ Deutschland\/ Belgien\/ Niederlande\/ Benelux, die Unternehmensgruppe WILMS bietet dem Logistiker, der Spedition und dem Spediteur zahlreiche Dienstleistungen im Bereich der TK-Logistik, der Verteilung von St\u00fcckgut, Sammelgut und Teilpartien, HACCP und der Distribution und legt besonderen Wert auf \u00d6ko-Transport.\",\"potentialAction\":[{\"@type\":\"SearchAction\",\"target\":{\"@type\":\"EntryPoint\",\"urlTemplate\":\"https:\/\/www.wilms-transport.de\/nl\/?s={search_term_string}\"},\"query-input\":{\"@type\":\"PropertyValueSpecification\",\"valueRequired\":true,\"valueName\":\"search_term_string\"}}],\"inLanguage\":\"nl-NL\"}]}<\/script>\n<!-- \/ Yoast SEO plugin. -->","yoast_head_json":{"title":"WILMS Transport GmbH - Kort profiel WILMS Tiefk\u00fchl-Service - diepvrieslogistiek, diepvries, koel, geconditioneerd, multitemperatuur, multi-temperatuur, geconditioneerd transport, geconditioneerd vervoer, diepvrieslogistiek, koellogistiek, koel- en vrieslogistiek, transportbedrijf, vervoersbedrijf, expediteur, logistiek dienstverlener, distributie, levensmiddelen, stukgoed, bezorging, vers, gekoeld, diepvriesproducten, koelproducten, HACCP, milieuvriendelijk transportbedrijf, Berlijn. Duitsland, Nederland, Belgi\u00eb, Wilms Transport GmbH","robots":{"index":"index","follow":"follow","max-snippet":"max-snippet:-1","max-image-preview":"max-image-preview:large","max-video-preview":"max-video-preview:-1"},"canonical":"https:\/\/www.wilms-transport.de\/nl\/andere-activiteiten\/kort-profiel-wilms-tiefkuhl-service\/","og_locale":"nl_NL","og_type":"article","og_title":"WILMS Transport GmbH - Kort profiel WILMS Tiefk\u00fchl-Service - diepvrieslogistiek, diepvries, koel, geconditioneerd, multitemperatuur, multi-temperatuur, geconditioneerd transport, geconditioneerd vervoer, diepvrieslogistiek, koellogistiek, koel- en vrieslogistiek, transportbedrijf, vervoersbedrijf, expediteur, logistiek dienstverlener, distributie, levensmiddelen, stukgoed, bezorging, vers, gekoeld, diepvriesproducten, koelproducten, HACCP, milieuvriendelijk transportbedrijf, Berlijn. Duitsland, Nederland, Belgi\u00eb, Wilms Transport GmbH","og_description":"[vc_row row_type=&#8221;row&#8221; use_row_as_full_screen_section=&#8221;no&#8221; type=&#8221;full_width&#8221; text_align=&#8221;left&#8221; background_animation=&#8221;none&#8221; padding_bottom=&#8221;45&#8243; css_animation=&#8221;&#8221; css=&#8221;.vc_custom_1576591989451{padding-top: 10px !important;}&#8221;][vc_column][vc_column_text] Kort profiel WILMS Tiefk\u00fchl-Service De ondernemingen WILMS Tiefk\u00fchl-Service GmbH en WILMS Transport GmbH (WTR) maken deel uit van de WILMS Groep. WILMS Tiefk\u00fchl-Service GmbH is een door de eigenaar geleide groothandel en logistieke onderneming...","og_url":"https:\/\/www.wilms-transport.de\/nl\/andere-activiteiten\/kort-profiel-wilms-tiefkuhl-service\/","og_site_name":"WILMS Transport GmbH","article_modified_time":"2020-07-27T13:55:49+00:00","og_image":[{"url":"https:\/\/www.wilms-transport.de\/wp-content\/uploads\/2019\/07\/wilms_transport_slider_58772b6c8d7bbd0e815e98b98c027d45-300x125.jpg","type":"","width":"","height":""}],"twitter_card":"summary_large_image","twitter_misc":{"Geschatte leestijd":"1 minuut"},"schema":{"@context":"https:\/\/schema.org","@graph":[{"@type":"WebPage","@id":"https:\/\/www.wilms-transport.de\/nl\/andere-activiteiten\/kort-profiel-wilms-tiefkuhl-service\/","url":"https:\/\/www.wilms-transport.de\/nl\/andere-activiteiten\/kort-profiel-wilms-tiefkuhl-service\/","name":"WILMS Transport GmbH - Kort profiel WILMS Tiefk\u00fchl-Service - diepvrieslogistiek, diepvries, koel, geconditioneerd, multitemperatuur, multi-temperatuur, geconditioneerd transport, geconditioneerd vervoer, diepvrieslogistiek, koellogistiek, koel- en vrieslogistiek, transportbedrijf, vervoersbedrijf, expediteur, logistiek dienstverlener, distributie, levensmiddelen, stukgoed, bezorging, vers, gekoeld, diepvriesproducten, koelproducten, HACCP, milieuvriendelijk transportbedrijf, Berlijn. Duitsland, Nederland, Belgi\u00eb, Wilms Transport GmbH","isPartOf":{"@id":"https:\/\/www.wilms-transport.de\/nl\/#website"},"primaryImageOfPage":{"@id":"https:\/\/www.wilms-transport.de\/nl\/andere-activiteiten\/kort-profiel-wilms-tiefkuhl-service\/#primaryimage"},"image":{"@id":"https:\/\/www.wilms-transport.de\/nl\/andere-activiteiten\/kort-profiel-wilms-tiefkuhl-service\/#primaryimage"},"thumbnailUrl":"https:\/\/www.wilms-transport.de\/wp-content\/uploads\/2019\/07\/wilms_transport_slider_58772b6c8d7bbd0e815e98b98c027d45-300x125.jpg","datePublished":"2020-07-21T14:11:06+00:00","dateModified":"2020-07-27T13:55:49+00:00","breadcrumb":{"@id":"https:\/\/www.wilms-transport.de\/nl\/andere-activiteiten\/kort-profiel-wilms-tiefkuhl-service\/#breadcrumb"},"inLanguage":"nl-NL","potentialAction":[{"@type":"ReadAction","target":["https:\/\/www.wilms-transport.de\/nl\/andere-activiteiten\/kort-profiel-wilms-tiefkuhl-service\/"]}]},{"@type":"ImageObject","inLanguage":"nl-NL","@id":"https:\/\/www.wilms-transport.de\/nl\/andere-activiteiten\/kort-profiel-wilms-tiefkuhl-service\/#primaryimage","url":"https:\/\/www.wilms-transport.de\/wp-content\/uploads\/2019\/07\/wilms_transport_slider_58772b6c8d7bbd0e815e98b98c027d45-300x125.jpg","contentUrl":"https:\/\/www.wilms-transport.de\/wp-content\/uploads\/2019\/07\/wilms_transport_slider_58772b6c8d7bbd0e815e98b98c027d45-300x125.jpg"},{"@type":"BreadcrumbList","@id":"https:\/\/www.wilms-transport.de\/nl\/andere-activiteiten\/kort-profiel-wilms-tiefkuhl-service\/#breadcrumb","itemListElement":[{"@type":"ListItem","position":1,"name":"Startseite","item":"https:\/\/www.wilms-transport.de\/nl\/"},{"@type":"ListItem","position":2,"name":"Andere Activiteiten","item":"https:\/\/www.wilms-transport.de\/nl\/andere-activiteiten\/"},{"@type":"ListItem","position":3,"name":"Kort profiel WILMS Tiefk\u00fchl-Service"}]},{"@type":"WebSite","@id":"https:\/\/www.wilms-transport.de\/nl\/#website","url":"https:\/\/www.wilms-transport.de\/nl\/","name":"WILMS Transport GmbH","description":"Die WILMS Transport GmbH und die WILMS Tiefk\u00fchl-Service GmbH sind Mitglieder der WILMS Gruppe und spezialisiert auf die Bereiche Handel, Dienstleistung und Transport, im Besonderen auf Gro\u00dfhandel f\u00fcr Lebensmittel, Handelsmarken, Eigenmarken, Kontraktgesch\u00e4fte, Aktionen und Saison, TK-Gefl\u00fcgel, TK-Gem\u00fcse, Lagerlogistik, Supply Chain Management, Brokerlogistik, Lagerbewirtschaftung und Outsourcing, City-Logistik, Werksentsorgung, Tiefk\u00fchllogistik, K\u00fchllogistik, Tiefk\u00fchl, Tiefk\u00fchlware, K\u00fchlware, Multi-Temperatur, temperaturgef\u00fchrten Transport und Lebensmittel, die k\u00fchl, frisch oder gek\u00fchlt ankommen sollen, mit Sitz in Ludwigsfelde\/Berlin\/ Deutschland\/ Belgien\/ Niederlande\/ Benelux, die Unternehmensgruppe WILMS bietet dem Logistiker, der Spedition und dem Spediteur zahlreiche Dienstleistungen im Bereich der TK-Logistik, der Verteilung von St\u00fcckgut, Sammelgut und Teilpartien, HACCP und der Distribution und legt besonderen Wert auf \u00d6ko-Transport.","potentialAction":[{"@type":"SearchAction","target":{"@type":"EntryPoint","urlTemplate":"https:\/\/www.wilms-transport.de\/nl\/?s={search_term_string}"},"query-input":{"@type":"PropertyValueSpecification","valueRequired":true,"valueName":"search_term_string"}}],"inLanguage":"nl-NL"}]}},"_links":{"self":[{"href":"https:\/\/www.wilms-transport.de\/nl\/wp-json\/wp\/v2\/pages\/24598","targetHints":{"allow":["GET"]}}],"collection":[{"href":"https:\/\/www.wilms-transport.de\/nl\/wp-json\/wp\/v2\/pages"}],"about":[{"href":"https:\/\/www.wilms-transport.de\/nl\/wp-json\/wp\/v2\/types\/page"}],"author":[{"embeddable":true,"href":"https:\/\/www.wilms-transport.de\/nl\/wp-json\/wp\/v2\/users\/1"}],"replies":[{"embeddable":true,"href":"https:\/\/www.wilms-transport.de\/nl\/wp-json\/wp\/v2\/comments?post=24598"}],"version-history":[{"count":0,"href":"https:\/\/www.wilms-transport.de\/nl\/wp-json\/wp\/v2\/pages\/24598\/revisions"}],"up":[{"embeddable":true,"href":"https:\/\/www.wilms-transport.de\/nl\/wp-json\/wp\/v2\/pages\/24586"}],"wp:attachment":[{"href":"https:\/\/www.wilms-transport.de\/nl\/wp-json\/wp\/v2\/media?parent=24598"}],"curies":[{"name":"wp","href":"https:\/\/api.w.org\/{rel}","templated":true}]}}