{"id":24589,"date":"2020-07-21T16:07:45","date_gmt":"2020-07-21T14:07:45","guid":{"rendered":"http:\/\/wordpress.wilms-transport.de\/andere-activiteiten\/warehousing\/"},"modified":"2020-07-27T15:55:33","modified_gmt":"2020-07-27T13:55:33","slug":"warehousing","status":"publish","type":"page","link":"https:\/\/www.wilms-transport.de\/nl\/andere-activiteiten\/warehousing\/","title":{"rendered":"Warehousing"},"content":{"rendered":"<div class=\"wpb-content-wrapper\"><p>[vc_row row_type=&#8221;row&#8221; use_row_as_full_screen_section=&#8221;no&#8221; type=&#8221;full_width&#8221; text_align=&#8221;left&#8221; background_animation=&#8221;none&#8221; padding_bottom=&#8221;45&#8243; css_animation=&#8221;&#8221; css=&#8221;.vc_custom_1576591986401{padding-top: 10px !important;}&#8221;][vc_column][vc_column_text]<\/p>\n<h1>Warehousing<\/h1>\n<p><a href=\"https:\/\/www.wilms-transport.de\/wp-content\/uploads\/2020\/05\/Lagerung-scaled.jpg\"><img loading=\"lazy\" decoding=\"async\" class=\"alignright size-medium wp-image-23093\" src=\"https:\/\/www.wilms-transport.de\/wp-content\/uploads\/2020\/05\/Lagerung-300x199.jpg\" alt=\"Warehousing\" width=\"300\" height=\"199\" srcset=\"https:\/\/www.wilms-transport.de\/wp-content\/uploads\/2020\/05\/Lagerung-300x199.jpg 300w, https:\/\/www.wilms-transport.de\/wp-content\/uploads\/2020\/05\/Lagerung-1024x680.jpg 1024w, https:\/\/www.wilms-transport.de\/wp-content\/uploads\/2020\/05\/Lagerung-768x510.jpg 768w, https:\/\/www.wilms-transport.de\/wp-content\/uploads\/2020\/05\/Lagerung-1536x1020.jpg 1536w, https:\/\/www.wilms-transport.de\/wp-content\/uploads\/2020\/05\/Lagerung-2048x1360.jpg 2048w, https:\/\/www.wilms-transport.de\/wp-content\/uploads\/2020\/05\/Lagerung-550x365.jpg 550w, https:\/\/www.wilms-transport.de\/wp-content\/uploads\/2020\/05\/Lagerung-800x531.jpg 800w, https:\/\/www.wilms-transport.de\/wp-content\/uploads\/2020\/05\/Lagerung-600x399.jpg 600w, https:\/\/www.wilms-transport.de\/wp-content\/uploads\/2020\/05\/Lagerung-500x332.jpg 500w, https:\/\/www.wilms-transport.de\/wp-content\/uploads\/2020\/05\/Lagerung-1000x664.jpg 1000w, https:\/\/www.wilms-transport.de\/wp-content\/uploads\/2020\/05\/Lagerung-700x465.jpg 700w, https:\/\/www.wilms-transport.de\/wp-content\/uploads\/2020\/05\/Lagerung-1100x731.jpg 1100w\" sizes=\"auto, (max-width: 300px) 100vw, 300px\" \/><\/a>Als het gaat om opslag en overslag (warehousing) maakt WILMS Transport GmbH gebruik van de knowhow en de capaciteiten van WILMS Tiefk\u00fchl-Service GmbH:<\/p>\n<p>Wij verzorgen in de eerste plaats de &#8220;klassieke&#8221; logistieke dienstverlening. WILMS Tiefk\u00fchl-Service biedt in haar geconditioneerde distributiecentrum de volgende temperatuurzones:<\/p>\n<p>&nbsp;<\/p>\n\n<table id=\"tablepress-7\" class=\"tablepress tablepress-id-7\">\n<tbody class=\"row-striping row-hover\">\n<tr class=\"row-1\">\n\t<td class=\"column-1\">VRIES<\/td><td class=\"column-2\">KOEL<\/td><td class=\"column-3\">GEMATIGD<\/td><td class=\"column-4\">DROOG<\/td>\n<\/tr>\n<tr class=\"row-2\">\n\t<td class=\"column-1\">-25 \u00b0C bis -20 \u00b0C<\/td><td class=\"column-2\">+0 \u00b0C bis +6 \u00b0C<\/td><td class=\"column-3\">+7 \u00b0C bis +11 \u00b0C<\/td><td class=\"column-4\">+18 \u00b0C<\/td>\n<\/tr>\n<\/tbody>\n<\/table>\n<!-- #tablepress-7 from cache -->\n<p>Onze klanten profiteren, naast onze complete dienstverlening en onze bereidheid tot presteren, van de mogelijkheid hun logistieke capaciteiten flexibel aan te passen aan het seizoen. Een logistieke oplossing die zich aanpast! Misschien niet uniek, maar wel uiterst effectief! <\/p>\n<p>Als aanvullende service realiseert WILMS Tiefk\u00fchl-Service GmbH in het kader van outsourcing projecten voor haar klanten ook bestaande of nieuw opnieuw op te richten warehousing.[\/vc_column_text][\/vc_column][\/vc_row]<\/p>\n<\/div>","protected":false},"excerpt":{"rendered":"<p>[vc_row row_type=&#8221;row&#8221; use_row_as_full_screen_section=&#8221;no&#8221; type=&#8221;full_width&#8221; text_align=&#8221;left&#8221; background_animation=&#8221;none&#8221; padding_bottom=&#8221;45&#8243; css_animation=&#8221;&#8221; css=&#8221;.vc_custom_1576591986401{padding-top: 10px !important;}&#8221;][vc_column][vc_column_text] Warehousing Als het gaat om opslag en overslag (warehousing) maakt WILMS Transport GmbH gebruik van de knowhow en de capaciteiten van WILMS Tiefk\u00fchl-Service GmbH: Wij verzorgen in de eerste plaats de &#8220;klassieke&#8221; logistieke dienstverlening&#8230;.<\/p>\n","protected":false},"author":1,"featured_media":0,"parent":24586,"menu_order":410,"comment_status":"closed","ping_status":"closed","template":"","meta":{"footnotes":""},"class_list":["post-24589","page","type-page","status-publish","hentry"],"yoast_head":"<!-- This site is optimized with the Yoast SEO plugin v27.0 - https:\/\/yoast.com\/product\/yoast-seo-wordpress\/ -->\n<title>WILMS Transport GmbH - Warehousing - diepvrieslogistiek, diepvries, koel, geconditioneerd, multitemperatuur, multi-temperatuur, geconditioneerd transport, geconditioneerd vervoer, diepvrieslogistiek, koellogistiek, koel- en vrieslogistiek, transportbedrijf, vervoersbedrijf, expediteur, logistiek dienstverlener, distributie, levensmiddelen, stukgoed, bezorging, vers, gekoeld, diepvriesproducten, koelproducten, HACCP, milieuvriendelijk transportbedrijf, Berlijn. Duitsland, Nederland, Belgi\u00eb, Wilms Transport GmbH<\/title>\n<meta name=\"robots\" content=\"index, follow, max-snippet:-1, max-image-preview:large, max-video-preview:-1\" \/>\n<link rel=\"canonical\" href=\"https:\/\/www.wilms-transport.de\/nl\/andere-activiteiten\/warehousing\/\" \/>\n<meta property=\"og:locale\" content=\"nl_NL\" \/>\n<meta property=\"og:type\" content=\"article\" \/>\n<meta property=\"og:title\" content=\"WILMS Transport GmbH - Warehousing - diepvrieslogistiek, diepvries, koel, geconditioneerd, multitemperatuur, multi-temperatuur, geconditioneerd transport, geconditioneerd vervoer, diepvrieslogistiek, koellogistiek, koel- en vrieslogistiek, transportbedrijf, vervoersbedrijf, expediteur, logistiek dienstverlener, distributie, levensmiddelen, stukgoed, bezorging, vers, gekoeld, diepvriesproducten, koelproducten, HACCP, milieuvriendelijk transportbedrijf, Berlijn. Duitsland, Nederland, Belgi\u00eb, Wilms Transport GmbH\" \/>\n<meta property=\"og:description\" content=\"[vc_row row_type=&#8221;row&#8221; use_row_as_full_screen_section=&#8221;no&#8221; type=&#8221;full_width&#8221; text_align=&#8221;left&#8221; background_animation=&#8221;none&#8221; padding_bottom=&#8221;45&#8243; css_animation=&#8221;&#8221; css=&#8221;.vc_custom_1576591986401{padding-top: 10px !important;}&#8221;][vc_column][vc_column_text] Warehousing Als het gaat om opslag en overslag (warehousing) maakt WILMS Transport GmbH gebruik van de knowhow en de capaciteiten van WILMS Tiefk\u00fchl-Service GmbH: Wij verzorgen in de eerste plaats de &#8220;klassieke&#8221; logistieke dienstverlening....\" \/>\n<meta property=\"og:url\" content=\"https:\/\/www.wilms-transport.de\/nl\/andere-activiteiten\/warehousing\/\" \/>\n<meta property=\"og:site_name\" content=\"WILMS Transport GmbH\" \/>\n<meta property=\"article:modified_time\" content=\"2020-07-27T13:55:33+00:00\" \/>\n<meta property=\"og:image\" content=\"https:\/\/www.wilms-transport.de\/wp-content\/uploads\/2020\/05\/Lagerung-300x199.jpg\" \/>\n<meta name=\"twitter:card\" content=\"summary_large_image\" \/>\n<meta name=\"twitter:label1\" content=\"Geschatte leestijd\" \/>\n\t<meta name=\"twitter:data1\" content=\"1 minuut\" \/>\n<script type=\"application\/ld+json\" class=\"yoast-schema-graph\">{\"@context\":\"https:\/\/schema.org\",\"@graph\":[{\"@type\":\"WebPage\",\"@id\":\"https:\/\/www.wilms-transport.de\/nl\/andere-activiteiten\/warehousing\/\",\"url\":\"https:\/\/www.wilms-transport.de\/nl\/andere-activiteiten\/warehousing\/\",\"name\":\"WILMS Transport GmbH - Warehousing - diepvrieslogistiek, diepvries, koel, geconditioneerd, multitemperatuur, multi-temperatuur, geconditioneerd transport, geconditioneerd vervoer, diepvrieslogistiek, koellogistiek, koel- en vrieslogistiek, transportbedrijf, vervoersbedrijf, expediteur, logistiek dienstverlener, distributie, levensmiddelen, stukgoed, bezorging, vers, gekoeld, diepvriesproducten, koelproducten, HACCP, milieuvriendelijk transportbedrijf, Berlijn. Duitsland, Nederland, Belgi\u00eb, Wilms Transport GmbH\",\"isPartOf\":{\"@id\":\"https:\/\/www.wilms-transport.de\/nl\/#website\"},\"primaryImageOfPage\":{\"@id\":\"https:\/\/www.wilms-transport.de\/nl\/andere-activiteiten\/warehousing\/#primaryimage\"},\"image\":{\"@id\":\"https:\/\/www.wilms-transport.de\/nl\/andere-activiteiten\/warehousing\/#primaryimage\"},\"thumbnailUrl\":\"https:\/\/www.wilms-transport.de\/wp-content\/uploads\/2020\/05\/Lagerung-300x199.jpg\",\"datePublished\":\"2020-07-21T14:07:45+00:00\",\"dateModified\":\"2020-07-27T13:55:33+00:00\",\"breadcrumb\":{\"@id\":\"https:\/\/www.wilms-transport.de\/nl\/andere-activiteiten\/warehousing\/#breadcrumb\"},\"inLanguage\":\"nl-NL\",\"potentialAction\":[{\"@type\":\"ReadAction\",\"target\":[\"https:\/\/www.wilms-transport.de\/nl\/andere-activiteiten\/warehousing\/\"]}]},{\"@type\":\"ImageObject\",\"inLanguage\":\"nl-NL\",\"@id\":\"https:\/\/www.wilms-transport.de\/nl\/andere-activiteiten\/warehousing\/#primaryimage\",\"url\":\"https:\/\/www.wilms-transport.de\/wp-content\/uploads\/2020\/05\/Lagerung-300x199.jpg\",\"contentUrl\":\"https:\/\/www.wilms-transport.de\/wp-content\/uploads\/2020\/05\/Lagerung-300x199.jpg\"},{\"@type\":\"BreadcrumbList\",\"@id\":\"https:\/\/www.wilms-transport.de\/nl\/andere-activiteiten\/warehousing\/#breadcrumb\",\"itemListElement\":[{\"@type\":\"ListItem\",\"position\":1,\"name\":\"Startseite\",\"item\":\"https:\/\/www.wilms-transport.de\/nl\/\"},{\"@type\":\"ListItem\",\"position\":2,\"name\":\"Andere Activiteiten\",\"item\":\"https:\/\/www.wilms-transport.de\/nl\/andere-activiteiten\/\"},{\"@type\":\"ListItem\",\"position\":3,\"name\":\"Warehousing\"}]},{\"@type\":\"WebSite\",\"@id\":\"https:\/\/www.wilms-transport.de\/nl\/#website\",\"url\":\"https:\/\/www.wilms-transport.de\/nl\/\",\"name\":\"WILMS Transport GmbH\",\"description\":\"Die WILMS Transport GmbH und die WILMS Tiefk\u00fchl-Service GmbH sind Mitglieder der WILMS Gruppe und spezialisiert auf die Bereiche Handel, Dienstleistung und Transport, im Besonderen auf Gro\u00dfhandel f\u00fcr Lebensmittel, Handelsmarken, Eigenmarken, Kontraktgesch\u00e4fte, Aktionen und Saison, TK-Gefl\u00fcgel, TK-Gem\u00fcse, Lagerlogistik, Supply Chain Management, Brokerlogistik, Lagerbewirtschaftung und Outsourcing, City-Logistik, Werksentsorgung, Tiefk\u00fchllogistik, K\u00fchllogistik, Tiefk\u00fchl, Tiefk\u00fchlware, K\u00fchlware, Multi-Temperatur, temperaturgef\u00fchrten Transport und Lebensmittel, die k\u00fchl, frisch oder gek\u00fchlt ankommen sollen, mit Sitz in Ludwigsfelde\/Berlin\/ Deutschland\/ Belgien\/ Niederlande\/ Benelux, die Unternehmensgruppe WILMS bietet dem Logistiker, der Spedition und dem Spediteur zahlreiche Dienstleistungen im Bereich der TK-Logistik, der Verteilung von St\u00fcckgut, Sammelgut und Teilpartien, HACCP und der Distribution und legt besonderen Wert auf \u00d6ko-Transport.\",\"potentialAction\":[{\"@type\":\"SearchAction\",\"target\":{\"@type\":\"EntryPoint\",\"urlTemplate\":\"https:\/\/www.wilms-transport.de\/nl\/?s={search_term_string}\"},\"query-input\":{\"@type\":\"PropertyValueSpecification\",\"valueRequired\":true,\"valueName\":\"search_term_string\"}}],\"inLanguage\":\"nl-NL\"}]}<\/script>\n<!-- \/ Yoast SEO plugin. -->","yoast_head_json":{"title":"WILMS Transport GmbH - Warehousing - diepvrieslogistiek, diepvries, koel, geconditioneerd, multitemperatuur, multi-temperatuur, geconditioneerd transport, geconditioneerd vervoer, diepvrieslogistiek, koellogistiek, koel- en vrieslogistiek, transportbedrijf, vervoersbedrijf, expediteur, logistiek dienstverlener, distributie, levensmiddelen, stukgoed, bezorging, vers, gekoeld, diepvriesproducten, koelproducten, HACCP, milieuvriendelijk transportbedrijf, Berlijn. Duitsland, Nederland, Belgi\u00eb, Wilms Transport GmbH","robots":{"index":"index","follow":"follow","max-snippet":"max-snippet:-1","max-image-preview":"max-image-preview:large","max-video-preview":"max-video-preview:-1"},"canonical":"https:\/\/www.wilms-transport.de\/nl\/andere-activiteiten\/warehousing\/","og_locale":"nl_NL","og_type":"article","og_title":"WILMS Transport GmbH - Warehousing - diepvrieslogistiek, diepvries, koel, geconditioneerd, multitemperatuur, multi-temperatuur, geconditioneerd transport, geconditioneerd vervoer, diepvrieslogistiek, koellogistiek, koel- en vrieslogistiek, transportbedrijf, vervoersbedrijf, expediteur, logistiek dienstverlener, distributie, levensmiddelen, stukgoed, bezorging, vers, gekoeld, diepvriesproducten, koelproducten, HACCP, milieuvriendelijk transportbedrijf, Berlijn. Duitsland, Nederland, Belgi\u00eb, Wilms Transport GmbH","og_description":"[vc_row row_type=&#8221;row&#8221; use_row_as_full_screen_section=&#8221;no&#8221; type=&#8221;full_width&#8221; text_align=&#8221;left&#8221; background_animation=&#8221;none&#8221; padding_bottom=&#8221;45&#8243; css_animation=&#8221;&#8221; css=&#8221;.vc_custom_1576591986401{padding-top: 10px !important;}&#8221;][vc_column][vc_column_text] Warehousing Als het gaat om opslag en overslag (warehousing) maakt WILMS Transport GmbH gebruik van de knowhow en de capaciteiten van WILMS Tiefk\u00fchl-Service GmbH: Wij verzorgen in de eerste plaats de &#8220;klassieke&#8221; logistieke dienstverlening....","og_url":"https:\/\/www.wilms-transport.de\/nl\/andere-activiteiten\/warehousing\/","og_site_name":"WILMS Transport GmbH","article_modified_time":"2020-07-27T13:55:33+00:00","og_image":[{"url":"https:\/\/www.wilms-transport.de\/wp-content\/uploads\/2020\/05\/Lagerung-300x199.jpg","type":"","width":"","height":""}],"twitter_card":"summary_large_image","twitter_misc":{"Geschatte leestijd":"1 minuut"},"schema":{"@context":"https:\/\/schema.org","@graph":[{"@type":"WebPage","@id":"https:\/\/www.wilms-transport.de\/nl\/andere-activiteiten\/warehousing\/","url":"https:\/\/www.wilms-transport.de\/nl\/andere-activiteiten\/warehousing\/","name":"WILMS Transport GmbH - Warehousing - diepvrieslogistiek, diepvries, koel, geconditioneerd, multitemperatuur, multi-temperatuur, geconditioneerd transport, geconditioneerd vervoer, diepvrieslogistiek, koellogistiek, koel- en vrieslogistiek, transportbedrijf, vervoersbedrijf, expediteur, logistiek dienstverlener, distributie, levensmiddelen, stukgoed, bezorging, vers, gekoeld, diepvriesproducten, koelproducten, HACCP, milieuvriendelijk transportbedrijf, Berlijn. Duitsland, Nederland, Belgi\u00eb, Wilms Transport GmbH","isPartOf":{"@id":"https:\/\/www.wilms-transport.de\/nl\/#website"},"primaryImageOfPage":{"@id":"https:\/\/www.wilms-transport.de\/nl\/andere-activiteiten\/warehousing\/#primaryimage"},"image":{"@id":"https:\/\/www.wilms-transport.de\/nl\/andere-activiteiten\/warehousing\/#primaryimage"},"thumbnailUrl":"https:\/\/www.wilms-transport.de\/wp-content\/uploads\/2020\/05\/Lagerung-300x199.jpg","datePublished":"2020-07-21T14:07:45+00:00","dateModified":"2020-07-27T13:55:33+00:00","breadcrumb":{"@id":"https:\/\/www.wilms-transport.de\/nl\/andere-activiteiten\/warehousing\/#breadcrumb"},"inLanguage":"nl-NL","potentialAction":[{"@type":"ReadAction","target":["https:\/\/www.wilms-transport.de\/nl\/andere-activiteiten\/warehousing\/"]}]},{"@type":"ImageObject","inLanguage":"nl-NL","@id":"https:\/\/www.wilms-transport.de\/nl\/andere-activiteiten\/warehousing\/#primaryimage","url":"https:\/\/www.wilms-transport.de\/wp-content\/uploads\/2020\/05\/Lagerung-300x199.jpg","contentUrl":"https:\/\/www.wilms-transport.de\/wp-content\/uploads\/2020\/05\/Lagerung-300x199.jpg"},{"@type":"BreadcrumbList","@id":"https:\/\/www.wilms-transport.de\/nl\/andere-activiteiten\/warehousing\/#breadcrumb","itemListElement":[{"@type":"ListItem","position":1,"name":"Startseite","item":"https:\/\/www.wilms-transport.de\/nl\/"},{"@type":"ListItem","position":2,"name":"Andere Activiteiten","item":"https:\/\/www.wilms-transport.de\/nl\/andere-activiteiten\/"},{"@type":"ListItem","position":3,"name":"Warehousing"}]},{"@type":"WebSite","@id":"https:\/\/www.wilms-transport.de\/nl\/#website","url":"https:\/\/www.wilms-transport.de\/nl\/","name":"WILMS Transport GmbH","description":"Die WILMS Transport GmbH und die WILMS Tiefk\u00fchl-Service GmbH sind Mitglieder der WILMS Gruppe und spezialisiert auf die Bereiche Handel, Dienstleistung und Transport, im Besonderen auf Gro\u00dfhandel f\u00fcr Lebensmittel, Handelsmarken, Eigenmarken, Kontraktgesch\u00e4fte, Aktionen und Saison, TK-Gefl\u00fcgel, TK-Gem\u00fcse, Lagerlogistik, Supply Chain Management, Brokerlogistik, Lagerbewirtschaftung und Outsourcing, City-Logistik, Werksentsorgung, Tiefk\u00fchllogistik, K\u00fchllogistik, Tiefk\u00fchl, Tiefk\u00fchlware, K\u00fchlware, Multi-Temperatur, temperaturgef\u00fchrten Transport und Lebensmittel, die k\u00fchl, frisch oder gek\u00fchlt ankommen sollen, mit Sitz in Ludwigsfelde\/Berlin\/ Deutschland\/ Belgien\/ Niederlande\/ Benelux, die Unternehmensgruppe WILMS bietet dem Logistiker, der Spedition und dem Spediteur zahlreiche Dienstleistungen im Bereich der TK-Logistik, der Verteilung von St\u00fcckgut, Sammelgut und Teilpartien, HACCP und der Distribution und legt besonderen Wert auf \u00d6ko-Transport.","potentialAction":[{"@type":"SearchAction","target":{"@type":"EntryPoint","urlTemplate":"https:\/\/www.wilms-transport.de\/nl\/?s={search_term_string}"},"query-input":{"@type":"PropertyValueSpecification","valueRequired":true,"valueName":"search_term_string"}}],"inLanguage":"nl-NL"}]}},"_links":{"self":[{"href":"https:\/\/www.wilms-transport.de\/nl\/wp-json\/wp\/v2\/pages\/24589","targetHints":{"allow":["GET"]}}],"collection":[{"href":"https:\/\/www.wilms-transport.de\/nl\/wp-json\/wp\/v2\/pages"}],"about":[{"href":"https:\/\/www.wilms-transport.de\/nl\/wp-json\/wp\/v2\/types\/page"}],"author":[{"embeddable":true,"href":"https:\/\/www.wilms-transport.de\/nl\/wp-json\/wp\/v2\/users\/1"}],"replies":[{"embeddable":true,"href":"https:\/\/www.wilms-transport.de\/nl\/wp-json\/wp\/v2\/comments?post=24589"}],"version-history":[{"count":0,"href":"https:\/\/www.wilms-transport.de\/nl\/wp-json\/wp\/v2\/pages\/24589\/revisions"}],"up":[{"embeddable":true,"href":"https:\/\/www.wilms-transport.de\/nl\/wp-json\/wp\/v2\/pages\/24586"}],"wp:attachment":[{"href":"https:\/\/www.wilms-transport.de\/nl\/wp-json\/wp\/v2\/media?parent=24589"}],"curies":[{"name":"wp","href":"https:\/\/api.w.org\/{rel}","templated":true}]}}