{"id":24574,"date":"2020-07-21T16:02:15","date_gmt":"2020-07-21T14:02:15","guid":{"rendered":"http:\/\/wordpress.wilms-transport.de\/geconditioneerd-transport\/diepvriestransport\/"},"modified":"2020-07-27T15:55:08","modified_gmt":"2020-07-27T13:55:08","slug":"diepvriestransport","status":"publish","type":"page","link":"https:\/\/www.wilms-transport.de\/nl\/geconditioneerd-transport\/diepvriestransport\/","title":{"rendered":"Diepvriestransport"},"content":{"rendered":"<div class=\"wpb-content-wrapper\"><p>[vc_row row_type=&#8221;row&#8221; use_row_as_full_screen_section=&#8221;no&#8221; type=&#8221;full_width&#8221; text_align=&#8221;left&#8221; background_animation=&#8221;none&#8221; padding_bottom=&#8221;45&#8243; css_animation=&#8221;&#8221; css=&#8221;.vc_custom_1576591975588{padding-top: 10px !important;}&#8221;][vc_column][vc_column_text]<\/p>\n<h1>Diepvriestransport<\/h1>\n<p><a href=\"https:\/\/www.wilms-transport.de\/wp-content\/uploads\/2020\/05\/Tiefkuehl-scaled.jpg\"><img loading=\"lazy\" decoding=\"async\" class=\"alignright size-medium wp-image-23082\" src=\"https:\/\/www.wilms-transport.de\/wp-content\/uploads\/2020\/05\/Tiefkuehl-300x450.jpg\" alt=\"Diepvriestransport\" width=\"300\" height=\"450\" srcset=\"https:\/\/www.wilms-transport.de\/wp-content\/uploads\/2020\/05\/Tiefkuehl-300x450.jpg 300w, https:\/\/www.wilms-transport.de\/wp-content\/uploads\/2020\/05\/Tiefkuehl-683x1024.jpg 683w, https:\/\/www.wilms-transport.de\/wp-content\/uploads\/2020\/05\/Tiefkuehl-768x1152.jpg 768w, https:\/\/www.wilms-transport.de\/wp-content\/uploads\/2020\/05\/Tiefkuehl-1024x1536.jpg 1024w, https:\/\/www.wilms-transport.de\/wp-content\/uploads\/2020\/05\/Tiefkuehl-1365x2048.jpg 1365w, https:\/\/www.wilms-transport.de\/wp-content\/uploads\/2020\/05\/Tiefkuehl-550x825.jpg 550w, https:\/\/www.wilms-transport.de\/wp-content\/uploads\/2020\/05\/Tiefkuehl-400x600.jpg 400w, https:\/\/www.wilms-transport.de\/wp-content\/uploads\/2020\/05\/Tiefkuehl-533x800.jpg 533w, https:\/\/www.wilms-transport.de\/wp-content\/uploads\/2020\/05\/Tiefkuehl-332x498.jpg 332w, https:\/\/www.wilms-transport.de\/wp-content\/uploads\/2020\/05\/Tiefkuehl-333x500.jpg 333w, https:\/\/www.wilms-transport.de\/wp-content\/uploads\/2020\/05\/Tiefkuehl-667x1000.jpg 667w, https:\/\/www.wilms-transport.de\/wp-content\/uploads\/2020\/05\/Tiefkuehl-700x1050.jpg 700w, https:\/\/www.wilms-transport.de\/wp-content\/uploads\/2020\/05\/Tiefkuehl-1100x1650.jpg 1100w, https:\/\/www.wilms-transport.de\/wp-content\/uploads\/2020\/05\/Tiefkuehl-scaled.jpg 1707w\" sizes=\"auto, (max-width: 300px) 100vw, 300px\" \/><\/a>In 1999 richtten de aandeelhouders van WILMS Tiefk\u00fchl-Service GmbH een diepvriesdistributiecentrum in Niederkr\u00fcchten in Noordrijn-Westfalen op. Het is sindsdien in gebruik voor de op- en overslag van vries-, koel- en drooggoedzendingen binnen Noordrijn-Westfalen en als basis voor transporten naar Nederland en Belgi\u00eb.<\/p>\n<p>Dankzij het zeer royale bedrijfsterrein kan WILMS Transport GmbH volgens het cross docking principe werken. Bij deze techniek worden binnenkomende goederen niet opgeslagen in het distributiecentrum, maar direct overgeladen en verzonden naar de volgende schakel in de supply-chain. Zo waarborgt de onderneming de continu\u00efteit in de koelketen en werkt tevens in het belang van de klanten tijdeffici\u00ebnt. De eveneens toegepaste transshipmentprocedure benadrukt net als het cross docking principe de benodigde opslagruimte die WTR ter beschikking houdt.[\/vc_column_text][\/vc_column][\/vc_row]<\/p>\n<\/div>","protected":false},"excerpt":{"rendered":"<p>[vc_row row_type=&#8221;row&#8221; use_row_as_full_screen_section=&#8221;no&#8221; type=&#8221;full_width&#8221; text_align=&#8221;left&#8221; background_animation=&#8221;none&#8221; padding_bottom=&#8221;45&#8243; css_animation=&#8221;&#8221; css=&#8221;.vc_custom_1576591975588{padding-top: 10px !important;}&#8221;][vc_column][vc_column_text] Diepvriestransport In 1999 richtten de aandeelhouders van WILMS Tiefk\u00fchl-Service GmbH een diepvriesdistributiecentrum in Niederkr\u00fcchten in Noordrijn-Westfalen op. Het is sindsdien in gebruik voor de op- en overslag van vries-, koel- en drooggoedzendingen binnen Noordrijn-Westfalen&#8230;<\/p>\n","protected":false},"author":1,"featured_media":0,"parent":24565,"menu_order":330,"comment_status":"closed","ping_status":"closed","template":"","meta":{"footnotes":""},"class_list":["post-24574","page","type-page","status-publish","hentry"],"yoast_head":"<!-- This site is optimized with the Yoast SEO plugin v27.0 - https:\/\/yoast.com\/product\/yoast-seo-wordpress\/ -->\n<title>WILMS Transport GmbH - Diepvriestransport - diepvrieslogistiek, diepvries, koel, geconditioneerd, multitemperatuur, multi-temperatuur, geconditioneerd transport, geconditioneerd vervoer, diepvrieslogistiek, koellogistiek, koel- en vrieslogistiek, transportbedrijf, vervoersbedrijf, expediteur, logistiek dienstverlener, distributie, levensmiddelen, stukgoed, bezorging, vers, gekoeld, diepvriesproducten, koelproducten, HACCP, milieuvriendelijk transportbedrijf, Berlijn. Duitsland, Nederland, Belgi\u00eb, Wilms Transport GmbH<\/title>\n<meta name=\"robots\" content=\"index, follow, max-snippet:-1, max-image-preview:large, max-video-preview:-1\" \/>\n<link rel=\"canonical\" href=\"https:\/\/www.wilms-transport.de\/nl\/geconditioneerd-transport\/diepvriestransport\/\" \/>\n<meta property=\"og:locale\" content=\"nl_NL\" \/>\n<meta property=\"og:type\" content=\"article\" \/>\n<meta property=\"og:title\" content=\"WILMS Transport GmbH - Diepvriestransport - diepvrieslogistiek, diepvries, koel, geconditioneerd, multitemperatuur, multi-temperatuur, geconditioneerd transport, geconditioneerd vervoer, diepvrieslogistiek, koellogistiek, koel- en vrieslogistiek, transportbedrijf, vervoersbedrijf, expediteur, logistiek dienstverlener, distributie, levensmiddelen, stukgoed, bezorging, vers, gekoeld, diepvriesproducten, koelproducten, HACCP, milieuvriendelijk transportbedrijf, Berlijn. Duitsland, Nederland, Belgi\u00eb, Wilms Transport GmbH\" \/>\n<meta property=\"og:description\" content=\"[vc_row row_type=&#8221;row&#8221; use_row_as_full_screen_section=&#8221;no&#8221; type=&#8221;full_width&#8221; text_align=&#8221;left&#8221; background_animation=&#8221;none&#8221; padding_bottom=&#8221;45&#8243; css_animation=&#8221;&#8221; css=&#8221;.vc_custom_1576591975588{padding-top: 10px !important;}&#8221;][vc_column][vc_column_text] Diepvriestransport In 1999 richtten de aandeelhouders van WILMS Tiefk\u00fchl-Service GmbH een diepvriesdistributiecentrum in Niederkr\u00fcchten in Noordrijn-Westfalen op. Het is sindsdien in gebruik voor de op- en overslag van vries-, koel- en drooggoedzendingen binnen Noordrijn-Westfalen...\" \/>\n<meta property=\"og:url\" content=\"https:\/\/www.wilms-transport.de\/nl\/geconditioneerd-transport\/diepvriestransport\/\" \/>\n<meta property=\"og:site_name\" content=\"WILMS Transport GmbH\" \/>\n<meta property=\"article:modified_time\" content=\"2020-07-27T13:55:08+00:00\" \/>\n<meta property=\"og:image\" content=\"https:\/\/www.wilms-transport.de\/wp-content\/uploads\/2020\/05\/Tiefkuehl-300x450.jpg\" \/>\n<meta name=\"twitter:card\" content=\"summary_large_image\" \/>\n<meta name=\"twitter:label1\" content=\"Geschatte leestijd\" \/>\n\t<meta name=\"twitter:data1\" content=\"1 minuut\" \/>\n<script type=\"application\/ld+json\" class=\"yoast-schema-graph\">{\"@context\":\"https:\/\/schema.org\",\"@graph\":[{\"@type\":\"WebPage\",\"@id\":\"https:\/\/www.wilms-transport.de\/nl\/geconditioneerd-transport\/diepvriestransport\/\",\"url\":\"https:\/\/www.wilms-transport.de\/nl\/geconditioneerd-transport\/diepvriestransport\/\",\"name\":\"WILMS Transport GmbH - Diepvriestransport - diepvrieslogistiek, diepvries, koel, geconditioneerd, multitemperatuur, multi-temperatuur, geconditioneerd transport, geconditioneerd vervoer, diepvrieslogistiek, koellogistiek, koel- en vrieslogistiek, transportbedrijf, vervoersbedrijf, expediteur, logistiek dienstverlener, distributie, levensmiddelen, stukgoed, bezorging, vers, gekoeld, diepvriesproducten, koelproducten, HACCP, milieuvriendelijk transportbedrijf, Berlijn. Duitsland, Nederland, Belgi\u00eb, Wilms Transport GmbH\",\"isPartOf\":{\"@id\":\"https:\/\/www.wilms-transport.de\/nl\/#website\"},\"primaryImageOfPage\":{\"@id\":\"https:\/\/www.wilms-transport.de\/nl\/geconditioneerd-transport\/diepvriestransport\/#primaryimage\"},\"image\":{\"@id\":\"https:\/\/www.wilms-transport.de\/nl\/geconditioneerd-transport\/diepvriestransport\/#primaryimage\"},\"thumbnailUrl\":\"https:\/\/www.wilms-transport.de\/wp-content\/uploads\/2020\/05\/Tiefkuehl-300x450.jpg\",\"datePublished\":\"2020-07-21T14:02:15+00:00\",\"dateModified\":\"2020-07-27T13:55:08+00:00\",\"breadcrumb\":{\"@id\":\"https:\/\/www.wilms-transport.de\/nl\/geconditioneerd-transport\/diepvriestransport\/#breadcrumb\"},\"inLanguage\":\"nl-NL\",\"potentialAction\":[{\"@type\":\"ReadAction\",\"target\":[\"https:\/\/www.wilms-transport.de\/nl\/geconditioneerd-transport\/diepvriestransport\/\"]}]},{\"@type\":\"ImageObject\",\"inLanguage\":\"nl-NL\",\"@id\":\"https:\/\/www.wilms-transport.de\/nl\/geconditioneerd-transport\/diepvriestransport\/#primaryimage\",\"url\":\"https:\/\/www.wilms-transport.de\/wp-content\/uploads\/2020\/05\/Tiefkuehl-300x450.jpg\",\"contentUrl\":\"https:\/\/www.wilms-transport.de\/wp-content\/uploads\/2020\/05\/Tiefkuehl-300x450.jpg\"},{\"@type\":\"BreadcrumbList\",\"@id\":\"https:\/\/www.wilms-transport.de\/nl\/geconditioneerd-transport\/diepvriestransport\/#breadcrumb\",\"itemListElement\":[{\"@type\":\"ListItem\",\"position\":1,\"name\":\"Startseite\",\"item\":\"https:\/\/www.wilms-transport.de\/nl\/\"},{\"@type\":\"ListItem\",\"position\":2,\"name\":\"Geconditioneerd transport\",\"item\":\"https:\/\/www.wilms-transport.de\/nl\/geconditioneerd-transport\/\"},{\"@type\":\"ListItem\",\"position\":3,\"name\":\"Diepvriestransport\"}]},{\"@type\":\"WebSite\",\"@id\":\"https:\/\/www.wilms-transport.de\/nl\/#website\",\"url\":\"https:\/\/www.wilms-transport.de\/nl\/\",\"name\":\"WILMS Transport GmbH\",\"description\":\"Die WILMS Transport GmbH und die WILMS Tiefk\u00fchl-Service GmbH sind Mitglieder der WILMS Gruppe und spezialisiert auf die Bereiche Handel, Dienstleistung und Transport, im Besonderen auf Gro\u00dfhandel f\u00fcr Lebensmittel, Handelsmarken, Eigenmarken, Kontraktgesch\u00e4fte, Aktionen und Saison, TK-Gefl\u00fcgel, TK-Gem\u00fcse, Lagerlogistik, Supply Chain Management, Brokerlogistik, Lagerbewirtschaftung und Outsourcing, City-Logistik, Werksentsorgung, Tiefk\u00fchllogistik, K\u00fchllogistik, Tiefk\u00fchl, Tiefk\u00fchlware, K\u00fchlware, Multi-Temperatur, temperaturgef\u00fchrten Transport und Lebensmittel, die k\u00fchl, frisch oder gek\u00fchlt ankommen sollen, mit Sitz in Ludwigsfelde\/Berlin\/ Deutschland\/ Belgien\/ Niederlande\/ Benelux, die Unternehmensgruppe WILMS bietet dem Logistiker, der Spedition und dem Spediteur zahlreiche Dienstleistungen im Bereich der TK-Logistik, der Verteilung von St\u00fcckgut, Sammelgut und Teilpartien, HACCP und der Distribution und legt besonderen Wert auf \u00d6ko-Transport.\",\"potentialAction\":[{\"@type\":\"SearchAction\",\"target\":{\"@type\":\"EntryPoint\",\"urlTemplate\":\"https:\/\/www.wilms-transport.de\/nl\/?s={search_term_string}\"},\"query-input\":{\"@type\":\"PropertyValueSpecification\",\"valueRequired\":true,\"valueName\":\"search_term_string\"}}],\"inLanguage\":\"nl-NL\"}]}<\/script>\n<!-- \/ Yoast SEO plugin. -->","yoast_head_json":{"title":"WILMS Transport GmbH - Diepvriestransport - diepvrieslogistiek, diepvries, koel, geconditioneerd, multitemperatuur, multi-temperatuur, geconditioneerd transport, geconditioneerd vervoer, diepvrieslogistiek, koellogistiek, koel- en vrieslogistiek, transportbedrijf, vervoersbedrijf, expediteur, logistiek dienstverlener, distributie, levensmiddelen, stukgoed, bezorging, vers, gekoeld, diepvriesproducten, koelproducten, HACCP, milieuvriendelijk transportbedrijf, Berlijn. Duitsland, Nederland, Belgi\u00eb, Wilms Transport GmbH","robots":{"index":"index","follow":"follow","max-snippet":"max-snippet:-1","max-image-preview":"max-image-preview:large","max-video-preview":"max-video-preview:-1"},"canonical":"https:\/\/www.wilms-transport.de\/nl\/geconditioneerd-transport\/diepvriestransport\/","og_locale":"nl_NL","og_type":"article","og_title":"WILMS Transport GmbH - Diepvriestransport - diepvrieslogistiek, diepvries, koel, geconditioneerd, multitemperatuur, multi-temperatuur, geconditioneerd transport, geconditioneerd vervoer, diepvrieslogistiek, koellogistiek, koel- en vrieslogistiek, transportbedrijf, vervoersbedrijf, expediteur, logistiek dienstverlener, distributie, levensmiddelen, stukgoed, bezorging, vers, gekoeld, diepvriesproducten, koelproducten, HACCP, milieuvriendelijk transportbedrijf, Berlijn. Duitsland, Nederland, Belgi\u00eb, Wilms Transport GmbH","og_description":"[vc_row row_type=&#8221;row&#8221; use_row_as_full_screen_section=&#8221;no&#8221; type=&#8221;full_width&#8221; text_align=&#8221;left&#8221; background_animation=&#8221;none&#8221; padding_bottom=&#8221;45&#8243; css_animation=&#8221;&#8221; css=&#8221;.vc_custom_1576591975588{padding-top: 10px !important;}&#8221;][vc_column][vc_column_text] Diepvriestransport In 1999 richtten de aandeelhouders van WILMS Tiefk\u00fchl-Service GmbH een diepvriesdistributiecentrum in Niederkr\u00fcchten in Noordrijn-Westfalen op. Het is sindsdien in gebruik voor de op- en overslag van vries-, koel- en drooggoedzendingen binnen Noordrijn-Westfalen...","og_url":"https:\/\/www.wilms-transport.de\/nl\/geconditioneerd-transport\/diepvriestransport\/","og_site_name":"WILMS Transport GmbH","article_modified_time":"2020-07-27T13:55:08+00:00","og_image":[{"url":"https:\/\/www.wilms-transport.de\/wp-content\/uploads\/2020\/05\/Tiefkuehl-300x450.jpg","type":"","width":"","height":""}],"twitter_card":"summary_large_image","twitter_misc":{"Geschatte leestijd":"1 minuut"},"schema":{"@context":"https:\/\/schema.org","@graph":[{"@type":"WebPage","@id":"https:\/\/www.wilms-transport.de\/nl\/geconditioneerd-transport\/diepvriestransport\/","url":"https:\/\/www.wilms-transport.de\/nl\/geconditioneerd-transport\/diepvriestransport\/","name":"WILMS Transport GmbH - Diepvriestransport - diepvrieslogistiek, diepvries, koel, geconditioneerd, multitemperatuur, multi-temperatuur, geconditioneerd transport, geconditioneerd vervoer, diepvrieslogistiek, koellogistiek, koel- en vrieslogistiek, transportbedrijf, vervoersbedrijf, expediteur, logistiek dienstverlener, distributie, levensmiddelen, stukgoed, bezorging, vers, gekoeld, diepvriesproducten, koelproducten, HACCP, milieuvriendelijk transportbedrijf, Berlijn. Duitsland, Nederland, Belgi\u00eb, Wilms Transport GmbH","isPartOf":{"@id":"https:\/\/www.wilms-transport.de\/nl\/#website"},"primaryImageOfPage":{"@id":"https:\/\/www.wilms-transport.de\/nl\/geconditioneerd-transport\/diepvriestransport\/#primaryimage"},"image":{"@id":"https:\/\/www.wilms-transport.de\/nl\/geconditioneerd-transport\/diepvriestransport\/#primaryimage"},"thumbnailUrl":"https:\/\/www.wilms-transport.de\/wp-content\/uploads\/2020\/05\/Tiefkuehl-300x450.jpg","datePublished":"2020-07-21T14:02:15+00:00","dateModified":"2020-07-27T13:55:08+00:00","breadcrumb":{"@id":"https:\/\/www.wilms-transport.de\/nl\/geconditioneerd-transport\/diepvriestransport\/#breadcrumb"},"inLanguage":"nl-NL","potentialAction":[{"@type":"ReadAction","target":["https:\/\/www.wilms-transport.de\/nl\/geconditioneerd-transport\/diepvriestransport\/"]}]},{"@type":"ImageObject","inLanguage":"nl-NL","@id":"https:\/\/www.wilms-transport.de\/nl\/geconditioneerd-transport\/diepvriestransport\/#primaryimage","url":"https:\/\/www.wilms-transport.de\/wp-content\/uploads\/2020\/05\/Tiefkuehl-300x450.jpg","contentUrl":"https:\/\/www.wilms-transport.de\/wp-content\/uploads\/2020\/05\/Tiefkuehl-300x450.jpg"},{"@type":"BreadcrumbList","@id":"https:\/\/www.wilms-transport.de\/nl\/geconditioneerd-transport\/diepvriestransport\/#breadcrumb","itemListElement":[{"@type":"ListItem","position":1,"name":"Startseite","item":"https:\/\/www.wilms-transport.de\/nl\/"},{"@type":"ListItem","position":2,"name":"Geconditioneerd transport","item":"https:\/\/www.wilms-transport.de\/nl\/geconditioneerd-transport\/"},{"@type":"ListItem","position":3,"name":"Diepvriestransport"}]},{"@type":"WebSite","@id":"https:\/\/www.wilms-transport.de\/nl\/#website","url":"https:\/\/www.wilms-transport.de\/nl\/","name":"WILMS Transport GmbH","description":"Die WILMS Transport GmbH und die WILMS Tiefk\u00fchl-Service GmbH sind Mitglieder der WILMS Gruppe und spezialisiert auf die Bereiche Handel, Dienstleistung und Transport, im Besonderen auf Gro\u00dfhandel f\u00fcr Lebensmittel, Handelsmarken, Eigenmarken, Kontraktgesch\u00e4fte, Aktionen und Saison, TK-Gefl\u00fcgel, TK-Gem\u00fcse, Lagerlogistik, Supply Chain Management, Brokerlogistik, Lagerbewirtschaftung und Outsourcing, City-Logistik, Werksentsorgung, Tiefk\u00fchllogistik, K\u00fchllogistik, Tiefk\u00fchl, Tiefk\u00fchlware, K\u00fchlware, Multi-Temperatur, temperaturgef\u00fchrten Transport und Lebensmittel, die k\u00fchl, frisch oder gek\u00fchlt ankommen sollen, mit Sitz in Ludwigsfelde\/Berlin\/ Deutschland\/ Belgien\/ Niederlande\/ Benelux, die Unternehmensgruppe WILMS bietet dem Logistiker, der Spedition und dem Spediteur zahlreiche Dienstleistungen im Bereich der TK-Logistik, der Verteilung von St\u00fcckgut, Sammelgut und Teilpartien, HACCP und der Distribution und legt besonderen Wert auf \u00d6ko-Transport.","potentialAction":[{"@type":"SearchAction","target":{"@type":"EntryPoint","urlTemplate":"https:\/\/www.wilms-transport.de\/nl\/?s={search_term_string}"},"query-input":{"@type":"PropertyValueSpecification","valueRequired":true,"valueName":"search_term_string"}}],"inLanguage":"nl-NL"}]}},"_links":{"self":[{"href":"https:\/\/www.wilms-transport.de\/nl\/wp-json\/wp\/v2\/pages\/24574","targetHints":{"allow":["GET"]}}],"collection":[{"href":"https:\/\/www.wilms-transport.de\/nl\/wp-json\/wp\/v2\/pages"}],"about":[{"href":"https:\/\/www.wilms-transport.de\/nl\/wp-json\/wp\/v2\/types\/page"}],"author":[{"embeddable":true,"href":"https:\/\/www.wilms-transport.de\/nl\/wp-json\/wp\/v2\/users\/1"}],"replies":[{"embeddable":true,"href":"https:\/\/www.wilms-transport.de\/nl\/wp-json\/wp\/v2\/comments?post=24574"}],"version-history":[{"count":0,"href":"https:\/\/www.wilms-transport.de\/nl\/wp-json\/wp\/v2\/pages\/24574\/revisions"}],"up":[{"embeddable":true,"href":"https:\/\/www.wilms-transport.de\/nl\/wp-json\/wp\/v2\/pages\/24565"}],"wp:attachment":[{"href":"https:\/\/www.wilms-transport.de\/nl\/wp-json\/wp\/v2\/media?parent=24574"}],"curies":[{"name":"wp","href":"https:\/\/api.w.org\/{rel}","templated":true}]}}