{"id":24571,"date":"2020-07-21T16:01:07","date_gmt":"2020-07-21T14:01:07","guid":{"rendered":"http:\/\/wordpress.wilms-transport.de\/geconditioneerd-transport\/city-logistiek\/"},"modified":"2020-07-27T15:55:04","modified_gmt":"2020-07-27T13:55:04","slug":"city-logistiek","status":"publish","type":"page","link":"https:\/\/www.wilms-transport.de\/nl\/geconditioneerd-transport\/city-logistiek\/","title":{"rendered":"City Logistiek"},"content":{"rendered":"<div class=\"wpb-content-wrapper\"><p>[vc_row row_type=&#8221;row&#8221; use_row_as_full_screen_section=&#8221;no&#8221; type=&#8221;full_width&#8221; text_align=&#8221;left&#8221; background_animation=&#8221;none&#8221; padding_bottom=&#8221;45&#8243; css_animation=&#8221;&#8221; css=&#8221;.vc_custom_1576591972135{padding-top: 10px !important;}&#8221;][vc_column][vc_column_text]<\/p>\n<h1>City Logistiek<\/h1>\n<p><a href=\"https:\/\/www.wilms-transport.de\/wp-content\/uploads\/2020\/05\/City-Logistik.jpg\"><img loading=\"lazy\" decoding=\"async\" class=\"size-medium wp-image-23077 alignright\" src=\"https:\/\/www.wilms-transport.de\/wp-content\/uploads\/2020\/05\/City-Logistik-300x225.jpg\" alt=\"City Logistiek\" width=\"300\" height=\"225\" srcset=\"https:\/\/www.wilms-transport.de\/wp-content\/uploads\/2020\/05\/City-Logistik-300x225.jpg 300w, https:\/\/www.wilms-transport.de\/wp-content\/uploads\/2020\/05\/City-Logistik.jpg 320w\" sizes=\"auto, (max-width: 300px) 100vw, 300px\" \/><\/a>In 2001 richtte de firma WILMS Tiefk\u00fchl-Service GmbH, tegenwoordig medeaandeelhouder van WILMS Transport GmbH, ten zuiden van Berlijn een vestiging op ten behoeve van de city-logistiek. De locatie Berlin wordt ook nu nog door WILMS Transport GmbH gebruikt als op- en overslagplaats voor leveringen in Berlijn en naar Oost-Duitsland.<\/p>\n<p>Voor de regionale distributie van stukgoed worden bakwagens ingezet. <\/p>\n<p>Wij zijn gespecialiseerd in de gecombineerde uitlevering van goederen in verschillende temperatuurzones, bijvoorbeeld diepgevroren en koelproducten of drooggoed, in multitemperatuur vrachtwagens met gescheiden compartimenten. Door het bundelen van zendingen wordt het aantal contacten aan  laadplatformen in handel of horeca geoptimaliseerd.<\/p>\n<p>Om flexibel in te kunnen spelen op de vraag, werkt WILMS Transport GmbH al jarenlang samen met geselecteerde, betrouwbare partners. Europese transporten worden bijvoorbeeld uitgevoerd met vaste partners binnen het netwerk freezeline logistics. Centraal staat de individuele dienstverlening aan iedere klant, met als doel alle goederen correct en op tijd op hun bestemming uit te leveren.<\/p>\n<p>Als onderdeel van de WILMS groep zijn vele vrachtwagens voorzien van het logo van WILMS Tiefk\u00fchl-Service, de zusteronderneming.[\/vc_column_text][\/vc_column][\/vc_row]<\/p>\n<\/div>","protected":false},"excerpt":{"rendered":"<p>[vc_row row_type=&#8221;row&#8221; use_row_as_full_screen_section=&#8221;no&#8221; type=&#8221;full_width&#8221; text_align=&#8221;left&#8221; background_animation=&#8221;none&#8221; padding_bottom=&#8221;45&#8243; css_animation=&#8221;&#8221; css=&#8221;.vc_custom_1576591972135{padding-top: 10px !important;}&#8221;][vc_column][vc_column_text] City Logistiek In 2001 richtte de firma WILMS Tiefk\u00fchl-Service GmbH, tegenwoordig medeaandeelhouder van WILMS Transport GmbH, ten zuiden van Berlijn een vestiging op ten behoeve van de city-logistiek. De locatie Berlin wordt ook nu&#8230;<\/p>\n","protected":false},"author":1,"featured_media":0,"parent":24565,"menu_order":320,"comment_status":"closed","ping_status":"closed","template":"","meta":{"footnotes":""},"class_list":["post-24571","page","type-page","status-publish","hentry"],"yoast_head":"<!-- This site is optimized with the Yoast SEO plugin v27.0 - https:\/\/yoast.com\/product\/yoast-seo-wordpress\/ -->\n<title>WILMS Transport GmbH - City Logistiek - diepvrieslogistiek, diepvries, koel, geconditioneerd, multitemperatuur, multi-temperatuur, geconditioneerd transport, geconditioneerd vervoer, diepvrieslogistiek, koellogistiek, koel- en vrieslogistiek, transportbedrijf, vervoersbedrijf, expediteur, logistiek dienstverlener, distributie, levensmiddelen, stukgoed, bezorging, vers, gekoeld, diepvriesproducten, koelproducten, HACCP, milieuvriendelijk transportbedrijf, Berlijn. Duitsland, Nederland, Belgi\u00eb, Wilms Transport GmbH<\/title>\n<meta name=\"robots\" content=\"index, follow, max-snippet:-1, max-image-preview:large, max-video-preview:-1\" \/>\n<link rel=\"canonical\" href=\"https:\/\/www.wilms-transport.de\/nl\/geconditioneerd-transport\/city-logistiek\/\" \/>\n<meta property=\"og:locale\" content=\"nl_NL\" \/>\n<meta property=\"og:type\" content=\"article\" \/>\n<meta property=\"og:title\" content=\"WILMS Transport GmbH - City Logistiek - diepvrieslogistiek, diepvries, koel, geconditioneerd, multitemperatuur, multi-temperatuur, geconditioneerd transport, geconditioneerd vervoer, diepvrieslogistiek, koellogistiek, koel- en vrieslogistiek, transportbedrijf, vervoersbedrijf, expediteur, logistiek dienstverlener, distributie, levensmiddelen, stukgoed, bezorging, vers, gekoeld, diepvriesproducten, koelproducten, HACCP, milieuvriendelijk transportbedrijf, Berlijn. Duitsland, Nederland, Belgi\u00eb, Wilms Transport GmbH\" \/>\n<meta property=\"og:description\" content=\"[vc_row row_type=&#8221;row&#8221; use_row_as_full_screen_section=&#8221;no&#8221; type=&#8221;full_width&#8221; text_align=&#8221;left&#8221; background_animation=&#8221;none&#8221; padding_bottom=&#8221;45&#8243; css_animation=&#8221;&#8221; css=&#8221;.vc_custom_1576591972135{padding-top: 10px !important;}&#8221;][vc_column][vc_column_text] City Logistiek In 2001 richtte de firma WILMS Tiefk\u00fchl-Service GmbH, tegenwoordig medeaandeelhouder van WILMS Transport GmbH, ten zuiden van Berlijn een vestiging op ten behoeve van de city-logistiek. De locatie Berlin wordt ook nu...\" \/>\n<meta property=\"og:url\" content=\"https:\/\/www.wilms-transport.de\/nl\/geconditioneerd-transport\/city-logistiek\/\" \/>\n<meta property=\"og:site_name\" content=\"WILMS Transport GmbH\" \/>\n<meta property=\"article:modified_time\" content=\"2020-07-27T13:55:04+00:00\" \/>\n<meta property=\"og:image\" content=\"https:\/\/www.wilms-transport.de\/wp-content\/uploads\/2020\/05\/City-Logistik-300x225.jpg\" \/>\n<meta name=\"twitter:card\" content=\"summary_large_image\" \/>\n<meta name=\"twitter:label1\" content=\"Geschatte leestijd\" \/>\n\t<meta name=\"twitter:data1\" content=\"1 minuut\" \/>\n<script type=\"application\/ld+json\" class=\"yoast-schema-graph\">{\"@context\":\"https:\/\/schema.org\",\"@graph\":[{\"@type\":\"WebPage\",\"@id\":\"https:\/\/www.wilms-transport.de\/nl\/geconditioneerd-transport\/city-logistiek\/\",\"url\":\"https:\/\/www.wilms-transport.de\/nl\/geconditioneerd-transport\/city-logistiek\/\",\"name\":\"WILMS Transport GmbH - City Logistiek - diepvrieslogistiek, diepvries, koel, geconditioneerd, multitemperatuur, multi-temperatuur, geconditioneerd transport, geconditioneerd vervoer, diepvrieslogistiek, koellogistiek, koel- en vrieslogistiek, transportbedrijf, vervoersbedrijf, expediteur, logistiek dienstverlener, distributie, levensmiddelen, stukgoed, bezorging, vers, gekoeld, diepvriesproducten, koelproducten, HACCP, milieuvriendelijk transportbedrijf, Berlijn. Duitsland, Nederland, Belgi\u00eb, Wilms Transport GmbH\",\"isPartOf\":{\"@id\":\"https:\/\/www.wilms-transport.de\/nl\/#website\"},\"primaryImageOfPage\":{\"@id\":\"https:\/\/www.wilms-transport.de\/nl\/geconditioneerd-transport\/city-logistiek\/#primaryimage\"},\"image\":{\"@id\":\"https:\/\/www.wilms-transport.de\/nl\/geconditioneerd-transport\/city-logistiek\/#primaryimage\"},\"thumbnailUrl\":\"https:\/\/www.wilms-transport.de\/wp-content\/uploads\/2020\/05\/City-Logistik-300x225.jpg\",\"datePublished\":\"2020-07-21T14:01:07+00:00\",\"dateModified\":\"2020-07-27T13:55:04+00:00\",\"breadcrumb\":{\"@id\":\"https:\/\/www.wilms-transport.de\/nl\/geconditioneerd-transport\/city-logistiek\/#breadcrumb\"},\"inLanguage\":\"nl-NL\",\"potentialAction\":[{\"@type\":\"ReadAction\",\"target\":[\"https:\/\/www.wilms-transport.de\/nl\/geconditioneerd-transport\/city-logistiek\/\"]}]},{\"@type\":\"ImageObject\",\"inLanguage\":\"nl-NL\",\"@id\":\"https:\/\/www.wilms-transport.de\/nl\/geconditioneerd-transport\/city-logistiek\/#primaryimage\",\"url\":\"https:\/\/www.wilms-transport.de\/wp-content\/uploads\/2020\/05\/City-Logistik-300x225.jpg\",\"contentUrl\":\"https:\/\/www.wilms-transport.de\/wp-content\/uploads\/2020\/05\/City-Logistik-300x225.jpg\"},{\"@type\":\"BreadcrumbList\",\"@id\":\"https:\/\/www.wilms-transport.de\/nl\/geconditioneerd-transport\/city-logistiek\/#breadcrumb\",\"itemListElement\":[{\"@type\":\"ListItem\",\"position\":1,\"name\":\"Startseite\",\"item\":\"https:\/\/www.wilms-transport.de\/nl\/\"},{\"@type\":\"ListItem\",\"position\":2,\"name\":\"Geconditioneerd transport\",\"item\":\"https:\/\/www.wilms-transport.de\/nl\/geconditioneerd-transport\/\"},{\"@type\":\"ListItem\",\"position\":3,\"name\":\"City Logistiek\"}]},{\"@type\":\"WebSite\",\"@id\":\"https:\/\/www.wilms-transport.de\/nl\/#website\",\"url\":\"https:\/\/www.wilms-transport.de\/nl\/\",\"name\":\"WILMS Transport GmbH\",\"description\":\"Die WILMS Transport GmbH und die WILMS Tiefk\u00fchl-Service GmbH sind Mitglieder der WILMS Gruppe und spezialisiert auf die Bereiche Handel, Dienstleistung und Transport, im Besonderen auf Gro\u00dfhandel f\u00fcr Lebensmittel, Handelsmarken, Eigenmarken, Kontraktgesch\u00e4fte, Aktionen und Saison, TK-Gefl\u00fcgel, TK-Gem\u00fcse, Lagerlogistik, Supply Chain Management, Brokerlogistik, Lagerbewirtschaftung und Outsourcing, City-Logistik, Werksentsorgung, Tiefk\u00fchllogistik, K\u00fchllogistik, Tiefk\u00fchl, Tiefk\u00fchlware, K\u00fchlware, Multi-Temperatur, temperaturgef\u00fchrten Transport und Lebensmittel, die k\u00fchl, frisch oder gek\u00fchlt ankommen sollen, mit Sitz in Ludwigsfelde\/Berlin\/ Deutschland\/ Belgien\/ Niederlande\/ Benelux, die Unternehmensgruppe WILMS bietet dem Logistiker, der Spedition und dem Spediteur zahlreiche Dienstleistungen im Bereich der TK-Logistik, der Verteilung von St\u00fcckgut, Sammelgut und Teilpartien, HACCP und der Distribution und legt besonderen Wert auf \u00d6ko-Transport.\",\"potentialAction\":[{\"@type\":\"SearchAction\",\"target\":{\"@type\":\"EntryPoint\",\"urlTemplate\":\"https:\/\/www.wilms-transport.de\/nl\/?s={search_term_string}\"},\"query-input\":{\"@type\":\"PropertyValueSpecification\",\"valueRequired\":true,\"valueName\":\"search_term_string\"}}],\"inLanguage\":\"nl-NL\"}]}<\/script>\n<!-- \/ Yoast SEO plugin. -->","yoast_head_json":{"title":"WILMS Transport GmbH - City Logistiek - diepvrieslogistiek, diepvries, koel, geconditioneerd, multitemperatuur, multi-temperatuur, geconditioneerd transport, geconditioneerd vervoer, diepvrieslogistiek, koellogistiek, koel- en vrieslogistiek, transportbedrijf, vervoersbedrijf, expediteur, logistiek dienstverlener, distributie, levensmiddelen, stukgoed, bezorging, vers, gekoeld, diepvriesproducten, koelproducten, HACCP, milieuvriendelijk transportbedrijf, Berlijn. Duitsland, Nederland, Belgi\u00eb, Wilms Transport GmbH","robots":{"index":"index","follow":"follow","max-snippet":"max-snippet:-1","max-image-preview":"max-image-preview:large","max-video-preview":"max-video-preview:-1"},"canonical":"https:\/\/www.wilms-transport.de\/nl\/geconditioneerd-transport\/city-logistiek\/","og_locale":"nl_NL","og_type":"article","og_title":"WILMS Transport GmbH - City Logistiek - diepvrieslogistiek, diepvries, koel, geconditioneerd, multitemperatuur, multi-temperatuur, geconditioneerd transport, geconditioneerd vervoer, diepvrieslogistiek, koellogistiek, koel- en vrieslogistiek, transportbedrijf, vervoersbedrijf, expediteur, logistiek dienstverlener, distributie, levensmiddelen, stukgoed, bezorging, vers, gekoeld, diepvriesproducten, koelproducten, HACCP, milieuvriendelijk transportbedrijf, Berlijn. Duitsland, Nederland, Belgi\u00eb, Wilms Transport GmbH","og_description":"[vc_row row_type=&#8221;row&#8221; use_row_as_full_screen_section=&#8221;no&#8221; type=&#8221;full_width&#8221; text_align=&#8221;left&#8221; background_animation=&#8221;none&#8221; padding_bottom=&#8221;45&#8243; css_animation=&#8221;&#8221; css=&#8221;.vc_custom_1576591972135{padding-top: 10px !important;}&#8221;][vc_column][vc_column_text] City Logistiek In 2001 richtte de firma WILMS Tiefk\u00fchl-Service GmbH, tegenwoordig medeaandeelhouder van WILMS Transport GmbH, ten zuiden van Berlijn een vestiging op ten behoeve van de city-logistiek. De locatie Berlin wordt ook nu...","og_url":"https:\/\/www.wilms-transport.de\/nl\/geconditioneerd-transport\/city-logistiek\/","og_site_name":"WILMS Transport GmbH","article_modified_time":"2020-07-27T13:55:04+00:00","og_image":[{"url":"https:\/\/www.wilms-transport.de\/wp-content\/uploads\/2020\/05\/City-Logistik-300x225.jpg","type":"","width":"","height":""}],"twitter_card":"summary_large_image","twitter_misc":{"Geschatte leestijd":"1 minuut"},"schema":{"@context":"https:\/\/schema.org","@graph":[{"@type":"WebPage","@id":"https:\/\/www.wilms-transport.de\/nl\/geconditioneerd-transport\/city-logistiek\/","url":"https:\/\/www.wilms-transport.de\/nl\/geconditioneerd-transport\/city-logistiek\/","name":"WILMS Transport GmbH - City Logistiek - diepvrieslogistiek, diepvries, koel, geconditioneerd, multitemperatuur, multi-temperatuur, geconditioneerd transport, geconditioneerd vervoer, diepvrieslogistiek, koellogistiek, koel- en vrieslogistiek, transportbedrijf, vervoersbedrijf, expediteur, logistiek dienstverlener, distributie, levensmiddelen, stukgoed, bezorging, vers, gekoeld, diepvriesproducten, koelproducten, HACCP, milieuvriendelijk transportbedrijf, Berlijn. Duitsland, Nederland, Belgi\u00eb, Wilms Transport GmbH","isPartOf":{"@id":"https:\/\/www.wilms-transport.de\/nl\/#website"},"primaryImageOfPage":{"@id":"https:\/\/www.wilms-transport.de\/nl\/geconditioneerd-transport\/city-logistiek\/#primaryimage"},"image":{"@id":"https:\/\/www.wilms-transport.de\/nl\/geconditioneerd-transport\/city-logistiek\/#primaryimage"},"thumbnailUrl":"https:\/\/www.wilms-transport.de\/wp-content\/uploads\/2020\/05\/City-Logistik-300x225.jpg","datePublished":"2020-07-21T14:01:07+00:00","dateModified":"2020-07-27T13:55:04+00:00","breadcrumb":{"@id":"https:\/\/www.wilms-transport.de\/nl\/geconditioneerd-transport\/city-logistiek\/#breadcrumb"},"inLanguage":"nl-NL","potentialAction":[{"@type":"ReadAction","target":["https:\/\/www.wilms-transport.de\/nl\/geconditioneerd-transport\/city-logistiek\/"]}]},{"@type":"ImageObject","inLanguage":"nl-NL","@id":"https:\/\/www.wilms-transport.de\/nl\/geconditioneerd-transport\/city-logistiek\/#primaryimage","url":"https:\/\/www.wilms-transport.de\/wp-content\/uploads\/2020\/05\/City-Logistik-300x225.jpg","contentUrl":"https:\/\/www.wilms-transport.de\/wp-content\/uploads\/2020\/05\/City-Logistik-300x225.jpg"},{"@type":"BreadcrumbList","@id":"https:\/\/www.wilms-transport.de\/nl\/geconditioneerd-transport\/city-logistiek\/#breadcrumb","itemListElement":[{"@type":"ListItem","position":1,"name":"Startseite","item":"https:\/\/www.wilms-transport.de\/nl\/"},{"@type":"ListItem","position":2,"name":"Geconditioneerd transport","item":"https:\/\/www.wilms-transport.de\/nl\/geconditioneerd-transport\/"},{"@type":"ListItem","position":3,"name":"City Logistiek"}]},{"@type":"WebSite","@id":"https:\/\/www.wilms-transport.de\/nl\/#website","url":"https:\/\/www.wilms-transport.de\/nl\/","name":"WILMS Transport GmbH","description":"Die WILMS Transport GmbH und die WILMS Tiefk\u00fchl-Service GmbH sind Mitglieder der WILMS Gruppe und spezialisiert auf die Bereiche Handel, Dienstleistung und Transport, im Besonderen auf Gro\u00dfhandel f\u00fcr Lebensmittel, Handelsmarken, Eigenmarken, Kontraktgesch\u00e4fte, Aktionen und Saison, TK-Gefl\u00fcgel, TK-Gem\u00fcse, Lagerlogistik, Supply Chain Management, Brokerlogistik, Lagerbewirtschaftung und Outsourcing, City-Logistik, Werksentsorgung, Tiefk\u00fchllogistik, K\u00fchllogistik, Tiefk\u00fchl, Tiefk\u00fchlware, K\u00fchlware, Multi-Temperatur, temperaturgef\u00fchrten Transport und Lebensmittel, die k\u00fchl, frisch oder gek\u00fchlt ankommen sollen, mit Sitz in Ludwigsfelde\/Berlin\/ Deutschland\/ Belgien\/ Niederlande\/ Benelux, die Unternehmensgruppe WILMS bietet dem Logistiker, der Spedition und dem Spediteur zahlreiche Dienstleistungen im Bereich der TK-Logistik, der Verteilung von St\u00fcckgut, Sammelgut und Teilpartien, HACCP und der Distribution und legt besonderen Wert auf \u00d6ko-Transport.","potentialAction":[{"@type":"SearchAction","target":{"@type":"EntryPoint","urlTemplate":"https:\/\/www.wilms-transport.de\/nl\/?s={search_term_string}"},"query-input":{"@type":"PropertyValueSpecification","valueRequired":true,"valueName":"search_term_string"}}],"inLanguage":"nl-NL"}]}},"_links":{"self":[{"href":"https:\/\/www.wilms-transport.de\/nl\/wp-json\/wp\/v2\/pages\/24571","targetHints":{"allow":["GET"]}}],"collection":[{"href":"https:\/\/www.wilms-transport.de\/nl\/wp-json\/wp\/v2\/pages"}],"about":[{"href":"https:\/\/www.wilms-transport.de\/nl\/wp-json\/wp\/v2\/types\/page"}],"author":[{"embeddable":true,"href":"https:\/\/www.wilms-transport.de\/nl\/wp-json\/wp\/v2\/users\/1"}],"replies":[{"embeddable":true,"href":"https:\/\/www.wilms-transport.de\/nl\/wp-json\/wp\/v2\/comments?post=24571"}],"version-history":[{"count":0,"href":"https:\/\/www.wilms-transport.de\/nl\/wp-json\/wp\/v2\/pages\/24571\/revisions"}],"up":[{"embeddable":true,"href":"https:\/\/www.wilms-transport.de\/nl\/wp-json\/wp\/v2\/pages\/24565"}],"wp:attachment":[{"href":"https:\/\/www.wilms-transport.de\/nl\/wp-json\/wp\/v2\/media?parent=24571"}],"curies":[{"name":"wp","href":"https:\/\/api.w.org\/{rel}","templated":true}]}}