{"id":24562,"date":"2020-07-21T15:57:42","date_gmt":"2020-07-21T13:57:42","guid":{"rendered":"http:\/\/wordpress.wilms-transport.de\/bedrijf\/geschiedenis\/"},"modified":"2020-07-27T15:54:46","modified_gmt":"2020-07-27T13:54:46","slug":"geschiedenis","status":"publish","type":"page","link":"https:\/\/www.wilms-transport.de\/nl\/bedrijf\/geschiedenis\/","title":{"rendered":"Geschiedenis"},"content":{"rendered":"<div class=\"wpb-content-wrapper\"><p>[vc_row row_type=&#8221;row&#8221; use_row_as_full_screen_section=&#8221;no&#8221; type=&#8221;full_width&#8221; text_align=&#8221;left&#8221; background_animation=&#8221;none&#8221; padding_bottom=&#8221;45&#8243; css_animation=&#8221;&#8221; css=&#8221;.vc_custom_1576591792483{padding-top: 10px !important;}&#8221;][vc_column][vc_column_text]<\/p>\n<h1>Geschiedenis<\/h1>\n<p>WILMS Transport GmbH is lid van de ondernemingsgroep<br \/>\n<a href=\"https:\/\/www.wilms-gruppe.de\/\"><img loading=\"lazy\" decoding=\"async\" class=\"alignnone wp-image-22254 size-medium\" src=\"https:\/\/www.wilms-transport.de\/wp-content\/uploads\/2019\/06\/wilms_holding_rgb_120110-300x34.jpg\" alt=\"WILMS Groep\" width=\"300\" height=\"34\" srcset=\"https:\/\/www.wilms-transport.de\/wp-content\/uploads\/2019\/06\/wilms_holding_rgb_120110-300x34.jpg 300w, https:\/\/www.wilms-transport.de\/wp-content\/uploads\/2019\/06\/wilms_holding_rgb_120110-768x87.jpg 768w, https:\/\/www.wilms-transport.de\/wp-content\/uploads\/2019\/06\/wilms_holding_rgb_120110-1024x116.jpg 1024w, https:\/\/www.wilms-transport.de\/wp-content\/uploads\/2019\/06\/wilms_holding_rgb_120110-550x62.jpg 550w, https:\/\/www.wilms-transport.de\/wp-content\/uploads\/2019\/06\/wilms_holding_rgb_120110-700x79.jpg 700w, https:\/\/www.wilms-transport.de\/wp-content\/uploads\/2019\/06\/wilms_holding_rgb_120110-1100x125.jpg 1100w\" sizes=\"auto, (max-width: 300px) 100vw, 300px\" \/><\/a><\/p>\n<p>Sinds 1 januari 2010 is het vervoersbedrijf de exclusieve transportonderneming voor de ondernemingsgroep WILMS, en tevens transportpartner voor handelsondernemingen en producerende bedrijven. Het doel is WILMS Transport GmbH als professioneel transportbedrijf op de markt te positioneren.<\/p>\n<p>De oorsprong van de onderneming ligt in de transportactiviteiten van de WILMS Tiefk\u00fchl-Service GmbH (TKS) in Niederkr\u00fcchten. TKS was tot nu toe actief op het gebied van handel, dienstverlening en transport. De transporttak heeft zich sinds het einde van de  jaren 1990 voortdurend verder ontwikkeld tot een zelfstandig opererende pijler binnen onze zakelijke dienstverlening. De oprichting van WILMS Transport GmbH heeft als doel om een hogere mate aan transparantie in de dienstverlening te kunnen aanbieden.<\/p>\n<p>WILMS Transport GmbH verzorgt transporten van min 25\u00b0C tot plus 18\u00b0C. Daarnaast beschikken wij in heel Duitsland over eigen of door partners gefaciliteerde overslagcentra.<\/p>\n<p>Onze eigen vestigingen vormen daarbij het knooppunt voor de levering aan en de ontvangst van zendingen uit Europa. <\/p>\n<p>Aandeelhouders zijn enerzijds WILMS Tiefk\u00fchl-Service GmbH, en anderzijds Markus Wilms en Armin Feemers &#8211; beiden tevens directeur-aandeelhouders van TKS. Directeur van WILMS Transport GmbH is Torsten Dietrich.[\/vc_column_text][\/vc_column][\/vc_row]<\/p>\n<\/div>","protected":false},"excerpt":{"rendered":"<p>[vc_row row_type=&#8221;row&#8221; use_row_as_full_screen_section=&#8221;no&#8221; type=&#8221;full_width&#8221; text_align=&#8221;left&#8221; background_animation=&#8221;none&#8221; padding_bottom=&#8221;45&#8243; css_animation=&#8221;&#8221; css=&#8221;.vc_custom_1576591792483{padding-top: 10px !important;}&#8221;][vc_column][vc_column_text] Geschiedenis WILMS Transport GmbH is lid van de ondernemingsgroep Sinds 1 januari 2010 is het vervoersbedrijf de exclusieve transportonderneming voor de ondernemingsgroep WILMS, en tevens transportpartner voor handelsondernemingen en producerende bedrijven. Het doel is&#8230;<\/p>\n","protected":false},"author":1,"featured_media":0,"parent":24543,"menu_order":240,"comment_status":"closed","ping_status":"closed","template":"","meta":{"footnotes":""},"class_list":["post-24562","page","type-page","status-publish","hentry"],"yoast_head":"<!-- This site is optimized with the Yoast SEO plugin v27.0 - https:\/\/yoast.com\/product\/yoast-seo-wordpress\/ -->\n<title>WILMS Transport GmbH - Geschiedenis - diepvrieslogistiek, diepvries, koel, geconditioneerd, multitemperatuur, multi-temperatuur, geconditioneerd transport, geconditioneerd vervoer, diepvrieslogistiek, koellogistiek, koel- en vrieslogistiek, transportbedrijf, vervoersbedrijf, expediteur, logistiek dienstverlener, distributie, levensmiddelen, stukgoed, bezorging, vers, gekoeld, diepvriesproducten, koelproducten, HACCP, milieuvriendelijk transportbedrijf, Berlijn. Duitsland, Nederland, Belgi\u00eb, Wilms Transport GmbH<\/title>\n<meta name=\"robots\" content=\"index, follow, max-snippet:-1, max-image-preview:large, max-video-preview:-1\" \/>\n<link rel=\"canonical\" href=\"https:\/\/www.wilms-transport.de\/nl\/bedrijf\/geschiedenis\/\" \/>\n<meta property=\"og:locale\" content=\"nl_NL\" \/>\n<meta property=\"og:type\" content=\"article\" \/>\n<meta property=\"og:title\" content=\"WILMS Transport GmbH - Geschiedenis - diepvrieslogistiek, diepvries, koel, geconditioneerd, multitemperatuur, multi-temperatuur, geconditioneerd transport, geconditioneerd vervoer, diepvrieslogistiek, koellogistiek, koel- en vrieslogistiek, transportbedrijf, vervoersbedrijf, expediteur, logistiek dienstverlener, distributie, levensmiddelen, stukgoed, bezorging, vers, gekoeld, diepvriesproducten, koelproducten, HACCP, milieuvriendelijk transportbedrijf, Berlijn. Duitsland, Nederland, Belgi\u00eb, Wilms Transport GmbH\" \/>\n<meta property=\"og:description\" content=\"[vc_row row_type=&#8221;row&#8221; use_row_as_full_screen_section=&#8221;no&#8221; type=&#8221;full_width&#8221; text_align=&#8221;left&#8221; background_animation=&#8221;none&#8221; padding_bottom=&#8221;45&#8243; css_animation=&#8221;&#8221; css=&#8221;.vc_custom_1576591792483{padding-top: 10px !important;}&#8221;][vc_column][vc_column_text] Geschiedenis WILMS Transport GmbH is lid van de ondernemingsgroep Sinds 1 januari 2010 is het vervoersbedrijf de exclusieve transportonderneming voor de ondernemingsgroep WILMS, en tevens transportpartner voor handelsondernemingen en producerende bedrijven. Het doel is...\" \/>\n<meta property=\"og:url\" content=\"https:\/\/www.wilms-transport.de\/nl\/bedrijf\/geschiedenis\/\" \/>\n<meta property=\"og:site_name\" content=\"WILMS Transport GmbH\" \/>\n<meta property=\"article:modified_time\" content=\"2020-07-27T13:54:46+00:00\" \/>\n<meta property=\"og:image\" content=\"https:\/\/www.wilms-transport.de\/wp-content\/uploads\/2019\/06\/wilms_holding_rgb_120110-300x34.jpg\" \/>\n<meta name=\"twitter:card\" content=\"summary_large_image\" \/>\n<meta name=\"twitter:label1\" content=\"Geschatte leestijd\" \/>\n\t<meta name=\"twitter:data1\" content=\"1 minuut\" \/>\n<script type=\"application\/ld+json\" class=\"yoast-schema-graph\">{\"@context\":\"https:\/\/schema.org\",\"@graph\":[{\"@type\":\"WebPage\",\"@id\":\"https:\/\/www.wilms-transport.de\/nl\/bedrijf\/geschiedenis\/\",\"url\":\"https:\/\/www.wilms-transport.de\/nl\/bedrijf\/geschiedenis\/\",\"name\":\"WILMS Transport GmbH - Geschiedenis - diepvrieslogistiek, diepvries, koel, geconditioneerd, multitemperatuur, multi-temperatuur, geconditioneerd transport, geconditioneerd vervoer, diepvrieslogistiek, koellogistiek, koel- en vrieslogistiek, transportbedrijf, vervoersbedrijf, expediteur, logistiek dienstverlener, distributie, levensmiddelen, stukgoed, bezorging, vers, gekoeld, diepvriesproducten, koelproducten, HACCP, milieuvriendelijk transportbedrijf, Berlijn. Duitsland, Nederland, Belgi\u00eb, Wilms Transport GmbH\",\"isPartOf\":{\"@id\":\"https:\/\/www.wilms-transport.de\/nl\/#website\"},\"primaryImageOfPage\":{\"@id\":\"https:\/\/www.wilms-transport.de\/nl\/bedrijf\/geschiedenis\/#primaryimage\"},\"image\":{\"@id\":\"https:\/\/www.wilms-transport.de\/nl\/bedrijf\/geschiedenis\/#primaryimage\"},\"thumbnailUrl\":\"https:\/\/www.wilms-transport.de\/wp-content\/uploads\/2019\/06\/wilms_holding_rgb_120110-300x34.jpg\",\"datePublished\":\"2020-07-21T13:57:42+00:00\",\"dateModified\":\"2020-07-27T13:54:46+00:00\",\"breadcrumb\":{\"@id\":\"https:\/\/www.wilms-transport.de\/nl\/bedrijf\/geschiedenis\/#breadcrumb\"},\"inLanguage\":\"nl-NL\",\"potentialAction\":[{\"@type\":\"ReadAction\",\"target\":[\"https:\/\/www.wilms-transport.de\/nl\/bedrijf\/geschiedenis\/\"]}]},{\"@type\":\"ImageObject\",\"inLanguage\":\"nl-NL\",\"@id\":\"https:\/\/www.wilms-transport.de\/nl\/bedrijf\/geschiedenis\/#primaryimage\",\"url\":\"https:\/\/www.wilms-transport.de\/wp-content\/uploads\/2019\/06\/wilms_holding_rgb_120110-300x34.jpg\",\"contentUrl\":\"https:\/\/www.wilms-transport.de\/wp-content\/uploads\/2019\/06\/wilms_holding_rgb_120110-300x34.jpg\"},{\"@type\":\"BreadcrumbList\",\"@id\":\"https:\/\/www.wilms-transport.de\/nl\/bedrijf\/geschiedenis\/#breadcrumb\",\"itemListElement\":[{\"@type\":\"ListItem\",\"position\":1,\"name\":\"Startseite\",\"item\":\"https:\/\/www.wilms-transport.de\/nl\/\"},{\"@type\":\"ListItem\",\"position\":2,\"name\":\"bedrijf\",\"item\":\"https:\/\/www.wilms-transport.de\/nl\/bedrijf\/\"},{\"@type\":\"ListItem\",\"position\":3,\"name\":\"Geschiedenis\"}]},{\"@type\":\"WebSite\",\"@id\":\"https:\/\/www.wilms-transport.de\/nl\/#website\",\"url\":\"https:\/\/www.wilms-transport.de\/nl\/\",\"name\":\"WILMS Transport GmbH\",\"description\":\"Die WILMS Transport GmbH und die WILMS Tiefk\u00fchl-Service GmbH sind Mitglieder der WILMS Gruppe und spezialisiert auf die Bereiche Handel, Dienstleistung und Transport, im Besonderen auf Gro\u00dfhandel f\u00fcr Lebensmittel, Handelsmarken, Eigenmarken, Kontraktgesch\u00e4fte, Aktionen und Saison, TK-Gefl\u00fcgel, TK-Gem\u00fcse, Lagerlogistik, Supply Chain Management, Brokerlogistik, Lagerbewirtschaftung und Outsourcing, City-Logistik, Werksentsorgung, Tiefk\u00fchllogistik, K\u00fchllogistik, Tiefk\u00fchl, Tiefk\u00fchlware, K\u00fchlware, Multi-Temperatur, temperaturgef\u00fchrten Transport und Lebensmittel, die k\u00fchl, frisch oder gek\u00fchlt ankommen sollen, mit Sitz in Ludwigsfelde\/Berlin\/ Deutschland\/ Belgien\/ Niederlande\/ Benelux, die Unternehmensgruppe WILMS bietet dem Logistiker, der Spedition und dem Spediteur zahlreiche Dienstleistungen im Bereich der TK-Logistik, der Verteilung von St\u00fcckgut, Sammelgut und Teilpartien, HACCP und der Distribution und legt besonderen Wert auf \u00d6ko-Transport.\",\"potentialAction\":[{\"@type\":\"SearchAction\",\"target\":{\"@type\":\"EntryPoint\",\"urlTemplate\":\"https:\/\/www.wilms-transport.de\/nl\/?s={search_term_string}\"},\"query-input\":{\"@type\":\"PropertyValueSpecification\",\"valueRequired\":true,\"valueName\":\"search_term_string\"}}],\"inLanguage\":\"nl-NL\"}]}<\/script>\n<!-- \/ Yoast SEO plugin. -->","yoast_head_json":{"title":"WILMS Transport GmbH - Geschiedenis - diepvrieslogistiek, diepvries, koel, geconditioneerd, multitemperatuur, multi-temperatuur, geconditioneerd transport, geconditioneerd vervoer, diepvrieslogistiek, koellogistiek, koel- en vrieslogistiek, transportbedrijf, vervoersbedrijf, expediteur, logistiek dienstverlener, distributie, levensmiddelen, stukgoed, bezorging, vers, gekoeld, diepvriesproducten, koelproducten, HACCP, milieuvriendelijk transportbedrijf, Berlijn. Duitsland, Nederland, Belgi\u00eb, Wilms Transport GmbH","robots":{"index":"index","follow":"follow","max-snippet":"max-snippet:-1","max-image-preview":"max-image-preview:large","max-video-preview":"max-video-preview:-1"},"canonical":"https:\/\/www.wilms-transport.de\/nl\/bedrijf\/geschiedenis\/","og_locale":"nl_NL","og_type":"article","og_title":"WILMS Transport GmbH - Geschiedenis - diepvrieslogistiek, diepvries, koel, geconditioneerd, multitemperatuur, multi-temperatuur, geconditioneerd transport, geconditioneerd vervoer, diepvrieslogistiek, koellogistiek, koel- en vrieslogistiek, transportbedrijf, vervoersbedrijf, expediteur, logistiek dienstverlener, distributie, levensmiddelen, stukgoed, bezorging, vers, gekoeld, diepvriesproducten, koelproducten, HACCP, milieuvriendelijk transportbedrijf, Berlijn. Duitsland, Nederland, Belgi\u00eb, Wilms Transport GmbH","og_description":"[vc_row row_type=&#8221;row&#8221; use_row_as_full_screen_section=&#8221;no&#8221; type=&#8221;full_width&#8221; text_align=&#8221;left&#8221; background_animation=&#8221;none&#8221; padding_bottom=&#8221;45&#8243; css_animation=&#8221;&#8221; css=&#8221;.vc_custom_1576591792483{padding-top: 10px !important;}&#8221;][vc_column][vc_column_text] Geschiedenis WILMS Transport GmbH is lid van de ondernemingsgroep Sinds 1 januari 2010 is het vervoersbedrijf de exclusieve transportonderneming voor de ondernemingsgroep WILMS, en tevens transportpartner voor handelsondernemingen en producerende bedrijven. Het doel is...","og_url":"https:\/\/www.wilms-transport.de\/nl\/bedrijf\/geschiedenis\/","og_site_name":"WILMS Transport GmbH","article_modified_time":"2020-07-27T13:54:46+00:00","og_image":[{"url":"https:\/\/www.wilms-transport.de\/wp-content\/uploads\/2019\/06\/wilms_holding_rgb_120110-300x34.jpg","type":"","width":"","height":""}],"twitter_card":"summary_large_image","twitter_misc":{"Geschatte leestijd":"1 minuut"},"schema":{"@context":"https:\/\/schema.org","@graph":[{"@type":"WebPage","@id":"https:\/\/www.wilms-transport.de\/nl\/bedrijf\/geschiedenis\/","url":"https:\/\/www.wilms-transport.de\/nl\/bedrijf\/geschiedenis\/","name":"WILMS Transport GmbH - Geschiedenis - diepvrieslogistiek, diepvries, koel, geconditioneerd, multitemperatuur, multi-temperatuur, geconditioneerd transport, geconditioneerd vervoer, diepvrieslogistiek, koellogistiek, koel- en vrieslogistiek, transportbedrijf, vervoersbedrijf, expediteur, logistiek dienstverlener, distributie, levensmiddelen, stukgoed, bezorging, vers, gekoeld, diepvriesproducten, koelproducten, HACCP, milieuvriendelijk transportbedrijf, Berlijn. Duitsland, Nederland, Belgi\u00eb, Wilms Transport GmbH","isPartOf":{"@id":"https:\/\/www.wilms-transport.de\/nl\/#website"},"primaryImageOfPage":{"@id":"https:\/\/www.wilms-transport.de\/nl\/bedrijf\/geschiedenis\/#primaryimage"},"image":{"@id":"https:\/\/www.wilms-transport.de\/nl\/bedrijf\/geschiedenis\/#primaryimage"},"thumbnailUrl":"https:\/\/www.wilms-transport.de\/wp-content\/uploads\/2019\/06\/wilms_holding_rgb_120110-300x34.jpg","datePublished":"2020-07-21T13:57:42+00:00","dateModified":"2020-07-27T13:54:46+00:00","breadcrumb":{"@id":"https:\/\/www.wilms-transport.de\/nl\/bedrijf\/geschiedenis\/#breadcrumb"},"inLanguage":"nl-NL","potentialAction":[{"@type":"ReadAction","target":["https:\/\/www.wilms-transport.de\/nl\/bedrijf\/geschiedenis\/"]}]},{"@type":"ImageObject","inLanguage":"nl-NL","@id":"https:\/\/www.wilms-transport.de\/nl\/bedrijf\/geschiedenis\/#primaryimage","url":"https:\/\/www.wilms-transport.de\/wp-content\/uploads\/2019\/06\/wilms_holding_rgb_120110-300x34.jpg","contentUrl":"https:\/\/www.wilms-transport.de\/wp-content\/uploads\/2019\/06\/wilms_holding_rgb_120110-300x34.jpg"},{"@type":"BreadcrumbList","@id":"https:\/\/www.wilms-transport.de\/nl\/bedrijf\/geschiedenis\/#breadcrumb","itemListElement":[{"@type":"ListItem","position":1,"name":"Startseite","item":"https:\/\/www.wilms-transport.de\/nl\/"},{"@type":"ListItem","position":2,"name":"bedrijf","item":"https:\/\/www.wilms-transport.de\/nl\/bedrijf\/"},{"@type":"ListItem","position":3,"name":"Geschiedenis"}]},{"@type":"WebSite","@id":"https:\/\/www.wilms-transport.de\/nl\/#website","url":"https:\/\/www.wilms-transport.de\/nl\/","name":"WILMS Transport GmbH","description":"Die WILMS Transport GmbH und die WILMS Tiefk\u00fchl-Service GmbH sind Mitglieder der WILMS Gruppe und spezialisiert auf die Bereiche Handel, Dienstleistung und Transport, im Besonderen auf Gro\u00dfhandel f\u00fcr Lebensmittel, Handelsmarken, Eigenmarken, Kontraktgesch\u00e4fte, Aktionen und Saison, TK-Gefl\u00fcgel, TK-Gem\u00fcse, Lagerlogistik, Supply Chain Management, Brokerlogistik, Lagerbewirtschaftung und Outsourcing, City-Logistik, Werksentsorgung, Tiefk\u00fchllogistik, K\u00fchllogistik, Tiefk\u00fchl, Tiefk\u00fchlware, K\u00fchlware, Multi-Temperatur, temperaturgef\u00fchrten Transport und Lebensmittel, die k\u00fchl, frisch oder gek\u00fchlt ankommen sollen, mit Sitz in Ludwigsfelde\/Berlin\/ Deutschland\/ Belgien\/ Niederlande\/ Benelux, die Unternehmensgruppe WILMS bietet dem Logistiker, der Spedition und dem Spediteur zahlreiche Dienstleistungen im Bereich der TK-Logistik, der Verteilung von St\u00fcckgut, Sammelgut und Teilpartien, HACCP und der Distribution und legt besonderen Wert auf \u00d6ko-Transport.","potentialAction":[{"@type":"SearchAction","target":{"@type":"EntryPoint","urlTemplate":"https:\/\/www.wilms-transport.de\/nl\/?s={search_term_string}"},"query-input":{"@type":"PropertyValueSpecification","valueRequired":true,"valueName":"search_term_string"}}],"inLanguage":"nl-NL"}]}},"_links":{"self":[{"href":"https:\/\/www.wilms-transport.de\/nl\/wp-json\/wp\/v2\/pages\/24562","targetHints":{"allow":["GET"]}}],"collection":[{"href":"https:\/\/www.wilms-transport.de\/nl\/wp-json\/wp\/v2\/pages"}],"about":[{"href":"https:\/\/www.wilms-transport.de\/nl\/wp-json\/wp\/v2\/types\/page"}],"author":[{"embeddable":true,"href":"https:\/\/www.wilms-transport.de\/nl\/wp-json\/wp\/v2\/users\/1"}],"replies":[{"embeddable":true,"href":"https:\/\/www.wilms-transport.de\/nl\/wp-json\/wp\/v2\/comments?post=24562"}],"version-history":[{"count":0,"href":"https:\/\/www.wilms-transport.de\/nl\/wp-json\/wp\/v2\/pages\/24562\/revisions"}],"up":[{"embeddable":true,"href":"https:\/\/www.wilms-transport.de\/nl\/wp-json\/wp\/v2\/pages\/24543"}],"wp:attachment":[{"href":"https:\/\/www.wilms-transport.de\/nl\/wp-json\/wp\/v2\/media?parent=24562"}],"curies":[{"name":"wp","href":"https:\/\/api.w.org\/{rel}","templated":true}]}}