{"id":24559,"date":"2020-07-21T15:56:02","date_gmt":"2020-07-21T13:56:02","guid":{"rendered":"http:\/\/wordpress.wilms-transport.de\/bedrijf\/transport-en-dienstverlening\/"},"modified":"2020-11-06T18:41:08","modified_gmt":"2020-11-06T17:41:08","slug":"transport-en-dienstverlening","status":"publish","type":"page","link":"https:\/\/www.wilms-transport.de\/nl\/bedrijf\/transport-en-dienstverlening\/","title":{"rendered":"Transport en dienstverlening"},"content":{"rendered":"<div class=\"wpb-content-wrapper\"><p>[vc_row row_type=&#8221;row&#8221; use_row_as_full_screen_section=&#8221;no&#8221; type=&#8221;full_width&#8221; text_align=&#8221;left&#8221; background_animation=&#8221;none&#8221; padding_bottom=&#8221;45&#8243; css_animation=&#8221;&#8221; css=&#8221;.vc_custom_1576591792483{padding-top: 10px !important;}&#8221;][vc_column][vc_column_text]<\/p>\n<h1>Transport en dienstverlening<\/h1>\n<p>Optimale voorwaarden voor een  correcte en tijdige uitlevering van geconditioneerde goederen vormen voor de firma WILMS Transport GmbH een essentieel uitgangspunt. Een belangrijk aspect van deze ondernemingsfilosofie vormt daarbij de persoonlijke visie van de chauffeurs. Vele van onze vrachtwagenchauffeurs werken al sinds jaar en dag voor het bedrijf. De ondernemingsgroep is bovendien betrokken geweest bij de oprichting van een initiatief voor een chauffeursopleiding. Binnen deze logistieke co\u00f6peratie leiden ondernemingen in samenwerking met een rijschool jonge vrachtwagenchauffeurs op. Een dienstverband gericht op de lange termijn, rijden met moderne vrachtwagens, en verantwoordelijk werk: allemaal factoren, die onze chauffeurs motiveren als partner in de logistieke keten.<\/p>\n<p>Dienstverlening bij WILMS Transport GmbH betekent ook dat u de mogelijkheid heeft de goederen precies op de plaats van bestemming te laten brengen, of het nu gaat om een distributiecentrum of een kantine op de derde verdieping. Klantgerichte service is een van de grote krachten van de jonge onderneming die voortkomt uit onze traditie.[\/vc_column_text][\/vc_column][\/vc_row]<\/p>\n<\/div>","protected":false},"excerpt":{"rendered":"<p>[vc_row row_type=&#8221;row&#8221; use_row_as_full_screen_section=&#8221;no&#8221; type=&#8221;full_width&#8221; text_align=&#8221;left&#8221; background_animation=&#8221;none&#8221; padding_bottom=&#8221;45&#8243; css_animation=&#8221;&#8221; css=&#8221;.vc_custom_1576591792483{padding-top: 10px !important;}&#8221;][vc_column][vc_column_text] Transport en dienstverlening Optimale voorwaarden voor een correcte en tijdige uitlevering van geconditioneerde goederen vormen voor de firma WILMS Transport GmbH een essentieel uitgangspunt. Een belangrijk aspect van deze ondernemingsfilosofie vormt daarbij de persoonlijke&#8230;<\/p>\n","protected":false},"author":1,"featured_media":0,"parent":24543,"menu_order":230,"comment_status":"closed","ping_status":"closed","template":"","meta":{"footnotes":""},"class_list":["post-24559","page","type-page","status-publish","hentry"],"yoast_head":"<!-- This site is optimized with the Yoast SEO plugin v27.0 - https:\/\/yoast.com\/product\/yoast-seo-wordpress\/ -->\n<title>Transport en dienstverlening WILMS Transport temperatuurgecontroleerd voedsellogistiek transport magazijn logistiek contract logistiek handel groothandel ijs gebruik ijs eigen merken<\/title>\n<meta name=\"description\" content=\"Transport en dienstverlening WILMS Transport temperatuurgecontroleerd voedsellogistiek transport magazijn logistiek contract logistiek handel groothandel ijs gebruik ijs eigen merken\" \/>\n<meta name=\"robots\" content=\"index, follow, max-snippet:-1, max-image-preview:large, max-video-preview:-1\" \/>\n<link rel=\"canonical\" href=\"https:\/\/www.wilms-transport.de\/nl\/bedrijf\/transport-en-dienstverlening\/\" \/>\n<meta property=\"og:locale\" content=\"nl_NL\" \/>\n<meta property=\"og:type\" content=\"article\" \/>\n<meta property=\"og:title\" content=\"Transport en dienstverlening WILMS Transport temperatuurgecontroleerd voedsellogistiek transport magazijn logistiek contract logistiek handel groothandel ijs gebruik ijs eigen merken\" \/>\n<meta property=\"og:description\" content=\"Transport en dienstverlening WILMS Transport temperatuurgecontroleerd voedsellogistiek transport magazijn logistiek contract logistiek handel groothandel ijs gebruik ijs eigen merken\" \/>\n<meta property=\"og:url\" content=\"https:\/\/www.wilms-transport.de\/nl\/bedrijf\/transport-en-dienstverlening\/\" \/>\n<meta property=\"og:site_name\" content=\"WILMS Transport GmbH\" \/>\n<meta property=\"article:modified_time\" content=\"2020-11-06T17:41:08+00:00\" \/>\n<meta name=\"twitter:card\" content=\"summary_large_image\" \/>\n<meta name=\"twitter:label1\" content=\"Geschatte leestijd\" \/>\n\t<meta name=\"twitter:data1\" content=\"1 minuut\" \/>\n<script type=\"application\/ld+json\" class=\"yoast-schema-graph\">{\"@context\":\"https:\/\/schema.org\",\"@graph\":[{\"@type\":\"WebPage\",\"@id\":\"https:\/\/www.wilms-transport.de\/nl\/bedrijf\/transport-en-dienstverlening\/\",\"url\":\"https:\/\/www.wilms-transport.de\/nl\/bedrijf\/transport-en-dienstverlening\/\",\"name\":\"Transport en dienstverlening WILMS Transport temperatuurgecontroleerd voedsellogistiek transport magazijn logistiek contract logistiek handel groothandel ijs gebruik ijs eigen merken\",\"isPartOf\":{\"@id\":\"https:\/\/www.wilms-transport.de\/nl\/#website\"},\"datePublished\":\"2020-07-21T13:56:02+00:00\",\"dateModified\":\"2020-11-06T17:41:08+00:00\",\"description\":\"Transport en dienstverlening WILMS Transport temperatuurgecontroleerd voedsellogistiek transport magazijn logistiek contract logistiek handel groothandel ijs gebruik ijs eigen merken\",\"breadcrumb\":{\"@id\":\"https:\/\/www.wilms-transport.de\/nl\/bedrijf\/transport-en-dienstverlening\/#breadcrumb\"},\"inLanguage\":\"nl-NL\",\"potentialAction\":[{\"@type\":\"ReadAction\",\"target\":[\"https:\/\/www.wilms-transport.de\/nl\/bedrijf\/transport-en-dienstverlening\/\"]}]},{\"@type\":\"BreadcrumbList\",\"@id\":\"https:\/\/www.wilms-transport.de\/nl\/bedrijf\/transport-en-dienstverlening\/#breadcrumb\",\"itemListElement\":[{\"@type\":\"ListItem\",\"position\":1,\"name\":\"Startseite\",\"item\":\"https:\/\/www.wilms-transport.de\/nl\/\"},{\"@type\":\"ListItem\",\"position\":2,\"name\":\"bedrijf\",\"item\":\"https:\/\/www.wilms-transport.de\/nl\/bedrijf\/\"},{\"@type\":\"ListItem\",\"position\":3,\"name\":\"Transport en dienstverlening\"}]},{\"@type\":\"WebSite\",\"@id\":\"https:\/\/www.wilms-transport.de\/nl\/#website\",\"url\":\"https:\/\/www.wilms-transport.de\/nl\/\",\"name\":\"WILMS Transport GmbH\",\"description\":\"Die WILMS Transport GmbH und die WILMS Tiefk\u00fchl-Service GmbH sind Mitglieder der WILMS Gruppe und spezialisiert auf die Bereiche Handel, Dienstleistung und Transport, im Besonderen auf Gro\u00dfhandel f\u00fcr Lebensmittel, Handelsmarken, Eigenmarken, Kontraktgesch\u00e4fte, Aktionen und Saison, TK-Gefl\u00fcgel, TK-Gem\u00fcse, Lagerlogistik, Supply Chain Management, Brokerlogistik, Lagerbewirtschaftung und Outsourcing, City-Logistik, Werksentsorgung, Tiefk\u00fchllogistik, K\u00fchllogistik, Tiefk\u00fchl, Tiefk\u00fchlware, K\u00fchlware, Multi-Temperatur, temperaturgef\u00fchrten Transport und Lebensmittel, die k\u00fchl, frisch oder gek\u00fchlt ankommen sollen, mit Sitz in Ludwigsfelde\/Berlin\/ Deutschland\/ Belgien\/ Niederlande\/ Benelux, die Unternehmensgruppe WILMS bietet dem Logistiker, der Spedition und dem Spediteur zahlreiche Dienstleistungen im Bereich der TK-Logistik, der Verteilung von St\u00fcckgut, Sammelgut und Teilpartien, HACCP und der Distribution und legt besonderen Wert auf \u00d6ko-Transport.\",\"potentialAction\":[{\"@type\":\"SearchAction\",\"target\":{\"@type\":\"EntryPoint\",\"urlTemplate\":\"https:\/\/www.wilms-transport.de\/nl\/?s={search_term_string}\"},\"query-input\":{\"@type\":\"PropertyValueSpecification\",\"valueRequired\":true,\"valueName\":\"search_term_string\"}}],\"inLanguage\":\"nl-NL\"}]}<\/script>\n<!-- \/ Yoast SEO plugin. -->","yoast_head_json":{"title":"Transport en dienstverlening WILMS Transport temperatuurgecontroleerd voedsellogistiek transport magazijn logistiek contract logistiek handel groothandel ijs gebruik ijs eigen merken","description":"Transport en dienstverlening WILMS Transport temperatuurgecontroleerd voedsellogistiek transport magazijn logistiek contract logistiek handel groothandel ijs gebruik ijs eigen merken","robots":{"index":"index","follow":"follow","max-snippet":"max-snippet:-1","max-image-preview":"max-image-preview:large","max-video-preview":"max-video-preview:-1"},"canonical":"https:\/\/www.wilms-transport.de\/nl\/bedrijf\/transport-en-dienstverlening\/","og_locale":"nl_NL","og_type":"article","og_title":"Transport en dienstverlening WILMS Transport temperatuurgecontroleerd voedsellogistiek transport magazijn logistiek contract logistiek handel groothandel ijs gebruik ijs eigen merken","og_description":"Transport en dienstverlening WILMS Transport temperatuurgecontroleerd voedsellogistiek transport magazijn logistiek contract logistiek handel groothandel ijs gebruik ijs eigen merken","og_url":"https:\/\/www.wilms-transport.de\/nl\/bedrijf\/transport-en-dienstverlening\/","og_site_name":"WILMS Transport GmbH","article_modified_time":"2020-11-06T17:41:08+00:00","twitter_card":"summary_large_image","twitter_misc":{"Geschatte leestijd":"1 minuut"},"schema":{"@context":"https:\/\/schema.org","@graph":[{"@type":"WebPage","@id":"https:\/\/www.wilms-transport.de\/nl\/bedrijf\/transport-en-dienstverlening\/","url":"https:\/\/www.wilms-transport.de\/nl\/bedrijf\/transport-en-dienstverlening\/","name":"Transport en dienstverlening WILMS Transport temperatuurgecontroleerd voedsellogistiek transport magazijn logistiek contract logistiek handel groothandel ijs gebruik ijs eigen merken","isPartOf":{"@id":"https:\/\/www.wilms-transport.de\/nl\/#website"},"datePublished":"2020-07-21T13:56:02+00:00","dateModified":"2020-11-06T17:41:08+00:00","description":"Transport en dienstverlening WILMS Transport temperatuurgecontroleerd voedsellogistiek transport magazijn logistiek contract logistiek handel groothandel ijs gebruik ijs eigen merken","breadcrumb":{"@id":"https:\/\/www.wilms-transport.de\/nl\/bedrijf\/transport-en-dienstverlening\/#breadcrumb"},"inLanguage":"nl-NL","potentialAction":[{"@type":"ReadAction","target":["https:\/\/www.wilms-transport.de\/nl\/bedrijf\/transport-en-dienstverlening\/"]}]},{"@type":"BreadcrumbList","@id":"https:\/\/www.wilms-transport.de\/nl\/bedrijf\/transport-en-dienstverlening\/#breadcrumb","itemListElement":[{"@type":"ListItem","position":1,"name":"Startseite","item":"https:\/\/www.wilms-transport.de\/nl\/"},{"@type":"ListItem","position":2,"name":"bedrijf","item":"https:\/\/www.wilms-transport.de\/nl\/bedrijf\/"},{"@type":"ListItem","position":3,"name":"Transport en dienstverlening"}]},{"@type":"WebSite","@id":"https:\/\/www.wilms-transport.de\/nl\/#website","url":"https:\/\/www.wilms-transport.de\/nl\/","name":"WILMS Transport GmbH","description":"Die WILMS Transport GmbH und die WILMS Tiefk\u00fchl-Service GmbH sind Mitglieder der WILMS Gruppe und spezialisiert auf die Bereiche Handel, Dienstleistung und Transport, im Besonderen auf Gro\u00dfhandel f\u00fcr Lebensmittel, Handelsmarken, Eigenmarken, Kontraktgesch\u00e4fte, Aktionen und Saison, TK-Gefl\u00fcgel, TK-Gem\u00fcse, Lagerlogistik, Supply Chain Management, Brokerlogistik, Lagerbewirtschaftung und Outsourcing, City-Logistik, Werksentsorgung, Tiefk\u00fchllogistik, K\u00fchllogistik, Tiefk\u00fchl, Tiefk\u00fchlware, K\u00fchlware, Multi-Temperatur, temperaturgef\u00fchrten Transport und Lebensmittel, die k\u00fchl, frisch oder gek\u00fchlt ankommen sollen, mit Sitz in Ludwigsfelde\/Berlin\/ Deutschland\/ Belgien\/ Niederlande\/ Benelux, die Unternehmensgruppe WILMS bietet dem Logistiker, der Spedition und dem Spediteur zahlreiche Dienstleistungen im Bereich der TK-Logistik, der Verteilung von St\u00fcckgut, Sammelgut und Teilpartien, HACCP und der Distribution und legt besonderen Wert auf \u00d6ko-Transport.","potentialAction":[{"@type":"SearchAction","target":{"@type":"EntryPoint","urlTemplate":"https:\/\/www.wilms-transport.de\/nl\/?s={search_term_string}"},"query-input":{"@type":"PropertyValueSpecification","valueRequired":true,"valueName":"search_term_string"}}],"inLanguage":"nl-NL"}]}},"_links":{"self":[{"href":"https:\/\/www.wilms-transport.de\/nl\/wp-json\/wp\/v2\/pages\/24559","targetHints":{"allow":["GET"]}}],"collection":[{"href":"https:\/\/www.wilms-transport.de\/nl\/wp-json\/wp\/v2\/pages"}],"about":[{"href":"https:\/\/www.wilms-transport.de\/nl\/wp-json\/wp\/v2\/types\/page"}],"author":[{"embeddable":true,"href":"https:\/\/www.wilms-transport.de\/nl\/wp-json\/wp\/v2\/users\/1"}],"replies":[{"embeddable":true,"href":"https:\/\/www.wilms-transport.de\/nl\/wp-json\/wp\/v2\/comments?post=24559"}],"version-history":[{"count":0,"href":"https:\/\/www.wilms-transport.de\/nl\/wp-json\/wp\/v2\/pages\/24559\/revisions"}],"up":[{"embeddable":true,"href":"https:\/\/www.wilms-transport.de\/nl\/wp-json\/wp\/v2\/pages\/24543"}],"wp:attachment":[{"href":"https:\/\/www.wilms-transport.de\/nl\/wp-json\/wp\/v2\/media?parent=24559"}],"curies":[{"name":"wp","href":"https:\/\/api.w.org\/{rel}","templated":true}]}}