{"id":24540,"date":"2020-07-21T15:37:05","date_gmt":"2020-07-21T13:37:05","guid":{"rendered":"http:\/\/wordpress.wilms-transport.de\/nieuws\/pers\/"},"modified":"2020-07-27T15:54:18","modified_gmt":"2020-07-27T13:54:18","slug":"pers","status":"publish","type":"page","link":"https:\/\/www.wilms-transport.de\/nl\/nieuws\/pers\/","title":{"rendered":"Pers"},"content":{"rendered":"<div class=\"wpb-content-wrapper\"><p>[vc_row row_type=&#8221;row&#8221; use_row_as_full_screen_section=&#8221;no&#8221; type=&#8221;full_width&#8221; text_align=&#8221;left&#8221; background_animation=&#8221;none&#8221; padding_bottom=&#8221;45&#8243; css_animation=&#8221;&#8221; css=&#8221;.vc_custom_1576592022844{padding-top: 10px !important;}&#8221;][vc_column][vc_column_text]<\/p>\n<h1>Pers<\/h1>\n<p>[\/vc_column_text]<div class='latest_post_holder boxes two_columns five_rows'><ul><li class=\"clearfix\"><div class=\"boxes_image\"><a href=\"https:\/\/www.wilms-transport.de\/nl\/netwerk-bedrijven-integreren-vluchtelingen\/\"><span class=\"latest_post_overlay\"><i class=\"icon_plus\" aria-hidden=\"true\"><\/i><\/span><\/a><\/div><div class=\"latest_post\" ><div class=\"latest_post_text\"><span class=\"date_holder post_info_section\"><span class=\"date\">5 mei 2022<\/span><\/span><h2 class=\"latest_post_title \"><a href=\"https:\/\/www.wilms-transport.de\/nl\/netwerk-bedrijven-integreren-vluchtelingen\/\">NETWERK Bedrijven integreren vluchtelingen<\/a><\/h2><p class=\"excerpt\">Wij zijn verheugd u te kunnen meedelen dat onze bedrijvengroep is toegetreden tot het &#8220;NETZWERK Unternehmen integrieren Fl\u00fcchtlinge&#8221;. Veel bedrijven in Duitsland zetten zich reeds in voor de integratie van vluchtelingen of zijn voornemens dit te doen. Het NETZWERK Unternehmen integrieren Fl\u00fcchtlinge brengt deze bedrijven......<\/p><\/div><\/div><\/li><li class=\"clearfix\"><div class=\"boxes_image\"><a href=\"https:\/\/www.wilms-transport.de\/nl\/introductie-van-3g-controles-2\/\"><span class=\"latest_post_overlay\"><i class=\"icon_plus\" aria-hidden=\"true\"><\/i><\/span><\/a><\/div><div class=\"latest_post\" ><div class=\"latest_post_text\"><span class=\"date_holder post_info_section\"><span class=\"date\">13 december 2021<\/span><\/span><h2 class=\"latest_post_title \"><a href=\"https:\/\/www.wilms-transport.de\/nl\/introductie-van-3g-controles-2\/\">Introductie van 3G controles<\/a><\/h2><p class=\"excerpt\">Vanwege de landelijke toename van Corona-infecties, introduceren wij 3G-detectie. Toegang tot het bedrijf, het magazijn en de kantoorruimten is nu alleen mogelijk met een bewijs van de status als hersteld, volledig gevaccineerd of dagelijks getest (snelle test of PCR-test). De snelle test mag niet ouder......<\/p><\/div><\/div><\/li><li class=\"clearfix\"><div class=\"boxes_image\"><a href=\"https:\/\/www.wilms-transport.de\/nl\/introductie-van-3g-controles\/\"><span class=\"latest_post_overlay\"><i class=\"icon_plus\" aria-hidden=\"true\"><\/i><\/span><\/a><\/div><div class=\"latest_post\" ><div class=\"latest_post_text\"><span class=\"date_holder post_info_section\"><span class=\"date\">29 november 2021<\/span><\/span><h2 class=\"latest_post_title \"><a href=\"https:\/\/www.wilms-transport.de\/nl\/introductie-van-3g-controles\/\">Introductie van 3G controles<\/a><\/h2><p class=\"excerpt\">Vanwege de landelijke toename van Corona-infecties, introduceren wij 3G-detectie. Toegang tot het bedrijf, het magazijn en de kantoorruimten is nu alleen mogelijk met een bewijs van de status als hersteld, volledig gevaccineerd of dagelijks getest (snelle test of PCR-test). De snelle test mag niet ouder......<\/p><\/div><\/div><\/li><li class=\"clearfix\"><div class=\"boxes_image\"><a href=\"https:\/\/www.wilms-transport.de\/nl\/mooi-weer-volgt-op-de-storm\/\"><span class=\"latest_post_overlay\"><i class=\"icon_plus\" aria-hidden=\"true\"><\/i><\/span><\/a><\/div><div class=\"latest_post\" ><div class=\"latest_post_text\"><span class=\"date_holder post_info_section\"><span class=\"date\">21 juni 2021<\/span><\/span><h2 class=\"latest_post_title \"><a href=\"https:\/\/www.wilms-transport.de\/nl\/mooi-weer-volgt-op-de-storm\/\">Mooi weer volgt op de storm<\/a><\/h2><p class=\"excerpt\">Het stormfront van 19\/20.06.21 is weggetrokken en ook onze communicatiesystemen werken weer. Vaak vraagt men zich af of de kosten en de moeite voor redundante EDP-systemen wel nodig zijn. Op momenten als deze zijn wij echter erg blij dat zelfs stroomuitval en blikseminslag geen noemenswaardige......<\/p><\/div><\/div><\/li><li class=\"clearfix\"><div class=\"boxes_image\"><a href=\"https:\/\/www.wilms-transport.de\/nl\/uitval-telefoonsysteem-na-blikseminslag\/\"><img loading=\"lazy\" decoding=\"async\" width=\"550\" height=\"351\" src=\"https:\/\/www.wilms-transport.de\/wp-content\/uploads\/2021\/06\/Gewitter_960_720-550x351.jpg\" class=\"attachment-portfolio-default size-portfolio-default wp-post-image\" alt=\"Blitz und Sturm\" srcset=\"https:\/\/www.wilms-transport.de\/wp-content\/uploads\/2021\/06\/Gewitter_960_720-550x351.jpg 550w, https:\/\/www.wilms-transport.de\/wp-content\/uploads\/2021\/06\/Gewitter_960_720-300x192.jpg 300w, https:\/\/www.wilms-transport.de\/wp-content\/uploads\/2021\/06\/Gewitter_960_720-768x490.jpg 768w, https:\/\/www.wilms-transport.de\/wp-content\/uploads\/2021\/06\/Gewitter_960_720-800x511.jpg 800w, https:\/\/www.wilms-transport.de\/wp-content\/uploads\/2021\/06\/Gewitter_960_720-600x383.jpg 600w, https:\/\/www.wilms-transport.de\/wp-content\/uploads\/2021\/06\/Gewitter_960_720-500x319.jpg 500w, https:\/\/www.wilms-transport.de\/wp-content\/uploads\/2021\/06\/Gewitter_960_720-700x447.jpg 700w, https:\/\/www.wilms-transport.de\/wp-content\/uploads\/2021\/06\/Gewitter_960_720.jpg 960w\" sizes=\"auto, (max-width: 550px) 100vw, 550px\" \/><span class=\"latest_post_overlay\"><i class=\"icon_plus\" aria-hidden=\"true\"><\/i><\/span><\/a><\/div><div class=\"latest_post\" ><div class=\"latest_post_text\"><span class=\"date_holder post_info_section\"><span class=\"date\">20 juni 2021<\/span><\/span><h2 class=\"latest_post_title \"><a href=\"https:\/\/www.wilms-transport.de\/nl\/uitval-telefoonsysteem-na-blikseminslag\/\">Uitval telefoonsysteem na blikseminslag<\/a><\/h2><p class=\"excerpt\">Een stormfront bracht de langverwachte regen in de nacht van 19\/20.06.21. Maar door blikseminslag zijn de stroom- en watervoorziening uitgevallen. Terwijl onze datacentra al grotendeels weer online zijn, werken wij momenteel nog aan het herstel van de telefonie. Helaas zijn wij momenteel alleen per e-mail......<\/p><\/div><\/div><\/li><li class=\"clearfix\"><div class=\"boxes_image\"><a href=\"https:\/\/www.wilms-transport.de\/nl\/nieuw-bloed-in-de-vloot\/\"><span class=\"latest_post_overlay\"><i class=\"icon_plus\" aria-hidden=\"true\"><\/i><\/span><\/a><\/div><div class=\"latest_post\" ><div class=\"latest_post_text\"><span class=\"date_holder post_info_section\"><span class=\"date\">25 mei 2021<\/span><\/span><h2 class=\"latest_post_title \"><a href=\"https:\/\/www.wilms-transport.de\/nl\/nieuw-bloed-in-de-vloot\/\">Nieuw bloed in de vloot<\/a><\/h2><p class=\"excerpt\">We denken dat het tijd is om een kort nieuw bericht op deze pagina&#8217;s te zetten. Sinds enkele weken heeft ons wagenpark versterking gekregen in de vorm van twee nieuwe DAF motorvoertuigen met diepvriesopbouw, ondervloerkoelmachine en neerklapbare laadklep. Hartelijk dank aan onze leveranciers voor de......<\/p><\/div><\/div><\/li><\/ul><\/div>[\/vc_column][\/vc_row]<\/p>\n<\/div>","protected":false},"excerpt":{"rendered":"<p>[vc_row row_type=&#8221;row&#8221; use_row_as_full_screen_section=&#8221;no&#8221; type=&#8221;full_width&#8221; text_align=&#8221;left&#8221; background_animation=&#8221;none&#8221; padding_bottom=&#8221;45&#8243; css_animation=&#8221;&#8221; css=&#8221;.vc_custom_1576592022844{padding-top: 10px !important;}&#8221;][vc_column][vc_column_text] Pers [\/vc_column_text][\/vc_column][\/vc_row]<\/p>\n","protected":false},"author":1,"featured_media":0,"parent":24539,"menu_order":110,"comment_status":"closed","ping_status":"closed","template":"","meta":{"footnotes":""},"class_list":["post-24540","page","type-page","status-publish","hentry"],"yoast_head":"<!-- This site is optimized with the Yoast SEO plugin v27.0 - https:\/\/yoast.com\/product\/yoast-seo-wordpress\/ -->\n<title>WILMS Transport GmbH - Pers - diepvrieslogistiek, diepvries, koel, geconditioneerd, multitemperatuur, multi-temperatuur, geconditioneerd transport, geconditioneerd vervoer, diepvrieslogistiek, koellogistiek, koel- en vrieslogistiek, transportbedrijf, vervoersbedrijf, expediteur, logistiek dienstverlener, distributie, levensmiddelen, stukgoed, bezorging, vers, gekoeld, diepvriesproducten, koelproducten, HACCP, milieuvriendelijk transportbedrijf, Berlijn. Duitsland, Nederland, Belgi\u00eb, Wilms Transport GmbH<\/title>\n<meta name=\"robots\" content=\"index, follow, max-snippet:-1, max-image-preview:large, max-video-preview:-1\" \/>\n<link rel=\"canonical\" href=\"https:\/\/www.wilms-transport.de\/nl\/nieuws\/pers\/\" \/>\n<meta property=\"og:locale\" content=\"nl_NL\" \/>\n<meta property=\"og:type\" content=\"article\" \/>\n<meta property=\"og:title\" content=\"WILMS Transport GmbH - Pers - diepvrieslogistiek, diepvries, koel, geconditioneerd, multitemperatuur, multi-temperatuur, geconditioneerd transport, geconditioneerd vervoer, diepvrieslogistiek, koellogistiek, koel- en vrieslogistiek, transportbedrijf, vervoersbedrijf, expediteur, logistiek dienstverlener, distributie, levensmiddelen, stukgoed, bezorging, vers, gekoeld, diepvriesproducten, koelproducten, HACCP, milieuvriendelijk transportbedrijf, Berlijn. Duitsland, Nederland, Belgi\u00eb, Wilms Transport GmbH\" \/>\n<meta property=\"og:description\" content=\"[vc_row row_type=&#8221;row&#8221; use_row_as_full_screen_section=&#8221;no&#8221; type=&#8221;full_width&#8221; text_align=&#8221;left&#8221; background_animation=&#8221;none&#8221; padding_bottom=&#8221;45&#8243; css_animation=&#8221;&#8221; css=&#8221;.vc_custom_1576592022844{padding-top: 10px !important;}&#8221;][vc_column][vc_column_text] Pers [\/vc_column_text][\/vc_column][\/vc_row]\" \/>\n<meta property=\"og:url\" content=\"https:\/\/www.wilms-transport.de\/nl\/nieuws\/pers\/\" \/>\n<meta property=\"og:site_name\" content=\"WILMS Transport GmbH\" \/>\n<meta property=\"article:modified_time\" content=\"2020-07-27T13:54:18+00:00\" \/>\n<meta name=\"twitter:card\" content=\"summary_large_image\" \/>\n<script type=\"application\/ld+json\" class=\"yoast-schema-graph\">{\"@context\":\"https:\/\/schema.org\",\"@graph\":[{\"@type\":\"WebPage\",\"@id\":\"https:\/\/www.wilms-transport.de\/nl\/nieuws\/pers\/\",\"url\":\"https:\/\/www.wilms-transport.de\/nl\/nieuws\/pers\/\",\"name\":\"WILMS Transport GmbH - Pers - diepvrieslogistiek, diepvries, koel, geconditioneerd, multitemperatuur, multi-temperatuur, geconditioneerd transport, geconditioneerd vervoer, diepvrieslogistiek, koellogistiek, koel- en vrieslogistiek, transportbedrijf, vervoersbedrijf, expediteur, logistiek dienstverlener, distributie, levensmiddelen, stukgoed, bezorging, vers, gekoeld, diepvriesproducten, koelproducten, HACCP, milieuvriendelijk transportbedrijf, Berlijn. Duitsland, Nederland, Belgi\u00eb, Wilms Transport GmbH\",\"isPartOf\":{\"@id\":\"https:\/\/www.wilms-transport.de\/nl\/#website\"},\"datePublished\":\"2020-07-21T13:37:05+00:00\",\"dateModified\":\"2020-07-27T13:54:18+00:00\",\"breadcrumb\":{\"@id\":\"https:\/\/www.wilms-transport.de\/nl\/nieuws\/pers\/#breadcrumb\"},\"inLanguage\":\"nl-NL\",\"potentialAction\":[{\"@type\":\"ReadAction\",\"target\":[\"https:\/\/www.wilms-transport.de\/nl\/nieuws\/pers\/\"]}]},{\"@type\":\"BreadcrumbList\",\"@id\":\"https:\/\/www.wilms-transport.de\/nl\/nieuws\/pers\/#breadcrumb\",\"itemListElement\":[{\"@type\":\"ListItem\",\"position\":1,\"name\":\"Startseite\",\"item\":\"https:\/\/www.wilms-transport.de\/nl\/\"},{\"@type\":\"ListItem\",\"position\":2,\"name\":\"Nieuws\",\"item\":\"https:\/\/www.wilms-transport.de\/nl\/nieuws\/\"},{\"@type\":\"ListItem\",\"position\":3,\"name\":\"Pers\"}]},{\"@type\":\"WebSite\",\"@id\":\"https:\/\/www.wilms-transport.de\/nl\/#website\",\"url\":\"https:\/\/www.wilms-transport.de\/nl\/\",\"name\":\"WILMS Transport GmbH\",\"description\":\"Die WILMS Transport GmbH und die WILMS Tiefk\u00fchl-Service GmbH sind Mitglieder der WILMS Gruppe und spezialisiert auf die Bereiche Handel, Dienstleistung und Transport, im Besonderen auf Gro\u00dfhandel f\u00fcr Lebensmittel, Handelsmarken, Eigenmarken, Kontraktgesch\u00e4fte, Aktionen und Saison, TK-Gefl\u00fcgel, TK-Gem\u00fcse, Lagerlogistik, Supply Chain Management, Brokerlogistik, Lagerbewirtschaftung und Outsourcing, City-Logistik, Werksentsorgung, Tiefk\u00fchllogistik, K\u00fchllogistik, Tiefk\u00fchl, Tiefk\u00fchlware, K\u00fchlware, Multi-Temperatur, temperaturgef\u00fchrten Transport und Lebensmittel, die k\u00fchl, frisch oder gek\u00fchlt ankommen sollen, mit Sitz in Ludwigsfelde\/Berlin\/ Deutschland\/ Belgien\/ Niederlande\/ Benelux, die Unternehmensgruppe WILMS bietet dem Logistiker, der Spedition und dem Spediteur zahlreiche Dienstleistungen im Bereich der TK-Logistik, der Verteilung von St\u00fcckgut, Sammelgut und Teilpartien, HACCP und der Distribution und legt besonderen Wert auf \u00d6ko-Transport.\",\"potentialAction\":[{\"@type\":\"SearchAction\",\"target\":{\"@type\":\"EntryPoint\",\"urlTemplate\":\"https:\/\/www.wilms-transport.de\/nl\/?s={search_term_string}\"},\"query-input\":{\"@type\":\"PropertyValueSpecification\",\"valueRequired\":true,\"valueName\":\"search_term_string\"}}],\"inLanguage\":\"nl-NL\"}]}<\/script>\n<!-- \/ Yoast SEO plugin. -->","yoast_head_json":{"title":"WILMS Transport GmbH - Pers - diepvrieslogistiek, diepvries, koel, geconditioneerd, multitemperatuur, multi-temperatuur, geconditioneerd transport, geconditioneerd vervoer, diepvrieslogistiek, koellogistiek, koel- en vrieslogistiek, transportbedrijf, vervoersbedrijf, expediteur, logistiek dienstverlener, distributie, levensmiddelen, stukgoed, bezorging, vers, gekoeld, diepvriesproducten, koelproducten, HACCP, milieuvriendelijk transportbedrijf, Berlijn. Duitsland, Nederland, Belgi\u00eb, Wilms Transport GmbH","robots":{"index":"index","follow":"follow","max-snippet":"max-snippet:-1","max-image-preview":"max-image-preview:large","max-video-preview":"max-video-preview:-1"},"canonical":"https:\/\/www.wilms-transport.de\/nl\/nieuws\/pers\/","og_locale":"nl_NL","og_type":"article","og_title":"WILMS Transport GmbH - Pers - diepvrieslogistiek, diepvries, koel, geconditioneerd, multitemperatuur, multi-temperatuur, geconditioneerd transport, geconditioneerd vervoer, diepvrieslogistiek, koellogistiek, koel- en vrieslogistiek, transportbedrijf, vervoersbedrijf, expediteur, logistiek dienstverlener, distributie, levensmiddelen, stukgoed, bezorging, vers, gekoeld, diepvriesproducten, koelproducten, HACCP, milieuvriendelijk transportbedrijf, Berlijn. Duitsland, Nederland, Belgi\u00eb, Wilms Transport GmbH","og_description":"[vc_row row_type=&#8221;row&#8221; use_row_as_full_screen_section=&#8221;no&#8221; type=&#8221;full_width&#8221; text_align=&#8221;left&#8221; background_animation=&#8221;none&#8221; padding_bottom=&#8221;45&#8243; css_animation=&#8221;&#8221; css=&#8221;.vc_custom_1576592022844{padding-top: 10px !important;}&#8221;][vc_column][vc_column_text] Pers [\/vc_column_text][\/vc_column][\/vc_row]","og_url":"https:\/\/www.wilms-transport.de\/nl\/nieuws\/pers\/","og_site_name":"WILMS Transport GmbH","article_modified_time":"2020-07-27T13:54:18+00:00","twitter_card":"summary_large_image","schema":{"@context":"https:\/\/schema.org","@graph":[{"@type":"WebPage","@id":"https:\/\/www.wilms-transport.de\/nl\/nieuws\/pers\/","url":"https:\/\/www.wilms-transport.de\/nl\/nieuws\/pers\/","name":"WILMS Transport GmbH - Pers - diepvrieslogistiek, diepvries, koel, geconditioneerd, multitemperatuur, multi-temperatuur, geconditioneerd transport, geconditioneerd vervoer, diepvrieslogistiek, koellogistiek, koel- en vrieslogistiek, transportbedrijf, vervoersbedrijf, expediteur, logistiek dienstverlener, distributie, levensmiddelen, stukgoed, bezorging, vers, gekoeld, diepvriesproducten, koelproducten, HACCP, milieuvriendelijk transportbedrijf, Berlijn. Duitsland, Nederland, Belgi\u00eb, Wilms Transport GmbH","isPartOf":{"@id":"https:\/\/www.wilms-transport.de\/nl\/#website"},"datePublished":"2020-07-21T13:37:05+00:00","dateModified":"2020-07-27T13:54:18+00:00","breadcrumb":{"@id":"https:\/\/www.wilms-transport.de\/nl\/nieuws\/pers\/#breadcrumb"},"inLanguage":"nl-NL","potentialAction":[{"@type":"ReadAction","target":["https:\/\/www.wilms-transport.de\/nl\/nieuws\/pers\/"]}]},{"@type":"BreadcrumbList","@id":"https:\/\/www.wilms-transport.de\/nl\/nieuws\/pers\/#breadcrumb","itemListElement":[{"@type":"ListItem","position":1,"name":"Startseite","item":"https:\/\/www.wilms-transport.de\/nl\/"},{"@type":"ListItem","position":2,"name":"Nieuws","item":"https:\/\/www.wilms-transport.de\/nl\/nieuws\/"},{"@type":"ListItem","position":3,"name":"Pers"}]},{"@type":"WebSite","@id":"https:\/\/www.wilms-transport.de\/nl\/#website","url":"https:\/\/www.wilms-transport.de\/nl\/","name":"WILMS Transport GmbH","description":"Die WILMS Transport GmbH und die WILMS Tiefk\u00fchl-Service GmbH sind Mitglieder der WILMS Gruppe und spezialisiert auf die Bereiche Handel, Dienstleistung und Transport, im Besonderen auf Gro\u00dfhandel f\u00fcr Lebensmittel, Handelsmarken, Eigenmarken, Kontraktgesch\u00e4fte, Aktionen und Saison, TK-Gefl\u00fcgel, TK-Gem\u00fcse, Lagerlogistik, Supply Chain Management, Brokerlogistik, Lagerbewirtschaftung und Outsourcing, City-Logistik, Werksentsorgung, Tiefk\u00fchllogistik, K\u00fchllogistik, Tiefk\u00fchl, Tiefk\u00fchlware, K\u00fchlware, Multi-Temperatur, temperaturgef\u00fchrten Transport und Lebensmittel, die k\u00fchl, frisch oder gek\u00fchlt ankommen sollen, mit Sitz in Ludwigsfelde\/Berlin\/ Deutschland\/ Belgien\/ Niederlande\/ Benelux, die Unternehmensgruppe WILMS bietet dem Logistiker, der Spedition und dem Spediteur zahlreiche Dienstleistungen im Bereich der TK-Logistik, der Verteilung von St\u00fcckgut, Sammelgut und Teilpartien, HACCP und der Distribution und legt besonderen Wert auf \u00d6ko-Transport.","potentialAction":[{"@type":"SearchAction","target":{"@type":"EntryPoint","urlTemplate":"https:\/\/www.wilms-transport.de\/nl\/?s={search_term_string}"},"query-input":{"@type":"PropertyValueSpecification","valueRequired":true,"valueName":"search_term_string"}}],"inLanguage":"nl-NL"}]}},"_links":{"self":[{"href":"https:\/\/www.wilms-transport.de\/nl\/wp-json\/wp\/v2\/pages\/24540","targetHints":{"allow":["GET"]}}],"collection":[{"href":"https:\/\/www.wilms-transport.de\/nl\/wp-json\/wp\/v2\/pages"}],"about":[{"href":"https:\/\/www.wilms-transport.de\/nl\/wp-json\/wp\/v2\/types\/page"}],"author":[{"embeddable":true,"href":"https:\/\/www.wilms-transport.de\/nl\/wp-json\/wp\/v2\/users\/1"}],"replies":[{"embeddable":true,"href":"https:\/\/www.wilms-transport.de\/nl\/wp-json\/wp\/v2\/comments?post=24540"}],"version-history":[{"count":0,"href":"https:\/\/www.wilms-transport.de\/nl\/wp-json\/wp\/v2\/pages\/24540\/revisions"}],"up":[{"embeddable":true,"href":"https:\/\/www.wilms-transport.de\/nl\/wp-json\/wp\/v2\/pages\/24539"}],"wp:attachment":[{"href":"https:\/\/www.wilms-transport.de\/nl\/wp-json\/wp\/v2\/media?parent=24540"}],"curies":[{"name":"wp","href":"https:\/\/api.w.org\/{rel}","templated":true}]}}