{"id":24494,"date":"2020-07-21T15:16:03","date_gmt":"2020-07-21T13:16:03","guid":{"rendered":"http:\/\/wordpress.wilms-transport.de\/legal-notice\/"},"modified":"2020-07-27T16:01:18","modified_gmt":"2020-07-27T14:01:18","slug":"legal-notice","status":"publish","type":"page","link":"https:\/\/www.wilms-transport.de\/en\/legal-notice\/","title":{"rendered":"Legal notice"},"content":{"rendered":"<div class=\"wpb-content-wrapper\"><p>[vc_row row_type=&#8221;row&#8221; use_row_as_full_screen_section=&#8221;no&#8221; type=&#8221;full_width&#8221; text_align=&#8221;left&#8221; background_animation=&#8221;none&#8221; padding_bottom=&#8221;45&#8243; css_animation=&#8221;&#8221; css=&#8221;.vc_custom_1576592026584{padding-top: 10px !important;}&#8221;][vc_column][vc_column_text]<\/p>\n<h1>Legal notice<\/h1>\n<p>WILMS Transport GmbH<br \/>\nGottlieb-Daimler-Str. 6-8<br \/>\nD-14974 Ludwigsfelde<\/p>\n<p>T +49 (0)2163 8987-62<br \/>\nF +49 (0)2163 8987-64<br \/>\ninfo@wilms-transport.de<br \/>\nwww.wilms-transport.de<\/p>\n<p>Managing director: Armin Feemers, Torsten Dietrich<br \/>\nCommercial register: Potsdam HRB 27593 P<br \/>\nUSt-ID-Nr. (VAT ID no.): DE 266 144 334<\/p>\n<p>Supervisory authority for road haulage:<\/p>\n<p>Landesamt f\u00fcr Bauen und Verkehr (Construction and transport department), Cottbus, Brandenburg<\/p>\n<p><strong>Legal information<\/strong><\/p>\n<p><strong>Copyright<\/strong><br \/>\n\u00a9 2020 WILMS Transport GmbH. All rights reserved. The content of this website is subject to copyright and other laws for the protection of intellectual property. The content may not be used for commercial purposes or copied and forwarded or changed and used on other websites.<\/p>\n<p><strong>Trademarks<\/strong><br \/>\nAlle auf den Internetseiten genannten Marken, besonders das Logo sowie der Schriftzug Wilms Transport GmbH sind gesetzlich gesch\u00fctzte Warenzeichen der WILMS Transport GmbH. Ausgenommen sind die Logos unserer Partner auf den Partnerseiten.<\/p>\n<p><strong>Notice of liability<\/strong><br \/>\nAs a content provider, WILMS Transport is responsible for its own content, which it makes available for use in accordance with the general laws.<\/p>\n<p>This content should be distinguished from links to content provided by other providers.<\/p>\n<p>This external content does not originate at WILMS Transport, nor does it provide the opportunity to influence third party content. The external sites, which WILMS Transport GmbH indicates using links, do not reflect the company&#8217;s opinion but are only for information purposes and to provide connections.<\/p>\n<p>WILMS Transport GmbH is not liable for external content, which it refers to only in the abovementioned sense. Responsibility for it lies alone with the providers of the content.[\/vc_column_text][\/vc_column][\/vc_row]<\/p>\n<\/div>","protected":false},"excerpt":{"rendered":"<p>[vc_row row_type=&#8221;row&#8221; use_row_as_full_screen_section=&#8221;no&#8221; type=&#8221;full_width&#8221; text_align=&#8221;left&#8221; background_animation=&#8221;none&#8221; padding_bottom=&#8221;45&#8243; css_animation=&#8221;&#8221; css=&#8221;.vc_custom_1576592026584{padding-top: 10px !important;}&#8221;][vc_column][vc_column_text] Legal notice WILMS Transport GmbH Gottlieb-Daimler-Str. 6-8 D-14974 Ludwigsfelde T +49 (0)2163 8987-62 F +49 (0)2163 8987-64 info@wilms-transport.de www.wilms-transport.de Managing director: Armin Feemers, Torsten Dietrich Commercial register: Potsdam HRB 27593 P USt-ID-Nr. (VAT ID&#8230;<\/p>\n","protected":false},"author":1,"featured_media":0,"parent":0,"menu_order":800,"comment_status":"closed","ping_status":"closed","template":"","meta":{"footnotes":""},"class_list":["post-24494","page","type-page","status-publish","hentry"],"yoast_head":"<!-- This site is optimized with the Yoast SEO plugin v27.0 - https:\/\/yoast.com\/product\/yoast-seo-wordpress\/ -->\n<title>WILMS Transport GmbH - Legal notice - refrigerated logistics, food logistics, refrigerated, frozen, fresh, chilled, ambient, frozen food, frozen-food products, food products, chilled food, organic food, temperature controlled, multi-temperature, transport, carrier, distribution, small pallet shipments, HACCP, 3PL, 4PL, Berlin, Germany, Netherlands, Belgium, Wilms Transport GmbH<\/title>\n<meta name=\"robots\" content=\"index, follow, max-snippet:-1, max-image-preview:large, max-video-preview:-1\" \/>\n<link rel=\"canonical\" href=\"https:\/\/www.wilms-transport.de\/en\/legal-notice\/\" \/>\n<meta property=\"og:locale\" content=\"en_US\" \/>\n<meta property=\"og:type\" content=\"article\" \/>\n<meta property=\"og:title\" content=\"WILMS Transport GmbH - Legal notice - refrigerated logistics, food logistics, refrigerated, frozen, fresh, chilled, ambient, frozen food, frozen-food products, food products, chilled food, organic food, temperature controlled, multi-temperature, transport, carrier, distribution, small pallet shipments, HACCP, 3PL, 4PL, Berlin, Germany, Netherlands, Belgium, Wilms Transport GmbH\" \/>\n<meta property=\"og:description\" content=\"[vc_row row_type=&#8221;row&#8221; use_row_as_full_screen_section=&#8221;no&#8221; type=&#8221;full_width&#8221; text_align=&#8221;left&#8221; background_animation=&#8221;none&#8221; padding_bottom=&#8221;45&#8243; css_animation=&#8221;&#8221; css=&#8221;.vc_custom_1576592026584{padding-top: 10px !important;}&#8221;][vc_column][vc_column_text] Legal notice WILMS Transport GmbH Gottlieb-Daimler-Str. 6-8 D-14974 Ludwigsfelde T +49 (0)2163 8987-62 F +49 (0)2163 8987-64 info@wilms-transport.de www.wilms-transport.de Managing director: Armin Feemers, Torsten Dietrich Commercial register: Potsdam HRB 27593 P USt-ID-Nr. (VAT ID...\" \/>\n<meta property=\"og:url\" content=\"https:\/\/www.wilms-transport.de\/en\/legal-notice\/\" \/>\n<meta property=\"og:site_name\" content=\"WILMS Transport GmbH\" \/>\n<meta property=\"article:modified_time\" content=\"2020-07-27T14:01:18+00:00\" \/>\n<meta name=\"twitter:card\" content=\"summary_large_image\" \/>\n<meta name=\"twitter:label1\" content=\"Est. reading time\" \/>\n\t<meta name=\"twitter:data1\" content=\"1 minute\" \/>\n<script type=\"application\/ld+json\" class=\"yoast-schema-graph\">{\"@context\":\"https:\/\/schema.org\",\"@graph\":[{\"@type\":\"WebPage\",\"@id\":\"https:\/\/www.wilms-transport.de\/en\/legal-notice\/\",\"url\":\"https:\/\/www.wilms-transport.de\/en\/legal-notice\/\",\"name\":\"WILMS Transport GmbH - Legal notice - refrigerated logistics, food logistics, refrigerated, frozen, fresh, chilled, ambient, frozen food, frozen-food products, food products, chilled food, organic food, temperature controlled, multi-temperature, transport, carrier, distribution, small pallet shipments, HACCP, 3PL, 4PL, Berlin, Germany, Netherlands, Belgium, Wilms Transport GmbH\",\"isPartOf\":{\"@id\":\"https:\/\/www.wilms-transport.de\/en\/#website\"},\"datePublished\":\"2020-07-21T13:16:03+00:00\",\"dateModified\":\"2020-07-27T14:01:18+00:00\",\"breadcrumb\":{\"@id\":\"https:\/\/www.wilms-transport.de\/en\/legal-notice\/#breadcrumb\"},\"inLanguage\":\"en-US\",\"potentialAction\":[{\"@type\":\"ReadAction\",\"target\":[\"https:\/\/www.wilms-transport.de\/en\/legal-notice\/\"]}]},{\"@type\":\"BreadcrumbList\",\"@id\":\"https:\/\/www.wilms-transport.de\/en\/legal-notice\/#breadcrumb\",\"itemListElement\":[{\"@type\":\"ListItem\",\"position\":1,\"name\":\"Startseite\",\"item\":\"https:\/\/www.wilms-transport.de\/en\/\"},{\"@type\":\"ListItem\",\"position\":2,\"name\":\"Legal notice\"}]},{\"@type\":\"WebSite\",\"@id\":\"https:\/\/www.wilms-transport.de\/en\/#website\",\"url\":\"https:\/\/www.wilms-transport.de\/en\/\",\"name\":\"WILMS Transport GmbH\",\"description\":\"Die WILMS Transport GmbH und die WILMS Tiefk\u00fchl-Service GmbH sind Mitglieder der WILMS Gruppe und spezialisiert auf die Bereiche Handel, Dienstleistung und Transport, im Besonderen auf Gro\u00dfhandel f\u00fcr Lebensmittel, Handelsmarken, Eigenmarken, Kontraktgesch\u00e4fte, Aktionen und Saison, TK-Gefl\u00fcgel, TK-Gem\u00fcse, Lagerlogistik, Supply Chain Management, Brokerlogistik, Lagerbewirtschaftung und Outsourcing, City-Logistik, Werksentsorgung, Tiefk\u00fchllogistik, K\u00fchllogistik, Tiefk\u00fchl, Tiefk\u00fchlware, K\u00fchlware, Multi-Temperatur, temperaturgef\u00fchrten Transport und Lebensmittel, die k\u00fchl, frisch oder gek\u00fchlt ankommen sollen, mit Sitz in Ludwigsfelde\/Berlin\/ Deutschland\/ Belgien\/ Niederlande\/ Benelux, die Unternehmensgruppe WILMS bietet dem Logistiker, der Spedition und dem Spediteur zahlreiche Dienstleistungen im Bereich der TK-Logistik, der Verteilung von St\u00fcckgut, Sammelgut und Teilpartien, HACCP und der Distribution und legt besonderen Wert auf \u00d6ko-Transport.\",\"potentialAction\":[{\"@type\":\"SearchAction\",\"target\":{\"@type\":\"EntryPoint\",\"urlTemplate\":\"https:\/\/www.wilms-transport.de\/en\/?s={search_term_string}\"},\"query-input\":{\"@type\":\"PropertyValueSpecification\",\"valueRequired\":true,\"valueName\":\"search_term_string\"}}],\"inLanguage\":\"en-US\"}]}<\/script>\n<!-- \/ Yoast SEO plugin. -->","yoast_head_json":{"title":"WILMS Transport GmbH - Legal notice - refrigerated logistics, food logistics, refrigerated, frozen, fresh, chilled, ambient, frozen food, frozen-food products, food products, chilled food, organic food, temperature controlled, multi-temperature, transport, carrier, distribution, small pallet shipments, HACCP, 3PL, 4PL, Berlin, Germany, Netherlands, Belgium, Wilms Transport GmbH","robots":{"index":"index","follow":"follow","max-snippet":"max-snippet:-1","max-image-preview":"max-image-preview:large","max-video-preview":"max-video-preview:-1"},"canonical":"https:\/\/www.wilms-transport.de\/en\/legal-notice\/","og_locale":"en_US","og_type":"article","og_title":"WILMS Transport GmbH - Legal notice - refrigerated logistics, food logistics, refrigerated, frozen, fresh, chilled, ambient, frozen food, frozen-food products, food products, chilled food, organic food, temperature controlled, multi-temperature, transport, carrier, distribution, small pallet shipments, HACCP, 3PL, 4PL, Berlin, Germany, Netherlands, Belgium, Wilms Transport GmbH","og_description":"[vc_row row_type=&#8221;row&#8221; use_row_as_full_screen_section=&#8221;no&#8221; type=&#8221;full_width&#8221; text_align=&#8221;left&#8221; background_animation=&#8221;none&#8221; padding_bottom=&#8221;45&#8243; css_animation=&#8221;&#8221; css=&#8221;.vc_custom_1576592026584{padding-top: 10px !important;}&#8221;][vc_column][vc_column_text] Legal notice WILMS Transport GmbH Gottlieb-Daimler-Str. 6-8 D-14974 Ludwigsfelde T +49 (0)2163 8987-62 F +49 (0)2163 8987-64 info@wilms-transport.de www.wilms-transport.de Managing director: Armin Feemers, Torsten Dietrich Commercial register: Potsdam HRB 27593 P USt-ID-Nr. (VAT ID...","og_url":"https:\/\/www.wilms-transport.de\/en\/legal-notice\/","og_site_name":"WILMS Transport GmbH","article_modified_time":"2020-07-27T14:01:18+00:00","twitter_card":"summary_large_image","twitter_misc":{"Est. reading time":"1 minute"},"schema":{"@context":"https:\/\/schema.org","@graph":[{"@type":"WebPage","@id":"https:\/\/www.wilms-transport.de\/en\/legal-notice\/","url":"https:\/\/www.wilms-transport.de\/en\/legal-notice\/","name":"WILMS Transport GmbH - Legal notice - refrigerated logistics, food logistics, refrigerated, frozen, fresh, chilled, ambient, frozen food, frozen-food products, food products, chilled food, organic food, temperature controlled, multi-temperature, transport, carrier, distribution, small pallet shipments, HACCP, 3PL, 4PL, Berlin, Germany, Netherlands, Belgium, Wilms Transport GmbH","isPartOf":{"@id":"https:\/\/www.wilms-transport.de\/en\/#website"},"datePublished":"2020-07-21T13:16:03+00:00","dateModified":"2020-07-27T14:01:18+00:00","breadcrumb":{"@id":"https:\/\/www.wilms-transport.de\/en\/legal-notice\/#breadcrumb"},"inLanguage":"en-US","potentialAction":[{"@type":"ReadAction","target":["https:\/\/www.wilms-transport.de\/en\/legal-notice\/"]}]},{"@type":"BreadcrumbList","@id":"https:\/\/www.wilms-transport.de\/en\/legal-notice\/#breadcrumb","itemListElement":[{"@type":"ListItem","position":1,"name":"Startseite","item":"https:\/\/www.wilms-transport.de\/en\/"},{"@type":"ListItem","position":2,"name":"Legal notice"}]},{"@type":"WebSite","@id":"https:\/\/www.wilms-transport.de\/en\/#website","url":"https:\/\/www.wilms-transport.de\/en\/","name":"WILMS Transport GmbH","description":"Die WILMS Transport GmbH und die WILMS Tiefk\u00fchl-Service GmbH sind Mitglieder der WILMS Gruppe und spezialisiert auf die Bereiche Handel, Dienstleistung und Transport, im Besonderen auf Gro\u00dfhandel f\u00fcr Lebensmittel, Handelsmarken, Eigenmarken, Kontraktgesch\u00e4fte, Aktionen und Saison, TK-Gefl\u00fcgel, TK-Gem\u00fcse, Lagerlogistik, Supply Chain Management, Brokerlogistik, Lagerbewirtschaftung und Outsourcing, City-Logistik, Werksentsorgung, Tiefk\u00fchllogistik, K\u00fchllogistik, Tiefk\u00fchl, Tiefk\u00fchlware, K\u00fchlware, Multi-Temperatur, temperaturgef\u00fchrten Transport und Lebensmittel, die k\u00fchl, frisch oder gek\u00fchlt ankommen sollen, mit Sitz in Ludwigsfelde\/Berlin\/ Deutschland\/ Belgien\/ Niederlande\/ Benelux, die Unternehmensgruppe WILMS bietet dem Logistiker, der Spedition und dem Spediteur zahlreiche Dienstleistungen im Bereich der TK-Logistik, der Verteilung von St\u00fcckgut, Sammelgut und Teilpartien, HACCP und der Distribution und legt besonderen Wert auf \u00d6ko-Transport.","potentialAction":[{"@type":"SearchAction","target":{"@type":"EntryPoint","urlTemplate":"https:\/\/www.wilms-transport.de\/en\/?s={search_term_string}"},"query-input":{"@type":"PropertyValueSpecification","valueRequired":true,"valueName":"search_term_string"}}],"inLanguage":"en-US"}]}},"_links":{"self":[{"href":"https:\/\/www.wilms-transport.de\/en\/wp-json\/wp\/v2\/pages\/24494","targetHints":{"allow":["GET"]}}],"collection":[{"href":"https:\/\/www.wilms-transport.de\/en\/wp-json\/wp\/v2\/pages"}],"about":[{"href":"https:\/\/www.wilms-transport.de\/en\/wp-json\/wp\/v2\/types\/page"}],"author":[{"embeddable":true,"href":"https:\/\/www.wilms-transport.de\/en\/wp-json\/wp\/v2\/users\/1"}],"replies":[{"embeddable":true,"href":"https:\/\/www.wilms-transport.de\/en\/wp-json\/wp\/v2\/comments?post=24494"}],"version-history":[{"count":0,"href":"https:\/\/www.wilms-transport.de\/en\/wp-json\/wp\/v2\/pages\/24494\/revisions"}],"wp:attachment":[{"href":"https:\/\/www.wilms-transport.de\/en\/wp-json\/wp\/v2\/media?parent=24494"}],"curies":[{"name":"wp","href":"https:\/\/api.w.org\/{rel}","templated":true}]}}