{"id":24482,"date":"2020-07-21T15:06:35","date_gmt":"2020-07-21T13:06:35","guid":{"rendered":"http:\/\/wordpress.wilms-transport.de\/additional-services\/profile-wilms-tiefkuhl-service-gmbh\/"},"modified":"2020-07-27T16:00:37","modified_gmt":"2020-07-27T14:00:37","slug":"profile-wilms-tiefkuhl-service-gmbh","status":"publish","type":"page","link":"https:\/\/www.wilms-transport.de\/en\/additional-services\/profile-wilms-tiefkuhl-service-gmbh\/","title":{"rendered":"Profile WILMS Tiefk\u00fchl-Service GmbH"},"content":{"rendered":"<div class=\"wpb-content-wrapper\"><p>[vc_row row_type=&#8221;row&#8221; use_row_as_full_screen_section=&#8221;no&#8221; type=&#8221;full_width&#8221; text_align=&#8221;left&#8221; background_animation=&#8221;none&#8221; padding_bottom=&#8221;45&#8243; css_animation=&#8221;&#8221; css=&#8221;.vc_custom_1576591989451{padding-top: 10px !important;}&#8221;][vc_column][vc_column_text]<\/p>\n<h1>Profile WILMS Tiefk\u00fchl-Service GmbH<\/h1>\n<p><a href=\"https:\/\/www.wilms-transport.de\/wp-content\/uploads\/2019\/07\/wilms_transport_slider_58772b6c8d7bbd0e815e98b98c027d45.jpg\"><img loading=\"lazy\" decoding=\"async\" class=\"wp-image-22383 size-medium alignright\" src=\"https:\/\/www.wilms-transport.de\/wp-content\/uploads\/2019\/07\/wilms_transport_slider_58772b6c8d7bbd0e815e98b98c027d45-300x125.jpg\" alt=\"\" width=\"300\" height=\"125\" srcset=\"https:\/\/www.wilms-transport.de\/wp-content\/uploads\/2019\/07\/wilms_transport_slider_58772b6c8d7bbd0e815e98b98c027d45-300x125.jpg 300w, https:\/\/www.wilms-transport.de\/wp-content\/uploads\/2019\/07\/wilms_transport_slider_58772b6c8d7bbd0e815e98b98c027d45-768x320.jpg 768w, https:\/\/www.wilms-transport.de\/wp-content\/uploads\/2019\/07\/wilms_transport_slider_58772b6c8d7bbd0e815e98b98c027d45-1024x427.jpg 1024w, https:\/\/www.wilms-transport.de\/wp-content\/uploads\/2019\/07\/wilms_transport_slider_58772b6c8d7bbd0e815e98b98c027d45-550x229.jpg 550w, https:\/\/www.wilms-transport.de\/wp-content\/uploads\/2019\/07\/wilms_transport_slider_58772b6c8d7bbd0e815e98b98c027d45-700x292.jpg 700w, https:\/\/www.wilms-transport.de\/wp-content\/uploads\/2019\/07\/wilms_transport_slider_58772b6c8d7bbd0e815e98b98c027d45-1100x458.jpg 1100w, https:\/\/www.wilms-transport.de\/wp-content\/uploads\/2019\/07\/wilms_transport_slider_58772b6c8d7bbd0e815e98b98c027d45.jpg 1440w\" sizes=\"auto, (max-width: 300px) 100vw, 300px\" \/><\/a>The companies\u00a0<a class=\"external-link-new-window\" href=\"http:\/\/www.wilms-tks.de\/\" target=\"_blank\" rel=\"noopener noreferrer\">WILMS Tiefk\u00fchl-Service GmbH<\/a>\u00a0(TKS) and WILMS Transport GmbH (WTR) are members of the WILMS group. WILMS Tiefk\u00fchl-Service is an owner-managed wholesale and logistics company for temperature-controlled food and goods based in Niederkr\u00fcchten, Germany.<\/p>\n<p>The more than 90-year-old company offers German and European clients temperature-controlled logistics services and products in the temperature ranges frozen, chilled\/fresh and ambient. With the amenities of a flexible mid-sized company and increased expertise based on tradition and an ongoing interest in technological innovations, the company produces sophisticated solutions and ideas.<\/p>\n<p><a href=\"https:\/\/www.wilms-tks.de\/\"><img loading=\"lazy\" decoding=\"async\" class=\"alignnone wp-image-23169 size-full\" src=\"https:\/\/www.wilms-transport.de\/wp-content\/uploads\/2020\/05\/Download.png\" alt=\"WILMS Tiefk\u00fchl-Service GmbH (TKS)\" width=\"420\" height=\"107\" srcset=\"https:\/\/www.wilms-transport.de\/wp-content\/uploads\/2020\/05\/Download.png 420w, https:\/\/www.wilms-transport.de\/wp-content\/uploads\/2020\/05\/Download-300x76.png 300w\" sizes=\"auto, (max-width: 420px) 100vw, 420px\" \/><\/a>[\/vc_column_text][\/vc_column][\/vc_row]<\/p>\n<\/div>","protected":false},"excerpt":{"rendered":"<p>[vc_row row_type=&#8221;row&#8221; use_row_as_full_screen_section=&#8221;no&#8221; type=&#8221;full_width&#8221; text_align=&#8221;left&#8221; background_animation=&#8221;none&#8221; padding_bottom=&#8221;45&#8243; css_animation=&#8221;&#8221; css=&#8221;.vc_custom_1576591989451{padding-top: 10px !important;}&#8221;][vc_column][vc_column_text] Profile WILMS Tiefk\u00fchl-Service GmbH The companies\u00a0WILMS Tiefk\u00fchl-Service GmbH\u00a0(TKS) and WILMS Transport GmbH (WTR) are members of the WILMS group. WILMS Tiefk\u00fchl-Service is an owner-managed wholesale and logistics company for temperature-controlled food and goods based&#8230;<\/p>\n","protected":false},"author":1,"featured_media":0,"parent":24470,"menu_order":440,"comment_status":"closed","ping_status":"closed","template":"","meta":{"footnotes":""},"class_list":["post-24482","page","type-page","status-publish","hentry"],"yoast_head":"<!-- This site is optimized with the Yoast SEO plugin v27.0 - https:\/\/yoast.com\/product\/yoast-seo-wordpress\/ -->\n<title>WILMS Transport GmbH - Profile WILMS Tiefk\u00fchl-Service GmbH - refrigerated logistics, food logistics, refrigerated, frozen, fresh, chilled, ambient, frozen food, frozen-food products, food products, chilled food, organic food, temperature controlled, multi-temperature, transport, carrier, distribution, small pallet shipments, HACCP, 3PL, 4PL, Berlin, Germany, Netherlands, Belgium, Wilms Transport GmbH<\/title>\n<meta name=\"robots\" content=\"index, follow, max-snippet:-1, max-image-preview:large, max-video-preview:-1\" \/>\n<link rel=\"canonical\" href=\"https:\/\/www.wilms-transport.de\/en\/additional-services\/profile-wilms-tiefkuhl-service-gmbh\/\" \/>\n<meta property=\"og:locale\" content=\"en_US\" \/>\n<meta property=\"og:type\" content=\"article\" \/>\n<meta property=\"og:title\" content=\"WILMS Transport GmbH - Profile WILMS Tiefk\u00fchl-Service GmbH - refrigerated logistics, food logistics, refrigerated, frozen, fresh, chilled, ambient, frozen food, frozen-food products, food products, chilled food, organic food, temperature controlled, multi-temperature, transport, carrier, distribution, small pallet shipments, HACCP, 3PL, 4PL, Berlin, Germany, Netherlands, Belgium, Wilms Transport GmbH\" \/>\n<meta property=\"og:description\" content=\"[vc_row row_type=&#8221;row&#8221; use_row_as_full_screen_section=&#8221;no&#8221; type=&#8221;full_width&#8221; text_align=&#8221;left&#8221; background_animation=&#8221;none&#8221; padding_bottom=&#8221;45&#8243; css_animation=&#8221;&#8221; css=&#8221;.vc_custom_1576591989451{padding-top: 10px !important;}&#8221;][vc_column][vc_column_text] Profile WILMS Tiefk\u00fchl-Service GmbH The companies\u00a0WILMS Tiefk\u00fchl-Service GmbH\u00a0(TKS) and WILMS Transport GmbH (WTR) are members of the WILMS group. WILMS Tiefk\u00fchl-Service is an owner-managed wholesale and logistics company for temperature-controlled food and goods based...\" \/>\n<meta property=\"og:url\" content=\"https:\/\/www.wilms-transport.de\/en\/additional-services\/profile-wilms-tiefkuhl-service-gmbh\/\" \/>\n<meta property=\"og:site_name\" content=\"WILMS Transport GmbH\" \/>\n<meta property=\"article:modified_time\" content=\"2020-07-27T14:00:37+00:00\" \/>\n<meta property=\"og:image\" content=\"https:\/\/www.wilms-transport.de\/wp-content\/uploads\/2019\/07\/wilms_transport_slider_58772b6c8d7bbd0e815e98b98c027d45-300x125.jpg\" \/>\n<meta name=\"twitter:card\" content=\"summary_large_image\" \/>\n<meta name=\"twitter:label1\" content=\"Est. reading time\" \/>\n\t<meta name=\"twitter:data1\" content=\"1 minute\" \/>\n<script type=\"application\/ld+json\" class=\"yoast-schema-graph\">{\"@context\":\"https:\/\/schema.org\",\"@graph\":[{\"@type\":\"WebPage\",\"@id\":\"https:\/\/www.wilms-transport.de\/en\/additional-services\/profile-wilms-tiefkuhl-service-gmbh\/\",\"url\":\"https:\/\/www.wilms-transport.de\/en\/additional-services\/profile-wilms-tiefkuhl-service-gmbh\/\",\"name\":\"WILMS Transport GmbH - Profile WILMS Tiefk\u00fchl-Service GmbH - refrigerated logistics, food logistics, refrigerated, frozen, fresh, chilled, ambient, frozen food, frozen-food products, food products, chilled food, organic food, temperature controlled, multi-temperature, transport, carrier, distribution, small pallet shipments, HACCP, 3PL, 4PL, Berlin, Germany, Netherlands, Belgium, Wilms Transport GmbH\",\"isPartOf\":{\"@id\":\"https:\/\/www.wilms-transport.de\/en\/#website\"},\"primaryImageOfPage\":{\"@id\":\"https:\/\/www.wilms-transport.de\/en\/additional-services\/profile-wilms-tiefkuhl-service-gmbh\/#primaryimage\"},\"image\":{\"@id\":\"https:\/\/www.wilms-transport.de\/en\/additional-services\/profile-wilms-tiefkuhl-service-gmbh\/#primaryimage\"},\"thumbnailUrl\":\"https:\/\/www.wilms-transport.de\/wp-content\/uploads\/2019\/07\/wilms_transport_slider_58772b6c8d7bbd0e815e98b98c027d45-300x125.jpg\",\"datePublished\":\"2020-07-21T13:06:35+00:00\",\"dateModified\":\"2020-07-27T14:00:37+00:00\",\"breadcrumb\":{\"@id\":\"https:\/\/www.wilms-transport.de\/en\/additional-services\/profile-wilms-tiefkuhl-service-gmbh\/#breadcrumb\"},\"inLanguage\":\"en-US\",\"potentialAction\":[{\"@type\":\"ReadAction\",\"target\":[\"https:\/\/www.wilms-transport.de\/en\/additional-services\/profile-wilms-tiefkuhl-service-gmbh\/\"]}]},{\"@type\":\"ImageObject\",\"inLanguage\":\"en-US\",\"@id\":\"https:\/\/www.wilms-transport.de\/en\/additional-services\/profile-wilms-tiefkuhl-service-gmbh\/#primaryimage\",\"url\":\"https:\/\/www.wilms-transport.de\/wp-content\/uploads\/2019\/07\/wilms_transport_slider_58772b6c8d7bbd0e815e98b98c027d45-300x125.jpg\",\"contentUrl\":\"https:\/\/www.wilms-transport.de\/wp-content\/uploads\/2019\/07\/wilms_transport_slider_58772b6c8d7bbd0e815e98b98c027d45-300x125.jpg\"},{\"@type\":\"BreadcrumbList\",\"@id\":\"https:\/\/www.wilms-transport.de\/en\/additional-services\/profile-wilms-tiefkuhl-service-gmbh\/#breadcrumb\",\"itemListElement\":[{\"@type\":\"ListItem\",\"position\":1,\"name\":\"Startseite\",\"item\":\"https:\/\/www.wilms-transport.de\/en\/\"},{\"@type\":\"ListItem\",\"position\":2,\"name\":\"Additional Services\",\"item\":\"https:\/\/www.wilms-transport.de\/en\/additional-services\/\"},{\"@type\":\"ListItem\",\"position\":3,\"name\":\"Profile WILMS Tiefk\u00fchl-Service GmbH\"}]},{\"@type\":\"WebSite\",\"@id\":\"https:\/\/www.wilms-transport.de\/en\/#website\",\"url\":\"https:\/\/www.wilms-transport.de\/en\/\",\"name\":\"WILMS Transport GmbH\",\"description\":\"Die WILMS Transport GmbH und die WILMS Tiefk\u00fchl-Service GmbH sind Mitglieder der WILMS Gruppe und spezialisiert auf die Bereiche Handel, Dienstleistung und Transport, im Besonderen auf Gro\u00dfhandel f\u00fcr Lebensmittel, Handelsmarken, Eigenmarken, Kontraktgesch\u00e4fte, Aktionen und Saison, TK-Gefl\u00fcgel, TK-Gem\u00fcse, Lagerlogistik, Supply Chain Management, Brokerlogistik, Lagerbewirtschaftung und Outsourcing, City-Logistik, Werksentsorgung, Tiefk\u00fchllogistik, K\u00fchllogistik, Tiefk\u00fchl, Tiefk\u00fchlware, K\u00fchlware, Multi-Temperatur, temperaturgef\u00fchrten Transport und Lebensmittel, die k\u00fchl, frisch oder gek\u00fchlt ankommen sollen, mit Sitz in Ludwigsfelde\/Berlin\/ Deutschland\/ Belgien\/ Niederlande\/ Benelux, die Unternehmensgruppe WILMS bietet dem Logistiker, der Spedition und dem Spediteur zahlreiche Dienstleistungen im Bereich der TK-Logistik, der Verteilung von St\u00fcckgut, Sammelgut und Teilpartien, HACCP und der Distribution und legt besonderen Wert auf \u00d6ko-Transport.\",\"potentialAction\":[{\"@type\":\"SearchAction\",\"target\":{\"@type\":\"EntryPoint\",\"urlTemplate\":\"https:\/\/www.wilms-transport.de\/en\/?s={search_term_string}\"},\"query-input\":{\"@type\":\"PropertyValueSpecification\",\"valueRequired\":true,\"valueName\":\"search_term_string\"}}],\"inLanguage\":\"en-US\"}]}<\/script>\n<!-- \/ Yoast SEO plugin. -->","yoast_head_json":{"title":"WILMS Transport GmbH - Profile WILMS Tiefk\u00fchl-Service GmbH - refrigerated logistics, food logistics, refrigerated, frozen, fresh, chilled, ambient, frozen food, frozen-food products, food products, chilled food, organic food, temperature controlled, multi-temperature, transport, carrier, distribution, small pallet shipments, HACCP, 3PL, 4PL, Berlin, Germany, Netherlands, Belgium, Wilms Transport GmbH","robots":{"index":"index","follow":"follow","max-snippet":"max-snippet:-1","max-image-preview":"max-image-preview:large","max-video-preview":"max-video-preview:-1"},"canonical":"https:\/\/www.wilms-transport.de\/en\/additional-services\/profile-wilms-tiefkuhl-service-gmbh\/","og_locale":"en_US","og_type":"article","og_title":"WILMS Transport GmbH - Profile WILMS Tiefk\u00fchl-Service GmbH - refrigerated logistics, food logistics, refrigerated, frozen, fresh, chilled, ambient, frozen food, frozen-food products, food products, chilled food, organic food, temperature controlled, multi-temperature, transport, carrier, distribution, small pallet shipments, HACCP, 3PL, 4PL, Berlin, Germany, Netherlands, Belgium, Wilms Transport GmbH","og_description":"[vc_row row_type=&#8221;row&#8221; use_row_as_full_screen_section=&#8221;no&#8221; type=&#8221;full_width&#8221; text_align=&#8221;left&#8221; background_animation=&#8221;none&#8221; padding_bottom=&#8221;45&#8243; css_animation=&#8221;&#8221; css=&#8221;.vc_custom_1576591989451{padding-top: 10px !important;}&#8221;][vc_column][vc_column_text] Profile WILMS Tiefk\u00fchl-Service GmbH The companies\u00a0WILMS Tiefk\u00fchl-Service GmbH\u00a0(TKS) and WILMS Transport GmbH (WTR) are members of the WILMS group. WILMS Tiefk\u00fchl-Service is an owner-managed wholesale and logistics company for temperature-controlled food and goods based...","og_url":"https:\/\/www.wilms-transport.de\/en\/additional-services\/profile-wilms-tiefkuhl-service-gmbh\/","og_site_name":"WILMS Transport GmbH","article_modified_time":"2020-07-27T14:00:37+00:00","og_image":[{"url":"https:\/\/www.wilms-transport.de\/wp-content\/uploads\/2019\/07\/wilms_transport_slider_58772b6c8d7bbd0e815e98b98c027d45-300x125.jpg","type":"","width":"","height":""}],"twitter_card":"summary_large_image","twitter_misc":{"Est. reading time":"1 minute"},"schema":{"@context":"https:\/\/schema.org","@graph":[{"@type":"WebPage","@id":"https:\/\/www.wilms-transport.de\/en\/additional-services\/profile-wilms-tiefkuhl-service-gmbh\/","url":"https:\/\/www.wilms-transport.de\/en\/additional-services\/profile-wilms-tiefkuhl-service-gmbh\/","name":"WILMS Transport GmbH - Profile WILMS Tiefk\u00fchl-Service GmbH - refrigerated logistics, food logistics, refrigerated, frozen, fresh, chilled, ambient, frozen food, frozen-food products, food products, chilled food, organic food, temperature controlled, multi-temperature, transport, carrier, distribution, small pallet shipments, HACCP, 3PL, 4PL, Berlin, Germany, Netherlands, Belgium, Wilms Transport GmbH","isPartOf":{"@id":"https:\/\/www.wilms-transport.de\/en\/#website"},"primaryImageOfPage":{"@id":"https:\/\/www.wilms-transport.de\/en\/additional-services\/profile-wilms-tiefkuhl-service-gmbh\/#primaryimage"},"image":{"@id":"https:\/\/www.wilms-transport.de\/en\/additional-services\/profile-wilms-tiefkuhl-service-gmbh\/#primaryimage"},"thumbnailUrl":"https:\/\/www.wilms-transport.de\/wp-content\/uploads\/2019\/07\/wilms_transport_slider_58772b6c8d7bbd0e815e98b98c027d45-300x125.jpg","datePublished":"2020-07-21T13:06:35+00:00","dateModified":"2020-07-27T14:00:37+00:00","breadcrumb":{"@id":"https:\/\/www.wilms-transport.de\/en\/additional-services\/profile-wilms-tiefkuhl-service-gmbh\/#breadcrumb"},"inLanguage":"en-US","potentialAction":[{"@type":"ReadAction","target":["https:\/\/www.wilms-transport.de\/en\/additional-services\/profile-wilms-tiefkuhl-service-gmbh\/"]}]},{"@type":"ImageObject","inLanguage":"en-US","@id":"https:\/\/www.wilms-transport.de\/en\/additional-services\/profile-wilms-tiefkuhl-service-gmbh\/#primaryimage","url":"https:\/\/www.wilms-transport.de\/wp-content\/uploads\/2019\/07\/wilms_transport_slider_58772b6c8d7bbd0e815e98b98c027d45-300x125.jpg","contentUrl":"https:\/\/www.wilms-transport.de\/wp-content\/uploads\/2019\/07\/wilms_transport_slider_58772b6c8d7bbd0e815e98b98c027d45-300x125.jpg"},{"@type":"BreadcrumbList","@id":"https:\/\/www.wilms-transport.de\/en\/additional-services\/profile-wilms-tiefkuhl-service-gmbh\/#breadcrumb","itemListElement":[{"@type":"ListItem","position":1,"name":"Startseite","item":"https:\/\/www.wilms-transport.de\/en\/"},{"@type":"ListItem","position":2,"name":"Additional Services","item":"https:\/\/www.wilms-transport.de\/en\/additional-services\/"},{"@type":"ListItem","position":3,"name":"Profile WILMS Tiefk\u00fchl-Service GmbH"}]},{"@type":"WebSite","@id":"https:\/\/www.wilms-transport.de\/en\/#website","url":"https:\/\/www.wilms-transport.de\/en\/","name":"WILMS Transport GmbH","description":"Die WILMS Transport GmbH und die WILMS Tiefk\u00fchl-Service GmbH sind Mitglieder der WILMS Gruppe und spezialisiert auf die Bereiche Handel, Dienstleistung und Transport, im Besonderen auf Gro\u00dfhandel f\u00fcr Lebensmittel, Handelsmarken, Eigenmarken, Kontraktgesch\u00e4fte, Aktionen und Saison, TK-Gefl\u00fcgel, TK-Gem\u00fcse, Lagerlogistik, Supply Chain Management, Brokerlogistik, Lagerbewirtschaftung und Outsourcing, City-Logistik, Werksentsorgung, Tiefk\u00fchllogistik, K\u00fchllogistik, Tiefk\u00fchl, Tiefk\u00fchlware, K\u00fchlware, Multi-Temperatur, temperaturgef\u00fchrten Transport und Lebensmittel, die k\u00fchl, frisch oder gek\u00fchlt ankommen sollen, mit Sitz in Ludwigsfelde\/Berlin\/ Deutschland\/ Belgien\/ Niederlande\/ Benelux, die Unternehmensgruppe WILMS bietet dem Logistiker, der Spedition und dem Spediteur zahlreiche Dienstleistungen im Bereich der TK-Logistik, der Verteilung von St\u00fcckgut, Sammelgut und Teilpartien, HACCP und der Distribution und legt besonderen Wert auf \u00d6ko-Transport.","potentialAction":[{"@type":"SearchAction","target":{"@type":"EntryPoint","urlTemplate":"https:\/\/www.wilms-transport.de\/en\/?s={search_term_string}"},"query-input":{"@type":"PropertyValueSpecification","valueRequired":true,"valueName":"search_term_string"}}],"inLanguage":"en-US"}]}},"_links":{"self":[{"href":"https:\/\/www.wilms-transport.de\/en\/wp-json\/wp\/v2\/pages\/24482","targetHints":{"allow":["GET"]}}],"collection":[{"href":"https:\/\/www.wilms-transport.de\/en\/wp-json\/wp\/v2\/pages"}],"about":[{"href":"https:\/\/www.wilms-transport.de\/en\/wp-json\/wp\/v2\/types\/page"}],"author":[{"embeddable":true,"href":"https:\/\/www.wilms-transport.de\/en\/wp-json\/wp\/v2\/users\/1"}],"replies":[{"embeddable":true,"href":"https:\/\/www.wilms-transport.de\/en\/wp-json\/wp\/v2\/comments?post=24482"}],"version-history":[{"count":0,"href":"https:\/\/www.wilms-transport.de\/en\/wp-json\/wp\/v2\/pages\/24482\/revisions"}],"up":[{"embeddable":true,"href":"https:\/\/www.wilms-transport.de\/en\/wp-json\/wp\/v2\/pages\/24470"}],"wp:attachment":[{"href":"https:\/\/www.wilms-transport.de\/en\/wp-json\/wp\/v2\/media?parent=24482"}],"curies":[{"name":"wp","href":"https:\/\/api.w.org\/{rel}","templated":true}]}}