{"id":24470,"date":"2020-07-21T15:00:10","date_gmt":"2020-07-21T13:00:10","guid":{"rendered":"http:\/\/wordpress.wilms-transport.de\/additional-services\/"},"modified":"2020-07-27T16:00:07","modified_gmt":"2020-07-27T14:00:07","slug":"additional-services","status":"publish","type":"page","link":"https:\/\/www.wilms-transport.de\/en\/additional-services\/","title":{"rendered":"Additional Services"},"content":{"rendered":"<div class=\"wpb-content-wrapper\"><p>[vc_row row_type=&#8221;row&#8221; use_row_as_full_screen_section=&#8221;no&#8221; type=&#8221;full_width&#8221; text_align=&#8221;left&#8221; background_animation=&#8221;none&#8221; padding_bottom=&#8221;45&#8243; css_animation=&#8221;&#8221; css=&#8221;.vc_custom_1576591983560{padding-top: 10px !important;}&#8221;][vc_column][vc_column_text]<\/p>\n<h1>Additional Services<\/h1>\n<p>As WILMS Transport works closely with WILMS Tiefk\u00fchl-Service the result are ideal synergies for our clients. Other extra services requested in addition to transport are warehousing and order picking, for example. Using integrated systems WILMS Transport can take advantage of WILMS Tiefk\u00fchl-Service&#8217;s extensive range of services:<\/p>\n<ul>\n<li><a href=\"https:\/\/www.wilms-transport.de\/en\/additional-services\/warehousing\/\">Warehousing<\/a><\/li>\n<li><a href=\"https:\/\/www.wilms-transport.de\/en\/additional-services\/order-picking\/\">Picking<\/a><\/li>\n<li><a href=\"https:\/\/www.wilms-transport.de\/en\/additional-services\/contract-logistics\/\">Contract logistics<\/a><\/li>\n<li><a href=\"https:\/\/www.wilms-transport.de\/en\/additional-services\/profile-wilms-tiefkuhl-service-gmbh\/\">Profile of WILMS Tiefk\u00fchl-Service<\/a><\/li>\n<\/ul>\n<p>[\/vc_column_text][\/vc_column][\/vc_row]<\/p>\n<\/div>","protected":false},"excerpt":{"rendered":"<p>[vc_row row_type=&#8221;row&#8221; use_row_as_full_screen_section=&#8221;no&#8221; type=&#8221;full_width&#8221; text_align=&#8221;left&#8221; background_animation=&#8221;none&#8221; padding_bottom=&#8221;45&#8243; css_animation=&#8221;&#8221; css=&#8221;.vc_custom_1576591983560{padding-top: 10px !important;}&#8221;][vc_column][vc_column_text] Additional Services As WILMS Transport works closely with WILMS Tiefk\u00fchl-Service the result are ideal synergies for our clients. Other extra services requested in addition to transport are warehousing and order picking, for example. Using&#8230;<\/p>\n","protected":false},"author":1,"featured_media":0,"parent":0,"menu_order":400,"comment_status":"closed","ping_status":"closed","template":"","meta":{"footnotes":""},"class_list":["post-24470","page","type-page","status-publish","hentry"],"yoast_head":"<!-- This site is optimized with the Yoast SEO plugin v27.0 - https:\/\/yoast.com\/product\/yoast-seo-wordpress\/ -->\n<title>WILMS Transport GmbH - Additional Services - refrigerated logistics, food logistics, refrigerated, frozen, fresh, chilled, ambient, frozen food, frozen-food products, food products, chilled food, organic food, temperature controlled, multi-temperature, transport, carrier, distribution, small pallet shipments, HACCP, 3PL, 4PL, Berlin, Germany, Netherlands, Belgium, Wilms Transport GmbH<\/title>\n<meta name=\"robots\" content=\"index, follow, max-snippet:-1, max-image-preview:large, max-video-preview:-1\" \/>\n<link rel=\"canonical\" href=\"https:\/\/www.wilms-transport.de\/en\/additional-services\/\" \/>\n<meta property=\"og:locale\" content=\"en_US\" \/>\n<meta property=\"og:type\" content=\"article\" \/>\n<meta property=\"og:title\" content=\"WILMS Transport GmbH - Additional Services - refrigerated logistics, food logistics, refrigerated, frozen, fresh, chilled, ambient, frozen food, frozen-food products, food products, chilled food, organic food, temperature controlled, multi-temperature, transport, carrier, distribution, small pallet shipments, HACCP, 3PL, 4PL, Berlin, Germany, Netherlands, Belgium, Wilms Transport GmbH\" \/>\n<meta property=\"og:description\" content=\"[vc_row row_type=&#8221;row&#8221; use_row_as_full_screen_section=&#8221;no&#8221; type=&#8221;full_width&#8221; text_align=&#8221;left&#8221; background_animation=&#8221;none&#8221; padding_bottom=&#8221;45&#8243; css_animation=&#8221;&#8221; css=&#8221;.vc_custom_1576591983560{padding-top: 10px !important;}&#8221;][vc_column][vc_column_text] Additional Services As WILMS Transport works closely with WILMS Tiefk\u00fchl-Service the result are ideal synergies for our clients. Other extra services requested in addition to transport are warehousing and order picking, for example. Using...\" \/>\n<meta property=\"og:url\" content=\"https:\/\/www.wilms-transport.de\/en\/additional-services\/\" \/>\n<meta property=\"og:site_name\" content=\"WILMS Transport GmbH\" \/>\n<meta property=\"article:modified_time\" content=\"2020-07-27T14:00:07+00:00\" \/>\n<meta name=\"twitter:card\" content=\"summary_large_image\" \/>\n<meta name=\"twitter:label1\" content=\"Est. reading time\" \/>\n\t<meta name=\"twitter:data1\" content=\"1 minute\" \/>\n<script type=\"application\/ld+json\" class=\"yoast-schema-graph\">{\"@context\":\"https:\/\/schema.org\",\"@graph\":[{\"@type\":\"WebPage\",\"@id\":\"https:\/\/www.wilms-transport.de\/en\/additional-services\/\",\"url\":\"https:\/\/www.wilms-transport.de\/en\/additional-services\/\",\"name\":\"WILMS Transport GmbH - Additional Services - refrigerated logistics, food logistics, refrigerated, frozen, fresh, chilled, ambient, frozen food, frozen-food products, food products, chilled food, organic food, temperature controlled, multi-temperature, transport, carrier, distribution, small pallet shipments, HACCP, 3PL, 4PL, Berlin, Germany, Netherlands, Belgium, Wilms Transport GmbH\",\"isPartOf\":{\"@id\":\"https:\/\/www.wilms-transport.de\/en\/#website\"},\"datePublished\":\"2020-07-21T13:00:10+00:00\",\"dateModified\":\"2020-07-27T14:00:07+00:00\",\"breadcrumb\":{\"@id\":\"https:\/\/www.wilms-transport.de\/en\/additional-services\/#breadcrumb\"},\"inLanguage\":\"en-US\",\"potentialAction\":[{\"@type\":\"ReadAction\",\"target\":[\"https:\/\/www.wilms-transport.de\/en\/additional-services\/\"]}]},{\"@type\":\"BreadcrumbList\",\"@id\":\"https:\/\/www.wilms-transport.de\/en\/additional-services\/#breadcrumb\",\"itemListElement\":[{\"@type\":\"ListItem\",\"position\":1,\"name\":\"Startseite\",\"item\":\"https:\/\/www.wilms-transport.de\/en\/\"},{\"@type\":\"ListItem\",\"position\":2,\"name\":\"Additional Services\"}]},{\"@type\":\"WebSite\",\"@id\":\"https:\/\/www.wilms-transport.de\/en\/#website\",\"url\":\"https:\/\/www.wilms-transport.de\/en\/\",\"name\":\"WILMS Transport GmbH\",\"description\":\"Die WILMS Transport GmbH und die WILMS Tiefk\u00fchl-Service GmbH sind Mitglieder der WILMS Gruppe und spezialisiert auf die Bereiche Handel, Dienstleistung und Transport, im Besonderen auf Gro\u00dfhandel f\u00fcr Lebensmittel, Handelsmarken, Eigenmarken, Kontraktgesch\u00e4fte, Aktionen und Saison, TK-Gefl\u00fcgel, TK-Gem\u00fcse, Lagerlogistik, Supply Chain Management, Brokerlogistik, Lagerbewirtschaftung und Outsourcing, City-Logistik, Werksentsorgung, Tiefk\u00fchllogistik, K\u00fchllogistik, Tiefk\u00fchl, Tiefk\u00fchlware, K\u00fchlware, Multi-Temperatur, temperaturgef\u00fchrten Transport und Lebensmittel, die k\u00fchl, frisch oder gek\u00fchlt ankommen sollen, mit Sitz in Ludwigsfelde\/Berlin\/ Deutschland\/ Belgien\/ Niederlande\/ Benelux, die Unternehmensgruppe WILMS bietet dem Logistiker, der Spedition und dem Spediteur zahlreiche Dienstleistungen im Bereich der TK-Logistik, der Verteilung von St\u00fcckgut, Sammelgut und Teilpartien, HACCP und der Distribution und legt besonderen Wert auf \u00d6ko-Transport.\",\"potentialAction\":[{\"@type\":\"SearchAction\",\"target\":{\"@type\":\"EntryPoint\",\"urlTemplate\":\"https:\/\/www.wilms-transport.de\/en\/?s={search_term_string}\"},\"query-input\":{\"@type\":\"PropertyValueSpecification\",\"valueRequired\":true,\"valueName\":\"search_term_string\"}}],\"inLanguage\":\"en-US\"}]}<\/script>\n<!-- \/ Yoast SEO plugin. -->","yoast_head_json":{"title":"WILMS Transport GmbH - Additional Services - refrigerated logistics, food logistics, refrigerated, frozen, fresh, chilled, ambient, frozen food, frozen-food products, food products, chilled food, organic food, temperature controlled, multi-temperature, transport, carrier, distribution, small pallet shipments, HACCP, 3PL, 4PL, Berlin, Germany, Netherlands, Belgium, Wilms Transport GmbH","robots":{"index":"index","follow":"follow","max-snippet":"max-snippet:-1","max-image-preview":"max-image-preview:large","max-video-preview":"max-video-preview:-1"},"canonical":"https:\/\/www.wilms-transport.de\/en\/additional-services\/","og_locale":"en_US","og_type":"article","og_title":"WILMS Transport GmbH - Additional Services - refrigerated logistics, food logistics, refrigerated, frozen, fresh, chilled, ambient, frozen food, frozen-food products, food products, chilled food, organic food, temperature controlled, multi-temperature, transport, carrier, distribution, small pallet shipments, HACCP, 3PL, 4PL, Berlin, Germany, Netherlands, Belgium, Wilms Transport GmbH","og_description":"[vc_row row_type=&#8221;row&#8221; use_row_as_full_screen_section=&#8221;no&#8221; type=&#8221;full_width&#8221; text_align=&#8221;left&#8221; background_animation=&#8221;none&#8221; padding_bottom=&#8221;45&#8243; css_animation=&#8221;&#8221; css=&#8221;.vc_custom_1576591983560{padding-top: 10px !important;}&#8221;][vc_column][vc_column_text] Additional Services As WILMS Transport works closely with WILMS Tiefk\u00fchl-Service the result are ideal synergies for our clients. Other extra services requested in addition to transport are warehousing and order picking, for example. Using...","og_url":"https:\/\/www.wilms-transport.de\/en\/additional-services\/","og_site_name":"WILMS Transport GmbH","article_modified_time":"2020-07-27T14:00:07+00:00","twitter_card":"summary_large_image","twitter_misc":{"Est. reading time":"1 minute"},"schema":{"@context":"https:\/\/schema.org","@graph":[{"@type":"WebPage","@id":"https:\/\/www.wilms-transport.de\/en\/additional-services\/","url":"https:\/\/www.wilms-transport.de\/en\/additional-services\/","name":"WILMS Transport GmbH - Additional Services - refrigerated logistics, food logistics, refrigerated, frozen, fresh, chilled, ambient, frozen food, frozen-food products, food products, chilled food, organic food, temperature controlled, multi-temperature, transport, carrier, distribution, small pallet shipments, HACCP, 3PL, 4PL, Berlin, Germany, Netherlands, Belgium, Wilms Transport GmbH","isPartOf":{"@id":"https:\/\/www.wilms-transport.de\/en\/#website"},"datePublished":"2020-07-21T13:00:10+00:00","dateModified":"2020-07-27T14:00:07+00:00","breadcrumb":{"@id":"https:\/\/www.wilms-transport.de\/en\/additional-services\/#breadcrumb"},"inLanguage":"en-US","potentialAction":[{"@type":"ReadAction","target":["https:\/\/www.wilms-transport.de\/en\/additional-services\/"]}]},{"@type":"BreadcrumbList","@id":"https:\/\/www.wilms-transport.de\/en\/additional-services\/#breadcrumb","itemListElement":[{"@type":"ListItem","position":1,"name":"Startseite","item":"https:\/\/www.wilms-transport.de\/en\/"},{"@type":"ListItem","position":2,"name":"Additional Services"}]},{"@type":"WebSite","@id":"https:\/\/www.wilms-transport.de\/en\/#website","url":"https:\/\/www.wilms-transport.de\/en\/","name":"WILMS Transport GmbH","description":"Die WILMS Transport GmbH und die WILMS Tiefk\u00fchl-Service GmbH sind Mitglieder der WILMS Gruppe und spezialisiert auf die Bereiche Handel, Dienstleistung und Transport, im Besonderen auf Gro\u00dfhandel f\u00fcr Lebensmittel, Handelsmarken, Eigenmarken, Kontraktgesch\u00e4fte, Aktionen und Saison, TK-Gefl\u00fcgel, TK-Gem\u00fcse, Lagerlogistik, Supply Chain Management, Brokerlogistik, Lagerbewirtschaftung und Outsourcing, City-Logistik, Werksentsorgung, Tiefk\u00fchllogistik, K\u00fchllogistik, Tiefk\u00fchl, Tiefk\u00fchlware, K\u00fchlware, Multi-Temperatur, temperaturgef\u00fchrten Transport und Lebensmittel, die k\u00fchl, frisch oder gek\u00fchlt ankommen sollen, mit Sitz in Ludwigsfelde\/Berlin\/ Deutschland\/ Belgien\/ Niederlande\/ Benelux, die Unternehmensgruppe WILMS bietet dem Logistiker, der Spedition und dem Spediteur zahlreiche Dienstleistungen im Bereich der TK-Logistik, der Verteilung von St\u00fcckgut, Sammelgut und Teilpartien, HACCP und der Distribution und legt besonderen Wert auf \u00d6ko-Transport.","potentialAction":[{"@type":"SearchAction","target":{"@type":"EntryPoint","urlTemplate":"https:\/\/www.wilms-transport.de\/en\/?s={search_term_string}"},"query-input":{"@type":"PropertyValueSpecification","valueRequired":true,"valueName":"search_term_string"}}],"inLanguage":"en-US"}]}},"_links":{"self":[{"href":"https:\/\/www.wilms-transport.de\/en\/wp-json\/wp\/v2\/pages\/24470","targetHints":{"allow":["GET"]}}],"collection":[{"href":"https:\/\/www.wilms-transport.de\/en\/wp-json\/wp\/v2\/pages"}],"about":[{"href":"https:\/\/www.wilms-transport.de\/en\/wp-json\/wp\/v2\/types\/page"}],"author":[{"embeddable":true,"href":"https:\/\/www.wilms-transport.de\/en\/wp-json\/wp\/v2\/users\/1"}],"replies":[{"embeddable":true,"href":"https:\/\/www.wilms-transport.de\/en\/wp-json\/wp\/v2\/comments?post=24470"}],"version-history":[{"count":0,"href":"https:\/\/www.wilms-transport.de\/en\/wp-json\/wp\/v2\/pages\/24470\/revisions"}],"wp:attachment":[{"href":"https:\/\/www.wilms-transport.de\/en\/wp-json\/wp\/v2\/media?parent=24470"}],"curies":[{"name":"wp","href":"https:\/\/api.w.org\/{rel}","templated":true}]}}