{"id":24458,"date":"2020-07-21T14:55:26","date_gmt":"2020-07-21T12:55:26","guid":{"rendered":"http:\/\/wordpress.wilms-transport.de\/temperature-controlled-transports\/refrigerated\/"},"modified":"2020-07-27T15:59:35","modified_gmt":"2020-07-27T13:59:35","slug":"refrigerated","status":"publish","type":"page","link":"https:\/\/www.wilms-transport.de\/en\/temperature-controlled-transports\/refrigerated\/","title":{"rendered":"Refrigerated"},"content":{"rendered":"<div class=\"wpb-content-wrapper\"><p>[vc_row row_type=&#8221;row&#8221; use_row_as_full_screen_section=&#8221;no&#8221; type=&#8221;full_width&#8221; text_align=&#8221;left&#8221; background_animation=&#8221;none&#8221; padding_bottom=&#8221;45&#8243; css_animation=&#8221;&#8221; css=&#8221;.vc_custom_1576591975588{padding-top: 10px !important;}&#8221;][vc_column][vc_column_text]<\/p>\n<h1>Frozen<\/h1>\n<p><a href=\"https:\/\/www.wilms-transport.de\/wp-content\/uploads\/2020\/05\/Tiefkuehl-scaled.jpg\"><img loading=\"lazy\" decoding=\"async\" class=\"alignright size-medium wp-image-23082\" src=\"https:\/\/www.wilms-transport.de\/wp-content\/uploads\/2020\/05\/Tiefkuehl-300x450.jpg\" alt=\"Refrigerated\" width=\"300\" height=\"450\" srcset=\"https:\/\/www.wilms-transport.de\/wp-content\/uploads\/2020\/05\/Tiefkuehl-300x450.jpg 300w, https:\/\/www.wilms-transport.de\/wp-content\/uploads\/2020\/05\/Tiefkuehl-683x1024.jpg 683w, https:\/\/www.wilms-transport.de\/wp-content\/uploads\/2020\/05\/Tiefkuehl-768x1152.jpg 768w, https:\/\/www.wilms-transport.de\/wp-content\/uploads\/2020\/05\/Tiefkuehl-1024x1536.jpg 1024w, https:\/\/www.wilms-transport.de\/wp-content\/uploads\/2020\/05\/Tiefkuehl-1365x2048.jpg 1365w, https:\/\/www.wilms-transport.de\/wp-content\/uploads\/2020\/05\/Tiefkuehl-550x825.jpg 550w, https:\/\/www.wilms-transport.de\/wp-content\/uploads\/2020\/05\/Tiefkuehl-400x600.jpg 400w, https:\/\/www.wilms-transport.de\/wp-content\/uploads\/2020\/05\/Tiefkuehl-533x800.jpg 533w, https:\/\/www.wilms-transport.de\/wp-content\/uploads\/2020\/05\/Tiefkuehl-332x498.jpg 332w, https:\/\/www.wilms-transport.de\/wp-content\/uploads\/2020\/05\/Tiefkuehl-333x500.jpg 333w, https:\/\/www.wilms-transport.de\/wp-content\/uploads\/2020\/05\/Tiefkuehl-667x1000.jpg 667w, https:\/\/www.wilms-transport.de\/wp-content\/uploads\/2020\/05\/Tiefkuehl-700x1050.jpg 700w, https:\/\/www.wilms-transport.de\/wp-content\/uploads\/2020\/05\/Tiefkuehl-1100x1650.jpg 1100w, https:\/\/www.wilms-transport.de\/wp-content\/uploads\/2020\/05\/Tiefkuehl-scaled.jpg 1707w\" sizes=\"auto, (max-width: 300px) 100vw, 300px\" \/><\/a>In 1999 WILMS Tiefk\u00fchl-Service shareholders established a freezer distribution centre in Niederkr\u00fcchten, North-Rhine Westphalia. It has since been used for handling frozen, chilled and ambient consignments within the region plus as a basis for shipments to the Netherlands and Belgium. <\/p>\n<p>Due to the vast extent of the site, WILMS Transport is able to operate based on the cross docking principle. For example, goods arriving can be reloaded directly on to new vehicles without having to provide temporary storage for them. This means the company guarantees continuity in the cold chain and operates in the clients&#8217; best interests by using time economically. Like cross docking, the transshipment process also used emphasises the proven space requirements, which WTR has available.[\/vc_column_text][\/vc_column][\/vc_row]<\/p>\n<\/div>","protected":false},"excerpt":{"rendered":"<p>[vc_row row_type=&#8221;row&#8221; use_row_as_full_screen_section=&#8221;no&#8221; type=&#8221;full_width&#8221; text_align=&#8221;left&#8221; background_animation=&#8221;none&#8221; padding_bottom=&#8221;45&#8243; css_animation=&#8221;&#8221; css=&#8221;.vc_custom_1576591975588{padding-top: 10px !important;}&#8221;][vc_column][vc_column_text] Frozen In 1999 WILMS Tiefk\u00fchl-Service shareholders established a freezer distribution centre in Niederkr\u00fcchten, North-Rhine Westphalia. It has since been used for handling frozen, chilled and ambient consignments within the region plus as a basis&#8230;<\/p>\n","protected":false},"author":1,"featured_media":0,"parent":24449,"menu_order":330,"comment_status":"closed","ping_status":"closed","template":"","meta":{"footnotes":""},"class_list":["post-24458","page","type-page","status-publish","hentry"],"yoast_head":"<!-- This site is optimized with the Yoast SEO plugin v27.0 - https:\/\/yoast.com\/product\/yoast-seo-wordpress\/ -->\n<title>WILMS Transport GmbH - Refrigerated - refrigerated logistics, food logistics, refrigerated, frozen, fresh, chilled, ambient, frozen food, frozen-food products, food products, chilled food, organic food, temperature controlled, multi-temperature, transport, carrier, distribution, small pallet shipments, HACCP, 3PL, 4PL, Berlin, Germany, Netherlands, Belgium, Wilms Transport GmbH<\/title>\n<meta name=\"robots\" content=\"index, follow, max-snippet:-1, max-image-preview:large, max-video-preview:-1\" \/>\n<link rel=\"canonical\" href=\"https:\/\/www.wilms-transport.de\/en\/temperature-controlled-transports\/refrigerated\/\" \/>\n<meta property=\"og:locale\" content=\"en_US\" \/>\n<meta property=\"og:type\" content=\"article\" \/>\n<meta property=\"og:title\" content=\"WILMS Transport GmbH - Refrigerated - refrigerated logistics, food logistics, refrigerated, frozen, fresh, chilled, ambient, frozen food, frozen-food products, food products, chilled food, organic food, temperature controlled, multi-temperature, transport, carrier, distribution, small pallet shipments, HACCP, 3PL, 4PL, Berlin, Germany, Netherlands, Belgium, Wilms Transport GmbH\" \/>\n<meta property=\"og:description\" content=\"[vc_row row_type=&#8221;row&#8221; use_row_as_full_screen_section=&#8221;no&#8221; type=&#8221;full_width&#8221; text_align=&#8221;left&#8221; background_animation=&#8221;none&#8221; padding_bottom=&#8221;45&#8243; css_animation=&#8221;&#8221; css=&#8221;.vc_custom_1576591975588{padding-top: 10px !important;}&#8221;][vc_column][vc_column_text] Frozen In 1999 WILMS Tiefk\u00fchl-Service shareholders established a freezer distribution centre in Niederkr\u00fcchten, North-Rhine Westphalia. It has since been used for handling frozen, chilled and ambient consignments within the region plus as a basis...\" \/>\n<meta property=\"og:url\" content=\"https:\/\/www.wilms-transport.de\/en\/temperature-controlled-transports\/refrigerated\/\" \/>\n<meta property=\"og:site_name\" content=\"WILMS Transport GmbH\" \/>\n<meta property=\"article:modified_time\" content=\"2020-07-27T13:59:35+00:00\" \/>\n<meta property=\"og:image\" content=\"https:\/\/www.wilms-transport.de\/wp-content\/uploads\/2020\/05\/Tiefkuehl-300x450.jpg\" \/>\n<meta name=\"twitter:card\" content=\"summary_large_image\" \/>\n<meta name=\"twitter:label1\" content=\"Est. reading time\" \/>\n\t<meta name=\"twitter:data1\" content=\"1 minute\" \/>\n<script type=\"application\/ld+json\" class=\"yoast-schema-graph\">{\"@context\":\"https:\/\/schema.org\",\"@graph\":[{\"@type\":\"WebPage\",\"@id\":\"https:\/\/www.wilms-transport.de\/en\/temperature-controlled-transports\/refrigerated\/\",\"url\":\"https:\/\/www.wilms-transport.de\/en\/temperature-controlled-transports\/refrigerated\/\",\"name\":\"WILMS Transport GmbH - Refrigerated - refrigerated logistics, food logistics, refrigerated, frozen, fresh, chilled, ambient, frozen food, frozen-food products, food products, chilled food, organic food, temperature controlled, multi-temperature, transport, carrier, distribution, small pallet shipments, HACCP, 3PL, 4PL, Berlin, Germany, Netherlands, Belgium, Wilms Transport GmbH\",\"isPartOf\":{\"@id\":\"https:\/\/www.wilms-transport.de\/en\/#website\"},\"primaryImageOfPage\":{\"@id\":\"https:\/\/www.wilms-transport.de\/en\/temperature-controlled-transports\/refrigerated\/#primaryimage\"},\"image\":{\"@id\":\"https:\/\/www.wilms-transport.de\/en\/temperature-controlled-transports\/refrigerated\/#primaryimage\"},\"thumbnailUrl\":\"https:\/\/www.wilms-transport.de\/wp-content\/uploads\/2020\/05\/Tiefkuehl-300x450.jpg\",\"datePublished\":\"2020-07-21T12:55:26+00:00\",\"dateModified\":\"2020-07-27T13:59:35+00:00\",\"breadcrumb\":{\"@id\":\"https:\/\/www.wilms-transport.de\/en\/temperature-controlled-transports\/refrigerated\/#breadcrumb\"},\"inLanguage\":\"en-US\",\"potentialAction\":[{\"@type\":\"ReadAction\",\"target\":[\"https:\/\/www.wilms-transport.de\/en\/temperature-controlled-transports\/refrigerated\/\"]}]},{\"@type\":\"ImageObject\",\"inLanguage\":\"en-US\",\"@id\":\"https:\/\/www.wilms-transport.de\/en\/temperature-controlled-transports\/refrigerated\/#primaryimage\",\"url\":\"https:\/\/www.wilms-transport.de\/wp-content\/uploads\/2020\/05\/Tiefkuehl-300x450.jpg\",\"contentUrl\":\"https:\/\/www.wilms-transport.de\/wp-content\/uploads\/2020\/05\/Tiefkuehl-300x450.jpg\"},{\"@type\":\"BreadcrumbList\",\"@id\":\"https:\/\/www.wilms-transport.de\/en\/temperature-controlled-transports\/refrigerated\/#breadcrumb\",\"itemListElement\":[{\"@type\":\"ListItem\",\"position\":1,\"name\":\"Startseite\",\"item\":\"https:\/\/www.wilms-transport.de\/en\/\"},{\"@type\":\"ListItem\",\"position\":2,\"name\":\"Temperature Controlled Transports\",\"item\":\"https:\/\/www.wilms-transport.de\/en\/temperature-controlled-transports\/\"},{\"@type\":\"ListItem\",\"position\":3,\"name\":\"Refrigerated\"}]},{\"@type\":\"WebSite\",\"@id\":\"https:\/\/www.wilms-transport.de\/en\/#website\",\"url\":\"https:\/\/www.wilms-transport.de\/en\/\",\"name\":\"WILMS Transport GmbH\",\"description\":\"Die WILMS Transport GmbH und die WILMS Tiefk\u00fchl-Service GmbH sind Mitglieder der WILMS Gruppe und spezialisiert auf die Bereiche Handel, Dienstleistung und Transport, im Besonderen auf Gro\u00dfhandel f\u00fcr Lebensmittel, Handelsmarken, Eigenmarken, Kontraktgesch\u00e4fte, Aktionen und Saison, TK-Gefl\u00fcgel, TK-Gem\u00fcse, Lagerlogistik, Supply Chain Management, Brokerlogistik, Lagerbewirtschaftung und Outsourcing, City-Logistik, Werksentsorgung, Tiefk\u00fchllogistik, K\u00fchllogistik, Tiefk\u00fchl, Tiefk\u00fchlware, K\u00fchlware, Multi-Temperatur, temperaturgef\u00fchrten Transport und Lebensmittel, die k\u00fchl, frisch oder gek\u00fchlt ankommen sollen, mit Sitz in Ludwigsfelde\/Berlin\/ Deutschland\/ Belgien\/ Niederlande\/ Benelux, die Unternehmensgruppe WILMS bietet dem Logistiker, der Spedition und dem Spediteur zahlreiche Dienstleistungen im Bereich der TK-Logistik, der Verteilung von St\u00fcckgut, Sammelgut und Teilpartien, HACCP und der Distribution und legt besonderen Wert auf \u00d6ko-Transport.\",\"potentialAction\":[{\"@type\":\"SearchAction\",\"target\":{\"@type\":\"EntryPoint\",\"urlTemplate\":\"https:\/\/www.wilms-transport.de\/en\/?s={search_term_string}\"},\"query-input\":{\"@type\":\"PropertyValueSpecification\",\"valueRequired\":true,\"valueName\":\"search_term_string\"}}],\"inLanguage\":\"en-US\"}]}<\/script>\n<!-- \/ Yoast SEO plugin. -->","yoast_head_json":{"title":"WILMS Transport GmbH - Refrigerated - refrigerated logistics, food logistics, refrigerated, frozen, fresh, chilled, ambient, frozen food, frozen-food products, food products, chilled food, organic food, temperature controlled, multi-temperature, transport, carrier, distribution, small pallet shipments, HACCP, 3PL, 4PL, Berlin, Germany, Netherlands, Belgium, Wilms Transport GmbH","robots":{"index":"index","follow":"follow","max-snippet":"max-snippet:-1","max-image-preview":"max-image-preview:large","max-video-preview":"max-video-preview:-1"},"canonical":"https:\/\/www.wilms-transport.de\/en\/temperature-controlled-transports\/refrigerated\/","og_locale":"en_US","og_type":"article","og_title":"WILMS Transport GmbH - Refrigerated - refrigerated logistics, food logistics, refrigerated, frozen, fresh, chilled, ambient, frozen food, frozen-food products, food products, chilled food, organic food, temperature controlled, multi-temperature, transport, carrier, distribution, small pallet shipments, HACCP, 3PL, 4PL, Berlin, Germany, Netherlands, Belgium, Wilms Transport GmbH","og_description":"[vc_row row_type=&#8221;row&#8221; use_row_as_full_screen_section=&#8221;no&#8221; type=&#8221;full_width&#8221; text_align=&#8221;left&#8221; background_animation=&#8221;none&#8221; padding_bottom=&#8221;45&#8243; css_animation=&#8221;&#8221; css=&#8221;.vc_custom_1576591975588{padding-top: 10px !important;}&#8221;][vc_column][vc_column_text] Frozen In 1999 WILMS Tiefk\u00fchl-Service shareholders established a freezer distribution centre in Niederkr\u00fcchten, North-Rhine Westphalia. It has since been used for handling frozen, chilled and ambient consignments within the region plus as a basis...","og_url":"https:\/\/www.wilms-transport.de\/en\/temperature-controlled-transports\/refrigerated\/","og_site_name":"WILMS Transport GmbH","article_modified_time":"2020-07-27T13:59:35+00:00","og_image":[{"url":"https:\/\/www.wilms-transport.de\/wp-content\/uploads\/2020\/05\/Tiefkuehl-300x450.jpg","type":"","width":"","height":""}],"twitter_card":"summary_large_image","twitter_misc":{"Est. reading time":"1 minute"},"schema":{"@context":"https:\/\/schema.org","@graph":[{"@type":"WebPage","@id":"https:\/\/www.wilms-transport.de\/en\/temperature-controlled-transports\/refrigerated\/","url":"https:\/\/www.wilms-transport.de\/en\/temperature-controlled-transports\/refrigerated\/","name":"WILMS Transport GmbH - Refrigerated - refrigerated logistics, food logistics, refrigerated, frozen, fresh, chilled, ambient, frozen food, frozen-food products, food products, chilled food, organic food, temperature controlled, multi-temperature, transport, carrier, distribution, small pallet shipments, HACCP, 3PL, 4PL, Berlin, Germany, Netherlands, Belgium, Wilms Transport GmbH","isPartOf":{"@id":"https:\/\/www.wilms-transport.de\/en\/#website"},"primaryImageOfPage":{"@id":"https:\/\/www.wilms-transport.de\/en\/temperature-controlled-transports\/refrigerated\/#primaryimage"},"image":{"@id":"https:\/\/www.wilms-transport.de\/en\/temperature-controlled-transports\/refrigerated\/#primaryimage"},"thumbnailUrl":"https:\/\/www.wilms-transport.de\/wp-content\/uploads\/2020\/05\/Tiefkuehl-300x450.jpg","datePublished":"2020-07-21T12:55:26+00:00","dateModified":"2020-07-27T13:59:35+00:00","breadcrumb":{"@id":"https:\/\/www.wilms-transport.de\/en\/temperature-controlled-transports\/refrigerated\/#breadcrumb"},"inLanguage":"en-US","potentialAction":[{"@type":"ReadAction","target":["https:\/\/www.wilms-transport.de\/en\/temperature-controlled-transports\/refrigerated\/"]}]},{"@type":"ImageObject","inLanguage":"en-US","@id":"https:\/\/www.wilms-transport.de\/en\/temperature-controlled-transports\/refrigerated\/#primaryimage","url":"https:\/\/www.wilms-transport.de\/wp-content\/uploads\/2020\/05\/Tiefkuehl-300x450.jpg","contentUrl":"https:\/\/www.wilms-transport.de\/wp-content\/uploads\/2020\/05\/Tiefkuehl-300x450.jpg"},{"@type":"BreadcrumbList","@id":"https:\/\/www.wilms-transport.de\/en\/temperature-controlled-transports\/refrigerated\/#breadcrumb","itemListElement":[{"@type":"ListItem","position":1,"name":"Startseite","item":"https:\/\/www.wilms-transport.de\/en\/"},{"@type":"ListItem","position":2,"name":"Temperature Controlled Transports","item":"https:\/\/www.wilms-transport.de\/en\/temperature-controlled-transports\/"},{"@type":"ListItem","position":3,"name":"Refrigerated"}]},{"@type":"WebSite","@id":"https:\/\/www.wilms-transport.de\/en\/#website","url":"https:\/\/www.wilms-transport.de\/en\/","name":"WILMS Transport GmbH","description":"Die WILMS Transport GmbH und die WILMS Tiefk\u00fchl-Service GmbH sind Mitglieder der WILMS Gruppe und spezialisiert auf die Bereiche Handel, Dienstleistung und Transport, im Besonderen auf Gro\u00dfhandel f\u00fcr Lebensmittel, Handelsmarken, Eigenmarken, Kontraktgesch\u00e4fte, Aktionen und Saison, TK-Gefl\u00fcgel, TK-Gem\u00fcse, Lagerlogistik, Supply Chain Management, Brokerlogistik, Lagerbewirtschaftung und Outsourcing, City-Logistik, Werksentsorgung, Tiefk\u00fchllogistik, K\u00fchllogistik, Tiefk\u00fchl, Tiefk\u00fchlware, K\u00fchlware, Multi-Temperatur, temperaturgef\u00fchrten Transport und Lebensmittel, die k\u00fchl, frisch oder gek\u00fchlt ankommen sollen, mit Sitz in Ludwigsfelde\/Berlin\/ Deutschland\/ Belgien\/ Niederlande\/ Benelux, die Unternehmensgruppe WILMS bietet dem Logistiker, der Spedition und dem Spediteur zahlreiche Dienstleistungen im Bereich der TK-Logistik, der Verteilung von St\u00fcckgut, Sammelgut und Teilpartien, HACCP und der Distribution und legt besonderen Wert auf \u00d6ko-Transport.","potentialAction":[{"@type":"SearchAction","target":{"@type":"EntryPoint","urlTemplate":"https:\/\/www.wilms-transport.de\/en\/?s={search_term_string}"},"query-input":{"@type":"PropertyValueSpecification","valueRequired":true,"valueName":"search_term_string"}}],"inLanguage":"en-US"}]}},"_links":{"self":[{"href":"https:\/\/www.wilms-transport.de\/en\/wp-json\/wp\/v2\/pages\/24458","targetHints":{"allow":["GET"]}}],"collection":[{"href":"https:\/\/www.wilms-transport.de\/en\/wp-json\/wp\/v2\/pages"}],"about":[{"href":"https:\/\/www.wilms-transport.de\/en\/wp-json\/wp\/v2\/types\/page"}],"author":[{"embeddable":true,"href":"https:\/\/www.wilms-transport.de\/en\/wp-json\/wp\/v2\/users\/1"}],"replies":[{"embeddable":true,"href":"https:\/\/www.wilms-transport.de\/en\/wp-json\/wp\/v2\/comments?post=24458"}],"version-history":[{"count":0,"href":"https:\/\/www.wilms-transport.de\/en\/wp-json\/wp\/v2\/pages\/24458\/revisions"}],"up":[{"embeddable":true,"href":"https:\/\/www.wilms-transport.de\/en\/wp-json\/wp\/v2\/pages\/24449"}],"wp:attachment":[{"href":"https:\/\/www.wilms-transport.de\/en\/wp-json\/wp\/v2\/media?parent=24458"}],"curies":[{"name":"wp","href":"https:\/\/api.w.org\/{rel}","templated":true}]}}