{"id":24452,"date":"2020-07-21T14:52:57","date_gmt":"2020-07-21T12:52:57","guid":{"rendered":"http:\/\/wordpress.wilms-transport.de\/temperature-controlled-transports\/distribution\/"},"modified":"2020-07-27T15:59:19","modified_gmt":"2020-07-27T13:59:19","slug":"distribution","status":"publish","type":"page","link":"https:\/\/www.wilms-transport.de\/en\/temperature-controlled-transports\/distribution\/","title":{"rendered":"Distribution"},"content":{"rendered":"<div class=\"wpb-content-wrapper\"><p>[vc_row row_type=&#8221;row&#8221; use_row_as_full_screen_section=&#8221;no&#8221; type=&#8221;full_width&#8221; text_align=&#8221;left&#8221; background_animation=&#8221;none&#8221; padding_bottom=&#8221;45&#8243; css_animation=&#8221;&#8221; css=&#8221;.vc_custom_1576591966542{padding-top: 10px !important;}&#8221;][vc_column][vc_column_text]<\/p>\n<h1>Distribution<\/h1>\n<p><a href=\"https:\/\/www.wilms-transport.de\/wp-content\/uploads\/2020\/05\/Temperaturgef_Stueckgut-scaled.jpg\"><img loading=\"lazy\" decoding=\"async\" class=\"size-medium wp-image-23080 alignright\" src=\"https:\/\/www.wilms-transport.de\/wp-content\/uploads\/2020\/05\/Temperaturgef_Stueckgut-300x199.jpg\" alt=\"Distribution\" width=\"300\" height=\"199\" srcset=\"https:\/\/www.wilms-transport.de\/wp-content\/uploads\/2020\/05\/Temperaturgef_Stueckgut-300x199.jpg 300w, https:\/\/www.wilms-transport.de\/wp-content\/uploads\/2020\/05\/Temperaturgef_Stueckgut-1024x680.jpg 1024w, https:\/\/www.wilms-transport.de\/wp-content\/uploads\/2020\/05\/Temperaturgef_Stueckgut-768x510.jpg 768w, https:\/\/www.wilms-transport.de\/wp-content\/uploads\/2020\/05\/Temperaturgef_Stueckgut-1536x1020.jpg 1536w, https:\/\/www.wilms-transport.de\/wp-content\/uploads\/2020\/05\/Temperaturgef_Stueckgut-2048x1360.jpg 2048w, https:\/\/www.wilms-transport.de\/wp-content\/uploads\/2020\/05\/Temperaturgef_Stueckgut-550x365.jpg 550w, https:\/\/www.wilms-transport.de\/wp-content\/uploads\/2020\/05\/Temperaturgef_Stueckgut-800x531.jpg 800w, https:\/\/www.wilms-transport.de\/wp-content\/uploads\/2020\/05\/Temperaturgef_Stueckgut-600x399.jpg 600w, https:\/\/www.wilms-transport.de\/wp-content\/uploads\/2020\/05\/Temperaturgef_Stueckgut-500x332.jpg 500w, https:\/\/www.wilms-transport.de\/wp-content\/uploads\/2020\/05\/Temperaturgef_Stueckgut-1000x664.jpg 1000w, https:\/\/www.wilms-transport.de\/wp-content\/uploads\/2020\/05\/Temperaturgef_Stueckgut-700x465.jpg 700w, https:\/\/www.wilms-transport.de\/wp-content\/uploads\/2020\/05\/Temperaturgef_Stueckgut-1100x731.jpg 1100w\" sizes=\"auto, (max-width: 300px) 100vw, 300px\" \/><\/a>WILMS Transport takes care of goods transport with the thoroughness and reliability the WILMS group is known for. Clients are given individual support in areas such as stock withdrawal, cargo distribution, partial and complete consignments to goods recipients in food retail, wholesalers, discount stores, catering and bulk consumers. <\/p>\n<p>The company is responsible for picking up and delivering cold or frozen products or the distribution of food products throughout Germany. Deliveries in the temperature ranges frozen, chilled and\/or ambient are conducted based on deadlines and temperatures required.<\/p>\n<p>Reliability is part of the ordering and delivery schedule with WILMS Transport, too. In the daily balancing act between &#8220;flexible&#8221; order taking and absolute punctuality the young company has plenty of experience due to WILMS Tiefk\u00fchl-Service&#8217;s previous transport operation. Standardised procedures and the latest EDP support are nothing new but effective tools.<\/p>\n<p>Depending on the assignment, articulated lorries or lorries and trailers plus distributor vehicles are used for transport. All vehicles are subject to regular maintenance and monitoring as part of a servicing schedule. The company&#8217;s HACCP concept is based on the guidelines for good food hygiene and TKS&#8217; quality management system.[\/vc_column_text][\/vc_column][\/vc_row]<\/p>\n<\/div>","protected":false},"excerpt":{"rendered":"<p>[vc_row row_type=&#8221;row&#8221; use_row_as_full_screen_section=&#8221;no&#8221; type=&#8221;full_width&#8221; text_align=&#8221;left&#8221; background_animation=&#8221;none&#8221; padding_bottom=&#8221;45&#8243; css_animation=&#8221;&#8221; css=&#8221;.vc_custom_1576591966542{padding-top: 10px !important;}&#8221;][vc_column][vc_column_text] Distribution WILMS Transport takes care of goods transport with the thoroughness and reliability the WILMS group is known for. Clients are given individual support in areas such as stock withdrawal, cargo distribution, partial and&#8230;<\/p>\n","protected":false},"author":1,"featured_media":0,"parent":24449,"menu_order":310,"comment_status":"closed","ping_status":"closed","template":"","meta":{"footnotes":""},"class_list":["post-24452","page","type-page","status-publish","hentry"],"yoast_head":"<!-- This site is optimized with the Yoast SEO plugin v27.0 - https:\/\/yoast.com\/product\/yoast-seo-wordpress\/ -->\n<title>WILMS Transport GmbH - Distribution - refrigerated logistics, food logistics, refrigerated, frozen, fresh, chilled, ambient, frozen food, frozen-food products, food products, chilled food, organic food, temperature controlled, multi-temperature, transport, carrier, distribution, small pallet shipments, HACCP, 3PL, 4PL, Berlin, Germany, Netherlands, Belgium, Wilms Transport GmbH<\/title>\n<meta name=\"robots\" content=\"index, follow, max-snippet:-1, max-image-preview:large, max-video-preview:-1\" \/>\n<link rel=\"canonical\" href=\"https:\/\/www.wilms-transport.de\/en\/temperature-controlled-transports\/distribution\/\" \/>\n<meta property=\"og:locale\" content=\"en_US\" \/>\n<meta property=\"og:type\" content=\"article\" \/>\n<meta property=\"og:title\" content=\"WILMS Transport GmbH - Distribution - refrigerated logistics, food logistics, refrigerated, frozen, fresh, chilled, ambient, frozen food, frozen-food products, food products, chilled food, organic food, temperature controlled, multi-temperature, transport, carrier, distribution, small pallet shipments, HACCP, 3PL, 4PL, Berlin, Germany, Netherlands, Belgium, Wilms Transport GmbH\" \/>\n<meta property=\"og:description\" content=\"[vc_row row_type=&#8221;row&#8221; use_row_as_full_screen_section=&#8221;no&#8221; type=&#8221;full_width&#8221; text_align=&#8221;left&#8221; background_animation=&#8221;none&#8221; padding_bottom=&#8221;45&#8243; css_animation=&#8221;&#8221; css=&#8221;.vc_custom_1576591966542{padding-top: 10px !important;}&#8221;][vc_column][vc_column_text] Distribution WILMS Transport takes care of goods transport with the thoroughness and reliability the WILMS group is known for. Clients are given individual support in areas such as stock withdrawal, cargo distribution, partial and...\" \/>\n<meta property=\"og:url\" content=\"https:\/\/www.wilms-transport.de\/en\/temperature-controlled-transports\/distribution\/\" \/>\n<meta property=\"og:site_name\" content=\"WILMS Transport GmbH\" \/>\n<meta property=\"article:modified_time\" content=\"2020-07-27T13:59:19+00:00\" \/>\n<meta property=\"og:image\" content=\"https:\/\/www.wilms-transport.de\/wp-content\/uploads\/2020\/05\/Temperaturgef_Stueckgut-300x199.jpg\" \/>\n<meta name=\"twitter:card\" content=\"summary_large_image\" \/>\n<meta name=\"twitter:label1\" content=\"Est. reading time\" \/>\n\t<meta name=\"twitter:data1\" content=\"1 minute\" \/>\n<script type=\"application\/ld+json\" class=\"yoast-schema-graph\">{\"@context\":\"https:\/\/schema.org\",\"@graph\":[{\"@type\":\"WebPage\",\"@id\":\"https:\/\/www.wilms-transport.de\/en\/temperature-controlled-transports\/distribution\/\",\"url\":\"https:\/\/www.wilms-transport.de\/en\/temperature-controlled-transports\/distribution\/\",\"name\":\"WILMS Transport GmbH - Distribution - refrigerated logistics, food logistics, refrigerated, frozen, fresh, chilled, ambient, frozen food, frozen-food products, food products, chilled food, organic food, temperature controlled, multi-temperature, transport, carrier, distribution, small pallet shipments, HACCP, 3PL, 4PL, Berlin, Germany, Netherlands, Belgium, Wilms Transport GmbH\",\"isPartOf\":{\"@id\":\"https:\/\/www.wilms-transport.de\/en\/#website\"},\"primaryImageOfPage\":{\"@id\":\"https:\/\/www.wilms-transport.de\/en\/temperature-controlled-transports\/distribution\/#primaryimage\"},\"image\":{\"@id\":\"https:\/\/www.wilms-transport.de\/en\/temperature-controlled-transports\/distribution\/#primaryimage\"},\"thumbnailUrl\":\"https:\/\/www.wilms-transport.de\/wp-content\/uploads\/2020\/05\/Temperaturgef_Stueckgut-300x199.jpg\",\"datePublished\":\"2020-07-21T12:52:57+00:00\",\"dateModified\":\"2020-07-27T13:59:19+00:00\",\"breadcrumb\":{\"@id\":\"https:\/\/www.wilms-transport.de\/en\/temperature-controlled-transports\/distribution\/#breadcrumb\"},\"inLanguage\":\"en-US\",\"potentialAction\":[{\"@type\":\"ReadAction\",\"target\":[\"https:\/\/www.wilms-transport.de\/en\/temperature-controlled-transports\/distribution\/\"]}]},{\"@type\":\"ImageObject\",\"inLanguage\":\"en-US\",\"@id\":\"https:\/\/www.wilms-transport.de\/en\/temperature-controlled-transports\/distribution\/#primaryimage\",\"url\":\"https:\/\/www.wilms-transport.de\/wp-content\/uploads\/2020\/05\/Temperaturgef_Stueckgut-300x199.jpg\",\"contentUrl\":\"https:\/\/www.wilms-transport.de\/wp-content\/uploads\/2020\/05\/Temperaturgef_Stueckgut-300x199.jpg\"},{\"@type\":\"BreadcrumbList\",\"@id\":\"https:\/\/www.wilms-transport.de\/en\/temperature-controlled-transports\/distribution\/#breadcrumb\",\"itemListElement\":[{\"@type\":\"ListItem\",\"position\":1,\"name\":\"Startseite\",\"item\":\"https:\/\/www.wilms-transport.de\/en\/\"},{\"@type\":\"ListItem\",\"position\":2,\"name\":\"Temperature Controlled Transports\",\"item\":\"https:\/\/www.wilms-transport.de\/en\/temperature-controlled-transports\/\"},{\"@type\":\"ListItem\",\"position\":3,\"name\":\"Distribution\"}]},{\"@type\":\"WebSite\",\"@id\":\"https:\/\/www.wilms-transport.de\/en\/#website\",\"url\":\"https:\/\/www.wilms-transport.de\/en\/\",\"name\":\"WILMS Transport GmbH\",\"description\":\"Die WILMS Transport GmbH und die WILMS Tiefk\u00fchl-Service GmbH sind Mitglieder der WILMS Gruppe und spezialisiert auf die Bereiche Handel, Dienstleistung und Transport, im Besonderen auf Gro\u00dfhandel f\u00fcr Lebensmittel, Handelsmarken, Eigenmarken, Kontraktgesch\u00e4fte, Aktionen und Saison, TK-Gefl\u00fcgel, TK-Gem\u00fcse, Lagerlogistik, Supply Chain Management, Brokerlogistik, Lagerbewirtschaftung und Outsourcing, City-Logistik, Werksentsorgung, Tiefk\u00fchllogistik, K\u00fchllogistik, Tiefk\u00fchl, Tiefk\u00fchlware, K\u00fchlware, Multi-Temperatur, temperaturgef\u00fchrten Transport und Lebensmittel, die k\u00fchl, frisch oder gek\u00fchlt ankommen sollen, mit Sitz in Ludwigsfelde\/Berlin\/ Deutschland\/ Belgien\/ Niederlande\/ Benelux, die Unternehmensgruppe WILMS bietet dem Logistiker, der Spedition und dem Spediteur zahlreiche Dienstleistungen im Bereich der TK-Logistik, der Verteilung von St\u00fcckgut, Sammelgut und Teilpartien, HACCP und der Distribution und legt besonderen Wert auf \u00d6ko-Transport.\",\"potentialAction\":[{\"@type\":\"SearchAction\",\"target\":{\"@type\":\"EntryPoint\",\"urlTemplate\":\"https:\/\/www.wilms-transport.de\/en\/?s={search_term_string}\"},\"query-input\":{\"@type\":\"PropertyValueSpecification\",\"valueRequired\":true,\"valueName\":\"search_term_string\"}}],\"inLanguage\":\"en-US\"}]}<\/script>\n<!-- \/ Yoast SEO plugin. -->","yoast_head_json":{"title":"WILMS Transport GmbH - Distribution - refrigerated logistics, food logistics, refrigerated, frozen, fresh, chilled, ambient, frozen food, frozen-food products, food products, chilled food, organic food, temperature controlled, multi-temperature, transport, carrier, distribution, small pallet shipments, HACCP, 3PL, 4PL, Berlin, Germany, Netherlands, Belgium, Wilms Transport GmbH","robots":{"index":"index","follow":"follow","max-snippet":"max-snippet:-1","max-image-preview":"max-image-preview:large","max-video-preview":"max-video-preview:-1"},"canonical":"https:\/\/www.wilms-transport.de\/en\/temperature-controlled-transports\/distribution\/","og_locale":"en_US","og_type":"article","og_title":"WILMS Transport GmbH - Distribution - refrigerated logistics, food logistics, refrigerated, frozen, fresh, chilled, ambient, frozen food, frozen-food products, food products, chilled food, organic food, temperature controlled, multi-temperature, transport, carrier, distribution, small pallet shipments, HACCP, 3PL, 4PL, Berlin, Germany, Netherlands, Belgium, Wilms Transport GmbH","og_description":"[vc_row row_type=&#8221;row&#8221; use_row_as_full_screen_section=&#8221;no&#8221; type=&#8221;full_width&#8221; text_align=&#8221;left&#8221; background_animation=&#8221;none&#8221; padding_bottom=&#8221;45&#8243; css_animation=&#8221;&#8221; css=&#8221;.vc_custom_1576591966542{padding-top: 10px !important;}&#8221;][vc_column][vc_column_text] Distribution WILMS Transport takes care of goods transport with the thoroughness and reliability the WILMS group is known for. Clients are given individual support in areas such as stock withdrawal, cargo distribution, partial and...","og_url":"https:\/\/www.wilms-transport.de\/en\/temperature-controlled-transports\/distribution\/","og_site_name":"WILMS Transport GmbH","article_modified_time":"2020-07-27T13:59:19+00:00","og_image":[{"url":"https:\/\/www.wilms-transport.de\/wp-content\/uploads\/2020\/05\/Temperaturgef_Stueckgut-300x199.jpg","type":"","width":"","height":""}],"twitter_card":"summary_large_image","twitter_misc":{"Est. reading time":"1 minute"},"schema":{"@context":"https:\/\/schema.org","@graph":[{"@type":"WebPage","@id":"https:\/\/www.wilms-transport.de\/en\/temperature-controlled-transports\/distribution\/","url":"https:\/\/www.wilms-transport.de\/en\/temperature-controlled-transports\/distribution\/","name":"WILMS Transport GmbH - Distribution - refrigerated logistics, food logistics, refrigerated, frozen, fresh, chilled, ambient, frozen food, frozen-food products, food products, chilled food, organic food, temperature controlled, multi-temperature, transport, carrier, distribution, small pallet shipments, HACCP, 3PL, 4PL, Berlin, Germany, Netherlands, Belgium, Wilms Transport GmbH","isPartOf":{"@id":"https:\/\/www.wilms-transport.de\/en\/#website"},"primaryImageOfPage":{"@id":"https:\/\/www.wilms-transport.de\/en\/temperature-controlled-transports\/distribution\/#primaryimage"},"image":{"@id":"https:\/\/www.wilms-transport.de\/en\/temperature-controlled-transports\/distribution\/#primaryimage"},"thumbnailUrl":"https:\/\/www.wilms-transport.de\/wp-content\/uploads\/2020\/05\/Temperaturgef_Stueckgut-300x199.jpg","datePublished":"2020-07-21T12:52:57+00:00","dateModified":"2020-07-27T13:59:19+00:00","breadcrumb":{"@id":"https:\/\/www.wilms-transport.de\/en\/temperature-controlled-transports\/distribution\/#breadcrumb"},"inLanguage":"en-US","potentialAction":[{"@type":"ReadAction","target":["https:\/\/www.wilms-transport.de\/en\/temperature-controlled-transports\/distribution\/"]}]},{"@type":"ImageObject","inLanguage":"en-US","@id":"https:\/\/www.wilms-transport.de\/en\/temperature-controlled-transports\/distribution\/#primaryimage","url":"https:\/\/www.wilms-transport.de\/wp-content\/uploads\/2020\/05\/Temperaturgef_Stueckgut-300x199.jpg","contentUrl":"https:\/\/www.wilms-transport.de\/wp-content\/uploads\/2020\/05\/Temperaturgef_Stueckgut-300x199.jpg"},{"@type":"BreadcrumbList","@id":"https:\/\/www.wilms-transport.de\/en\/temperature-controlled-transports\/distribution\/#breadcrumb","itemListElement":[{"@type":"ListItem","position":1,"name":"Startseite","item":"https:\/\/www.wilms-transport.de\/en\/"},{"@type":"ListItem","position":2,"name":"Temperature Controlled Transports","item":"https:\/\/www.wilms-transport.de\/en\/temperature-controlled-transports\/"},{"@type":"ListItem","position":3,"name":"Distribution"}]},{"@type":"WebSite","@id":"https:\/\/www.wilms-transport.de\/en\/#website","url":"https:\/\/www.wilms-transport.de\/en\/","name":"WILMS Transport GmbH","description":"Die WILMS Transport GmbH und die WILMS Tiefk\u00fchl-Service GmbH sind Mitglieder der WILMS Gruppe und spezialisiert auf die Bereiche Handel, Dienstleistung und Transport, im Besonderen auf Gro\u00dfhandel f\u00fcr Lebensmittel, Handelsmarken, Eigenmarken, Kontraktgesch\u00e4fte, Aktionen und Saison, TK-Gefl\u00fcgel, TK-Gem\u00fcse, Lagerlogistik, Supply Chain Management, Brokerlogistik, Lagerbewirtschaftung und Outsourcing, City-Logistik, Werksentsorgung, Tiefk\u00fchllogistik, K\u00fchllogistik, Tiefk\u00fchl, Tiefk\u00fchlware, K\u00fchlware, Multi-Temperatur, temperaturgef\u00fchrten Transport und Lebensmittel, die k\u00fchl, frisch oder gek\u00fchlt ankommen sollen, mit Sitz in Ludwigsfelde\/Berlin\/ Deutschland\/ Belgien\/ Niederlande\/ Benelux, die Unternehmensgruppe WILMS bietet dem Logistiker, der Spedition und dem Spediteur zahlreiche Dienstleistungen im Bereich der TK-Logistik, der Verteilung von St\u00fcckgut, Sammelgut und Teilpartien, HACCP und der Distribution und legt besonderen Wert auf \u00d6ko-Transport.","potentialAction":[{"@type":"SearchAction","target":{"@type":"EntryPoint","urlTemplate":"https:\/\/www.wilms-transport.de\/en\/?s={search_term_string}"},"query-input":{"@type":"PropertyValueSpecification","valueRequired":true,"valueName":"search_term_string"}}],"inLanguage":"en-US"}]}},"_links":{"self":[{"href":"https:\/\/www.wilms-transport.de\/en\/wp-json\/wp\/v2\/pages\/24452","targetHints":{"allow":["GET"]}}],"collection":[{"href":"https:\/\/www.wilms-transport.de\/en\/wp-json\/wp\/v2\/pages"}],"about":[{"href":"https:\/\/www.wilms-transport.de\/en\/wp-json\/wp\/v2\/types\/page"}],"author":[{"embeddable":true,"href":"https:\/\/www.wilms-transport.de\/en\/wp-json\/wp\/v2\/users\/1"}],"replies":[{"embeddable":true,"href":"https:\/\/www.wilms-transport.de\/en\/wp-json\/wp\/v2\/comments?post=24452"}],"version-history":[{"count":0,"href":"https:\/\/www.wilms-transport.de\/en\/wp-json\/wp\/v2\/pages\/24452\/revisions"}],"up":[{"embeddable":true,"href":"https:\/\/www.wilms-transport.de\/en\/wp-json\/wp\/v2\/pages\/24449"}],"wp:attachment":[{"href":"https:\/\/www.wilms-transport.de\/en\/wp-json\/wp\/v2\/media?parent=24452"}],"curies":[{"name":"wp","href":"https:\/\/api.w.org\/{rel}","templated":true}]}}