{"id":24443,"date":"2020-07-21T14:47:22","date_gmt":"2020-07-21T12:47:22","guid":{"rendered":"http:\/\/wordpress.wilms-transport.de\/company\/transport-delivery\/"},"modified":"2020-11-06T18:41:34","modified_gmt":"2020-11-06T17:41:34","slug":"transport-delivery","status":"publish","type":"page","link":"https:\/\/www.wilms-transport.de\/en\/company\/transport-delivery\/","title":{"rendered":"Transport &#038; Delivery"},"content":{"rendered":"<div class=\"wpb-content-wrapper\"><p>[vc_row row_type=&#8221;row&#8221; use_row_as_full_screen_section=&#8221;no&#8221; type=&#8221;full_width&#8221; text_align=&#8221;left&#8221; background_animation=&#8221;none&#8221; padding_bottom=&#8221;45&#8243; css_animation=&#8221;&#8221; css=&#8221;.vc_custom_1576591792483{padding-top: 10px !important;}&#8221;][vc_column][vc_column_text]<\/p>\n<h1>Transport &#038; Delivery<\/h1>\n<p>At WILMS Transport we believe especially in creating the ideal conditions for prompt and efficient delivery of temperature-controlled goods. A major aspect of this corporate philosophy is the attitude of our drivers. Many drivers have worked for the company for many years. Plus, the group is the founding member of an initiative for education and training. As part of this logistics cooperative, the companies train young drivers in association with a driving school. Our drivers are motivated co-workers as they have spent years working for the company; they enjoy driving modern vehicles and do a responsible job. <\/p>\n<p>One service option provided by WILMS Transport is to deliver goods directly to their intended destination, whether it is a central warehouse or a third floor restaurant. Customer-oriented service is one of the requirements for this young company based on our commitment to tradition values.[\/vc_column_text][\/vc_column][\/vc_row]<\/p>\n<\/div>","protected":false},"excerpt":{"rendered":"<p>[vc_row row_type=&#8221;row&#8221; use_row_as_full_screen_section=&#8221;no&#8221; type=&#8221;full_width&#8221; text_align=&#8221;left&#8221; background_animation=&#8221;none&#8221; padding_bottom=&#8221;45&#8243; css_animation=&#8221;&#8221; css=&#8221;.vc_custom_1576591792483{padding-top: 10px !important;}&#8221;][vc_column][vc_column_text] Transport &#038; Delivery At WILMS Transport we believe especially in creating the ideal conditions for prompt and efficient delivery of temperature-controlled goods. A major aspect of this corporate philosophy is the attitude of our&#8230;<\/p>\n","protected":false},"author":1,"featured_media":0,"parent":24428,"menu_order":230,"comment_status":"closed","ping_status":"closed","template":"","meta":{"footnotes":""},"class_list":["post-24443","page","type-page","status-publish","hentry"],"yoast_head":"<!-- This site is optimized with the Yoast SEO plugin v27.0 - https:\/\/yoast.com\/product\/yoast-seo-wordpress\/ -->\n<title>Transport &amp; Delivery WILMS Transport temperature-controlled food logistics Transport warehouse logistics Contract logistics Retail wholesale Ice cream Ice own brands<\/title>\n<meta name=\"description\" content=\"Transport &amp; Delivery WILMS Tiefk\u00fchl-Service TKS from simple warehousing to sophisticated contract logistics, we are competent and reliable at your side\" \/>\n<meta name=\"robots\" content=\"index, follow, max-snippet:-1, max-image-preview:large, max-video-preview:-1\" \/>\n<link rel=\"canonical\" href=\"https:\/\/www.wilms-transport.de\/en\/company\/transport-delivery\/\" \/>\n<meta property=\"og:locale\" content=\"en_US\" \/>\n<meta property=\"og:type\" content=\"article\" \/>\n<meta property=\"og:title\" content=\"Transport &amp; Delivery WILMS Transport temperature-controlled food logistics Transport warehouse logistics Contract logistics Retail wholesale Ice cream Ice own brands\" \/>\n<meta property=\"og:description\" content=\"Transport &amp; Delivery WILMS Tiefk\u00fchl-Service TKS from simple warehousing to sophisticated contract logistics, we are competent and reliable at your side\" \/>\n<meta property=\"og:url\" content=\"https:\/\/www.wilms-transport.de\/en\/company\/transport-delivery\/\" \/>\n<meta property=\"og:site_name\" content=\"WILMS Transport GmbH\" \/>\n<meta property=\"article:modified_time\" content=\"2020-11-06T17:41:34+00:00\" \/>\n<meta name=\"twitter:card\" content=\"summary_large_image\" \/>\n<meta name=\"twitter:label1\" content=\"Est. reading time\" \/>\n\t<meta name=\"twitter:data1\" content=\"1 minute\" \/>\n<script type=\"application\/ld+json\" class=\"yoast-schema-graph\">{\"@context\":\"https:\/\/schema.org\",\"@graph\":[{\"@type\":\"WebPage\",\"@id\":\"https:\/\/www.wilms-transport.de\/en\/company\/transport-delivery\/\",\"url\":\"https:\/\/www.wilms-transport.de\/en\/company\/transport-delivery\/\",\"name\":\"Transport & Delivery WILMS Transport temperature-controlled food logistics Transport warehouse logistics Contract logistics Retail wholesale Ice cream Ice own brands\",\"isPartOf\":{\"@id\":\"https:\/\/www.wilms-transport.de\/en\/#website\"},\"datePublished\":\"2020-07-21T12:47:22+00:00\",\"dateModified\":\"2020-11-06T17:41:34+00:00\",\"description\":\"Transport & Delivery WILMS Tiefk\u00fchl-Service TKS from simple warehousing to sophisticated contract logistics, we are competent and reliable at your side\",\"breadcrumb\":{\"@id\":\"https:\/\/www.wilms-transport.de\/en\/company\/transport-delivery\/#breadcrumb\"},\"inLanguage\":\"en-US\",\"potentialAction\":[{\"@type\":\"ReadAction\",\"target\":[\"https:\/\/www.wilms-transport.de\/en\/company\/transport-delivery\/\"]}]},{\"@type\":\"BreadcrumbList\",\"@id\":\"https:\/\/www.wilms-transport.de\/en\/company\/transport-delivery\/#breadcrumb\",\"itemListElement\":[{\"@type\":\"ListItem\",\"position\":1,\"name\":\"Startseite\",\"item\":\"https:\/\/www.wilms-transport.de\/en\/\"},{\"@type\":\"ListItem\",\"position\":2,\"name\":\"Company\",\"item\":\"https:\/\/www.wilms-transport.de\/en\/company\/\"},{\"@type\":\"ListItem\",\"position\":3,\"name\":\"Transport &#038; Delivery\"}]},{\"@type\":\"WebSite\",\"@id\":\"https:\/\/www.wilms-transport.de\/en\/#website\",\"url\":\"https:\/\/www.wilms-transport.de\/en\/\",\"name\":\"WILMS Transport GmbH\",\"description\":\"Die WILMS Transport GmbH und die WILMS Tiefk\u00fchl-Service GmbH sind Mitglieder der WILMS Gruppe und spezialisiert auf die Bereiche Handel, Dienstleistung und Transport, im Besonderen auf Gro\u00dfhandel f\u00fcr Lebensmittel, Handelsmarken, Eigenmarken, Kontraktgesch\u00e4fte, Aktionen und Saison, TK-Gefl\u00fcgel, TK-Gem\u00fcse, Lagerlogistik, Supply Chain Management, Brokerlogistik, Lagerbewirtschaftung und Outsourcing, City-Logistik, Werksentsorgung, Tiefk\u00fchllogistik, K\u00fchllogistik, Tiefk\u00fchl, Tiefk\u00fchlware, K\u00fchlware, Multi-Temperatur, temperaturgef\u00fchrten Transport und Lebensmittel, die k\u00fchl, frisch oder gek\u00fchlt ankommen sollen, mit Sitz in Ludwigsfelde\/Berlin\/ Deutschland\/ Belgien\/ Niederlande\/ Benelux, die Unternehmensgruppe WILMS bietet dem Logistiker, der Spedition und dem Spediteur zahlreiche Dienstleistungen im Bereich der TK-Logistik, der Verteilung von St\u00fcckgut, Sammelgut und Teilpartien, HACCP und der Distribution und legt besonderen Wert auf \u00d6ko-Transport.\",\"potentialAction\":[{\"@type\":\"SearchAction\",\"target\":{\"@type\":\"EntryPoint\",\"urlTemplate\":\"https:\/\/www.wilms-transport.de\/en\/?s={search_term_string}\"},\"query-input\":{\"@type\":\"PropertyValueSpecification\",\"valueRequired\":true,\"valueName\":\"search_term_string\"}}],\"inLanguage\":\"en-US\"}]}<\/script>\n<!-- \/ Yoast SEO plugin. -->","yoast_head_json":{"title":"Transport & Delivery WILMS Transport temperature-controlled food logistics Transport warehouse logistics Contract logistics Retail wholesale Ice cream Ice own brands","description":"Transport & Delivery WILMS Tiefk\u00fchl-Service TKS from simple warehousing to sophisticated contract logistics, we are competent and reliable at your side","robots":{"index":"index","follow":"follow","max-snippet":"max-snippet:-1","max-image-preview":"max-image-preview:large","max-video-preview":"max-video-preview:-1"},"canonical":"https:\/\/www.wilms-transport.de\/en\/company\/transport-delivery\/","og_locale":"en_US","og_type":"article","og_title":"Transport & Delivery WILMS Transport temperature-controlled food logistics Transport warehouse logistics Contract logistics Retail wholesale Ice cream Ice own brands","og_description":"Transport & Delivery WILMS Tiefk\u00fchl-Service TKS from simple warehousing to sophisticated contract logistics, we are competent and reliable at your side","og_url":"https:\/\/www.wilms-transport.de\/en\/company\/transport-delivery\/","og_site_name":"WILMS Transport GmbH","article_modified_time":"2020-11-06T17:41:34+00:00","twitter_card":"summary_large_image","twitter_misc":{"Est. reading time":"1 minute"},"schema":{"@context":"https:\/\/schema.org","@graph":[{"@type":"WebPage","@id":"https:\/\/www.wilms-transport.de\/en\/company\/transport-delivery\/","url":"https:\/\/www.wilms-transport.de\/en\/company\/transport-delivery\/","name":"Transport & Delivery WILMS Transport temperature-controlled food logistics Transport warehouse logistics Contract logistics Retail wholesale Ice cream Ice own brands","isPartOf":{"@id":"https:\/\/www.wilms-transport.de\/en\/#website"},"datePublished":"2020-07-21T12:47:22+00:00","dateModified":"2020-11-06T17:41:34+00:00","description":"Transport & Delivery WILMS Tiefk\u00fchl-Service TKS from simple warehousing to sophisticated contract logistics, we are competent and reliable at your side","breadcrumb":{"@id":"https:\/\/www.wilms-transport.de\/en\/company\/transport-delivery\/#breadcrumb"},"inLanguage":"en-US","potentialAction":[{"@type":"ReadAction","target":["https:\/\/www.wilms-transport.de\/en\/company\/transport-delivery\/"]}]},{"@type":"BreadcrumbList","@id":"https:\/\/www.wilms-transport.de\/en\/company\/transport-delivery\/#breadcrumb","itemListElement":[{"@type":"ListItem","position":1,"name":"Startseite","item":"https:\/\/www.wilms-transport.de\/en\/"},{"@type":"ListItem","position":2,"name":"Company","item":"https:\/\/www.wilms-transport.de\/en\/company\/"},{"@type":"ListItem","position":3,"name":"Transport &#038; Delivery"}]},{"@type":"WebSite","@id":"https:\/\/www.wilms-transport.de\/en\/#website","url":"https:\/\/www.wilms-transport.de\/en\/","name":"WILMS Transport GmbH","description":"Die WILMS Transport GmbH und die WILMS Tiefk\u00fchl-Service GmbH sind Mitglieder der WILMS Gruppe und spezialisiert auf die Bereiche Handel, Dienstleistung und Transport, im Besonderen auf Gro\u00dfhandel f\u00fcr Lebensmittel, Handelsmarken, Eigenmarken, Kontraktgesch\u00e4fte, Aktionen und Saison, TK-Gefl\u00fcgel, TK-Gem\u00fcse, Lagerlogistik, Supply Chain Management, Brokerlogistik, Lagerbewirtschaftung und Outsourcing, City-Logistik, Werksentsorgung, Tiefk\u00fchllogistik, K\u00fchllogistik, Tiefk\u00fchl, Tiefk\u00fchlware, K\u00fchlware, Multi-Temperatur, temperaturgef\u00fchrten Transport und Lebensmittel, die k\u00fchl, frisch oder gek\u00fchlt ankommen sollen, mit Sitz in Ludwigsfelde\/Berlin\/ Deutschland\/ Belgien\/ Niederlande\/ Benelux, die Unternehmensgruppe WILMS bietet dem Logistiker, der Spedition und dem Spediteur zahlreiche Dienstleistungen im Bereich der TK-Logistik, der Verteilung von St\u00fcckgut, Sammelgut und Teilpartien, HACCP und der Distribution und legt besonderen Wert auf \u00d6ko-Transport.","potentialAction":[{"@type":"SearchAction","target":{"@type":"EntryPoint","urlTemplate":"https:\/\/www.wilms-transport.de\/en\/?s={search_term_string}"},"query-input":{"@type":"PropertyValueSpecification","valueRequired":true,"valueName":"search_term_string"}}],"inLanguage":"en-US"}]}},"_links":{"self":[{"href":"https:\/\/www.wilms-transport.de\/en\/wp-json\/wp\/v2\/pages\/24443","targetHints":{"allow":["GET"]}}],"collection":[{"href":"https:\/\/www.wilms-transport.de\/en\/wp-json\/wp\/v2\/pages"}],"about":[{"href":"https:\/\/www.wilms-transport.de\/en\/wp-json\/wp\/v2\/types\/page"}],"author":[{"embeddable":true,"href":"https:\/\/www.wilms-transport.de\/en\/wp-json\/wp\/v2\/users\/1"}],"replies":[{"embeddable":true,"href":"https:\/\/www.wilms-transport.de\/en\/wp-json\/wp\/v2\/comments?post=24443"}],"version-history":[{"count":0,"href":"https:\/\/www.wilms-transport.de\/en\/wp-json\/wp\/v2\/pages\/24443\/revisions"}],"up":[{"embeddable":true,"href":"https:\/\/www.wilms-transport.de\/en\/wp-json\/wp\/v2\/pages\/24428"}],"wp:attachment":[{"href":"https:\/\/www.wilms-transport.de\/en\/wp-json\/wp\/v2\/media?parent=24443"}],"curies":[{"name":"wp","href":"https:\/\/api.w.org\/{rel}","templated":true}]}}