{"id":24425,"date":"2020-07-21T12:55:19","date_gmt":"2020-07-21T10:55:19","guid":{"rendered":"http:\/\/wordpress.wilms-transport.de\/news\/press\/"},"modified":"2020-07-27T15:58:15","modified_gmt":"2020-07-27T13:58:15","slug":"press","status":"publish","type":"page","link":"https:\/\/www.wilms-transport.de\/en\/news\/press\/","title":{"rendered":"Press"},"content":{"rendered":"<div class=\"wpb-content-wrapper\"><p>[vc_row row_type=&#8221;row&#8221; use_row_as_full_screen_section=&#8221;no&#8221; type=&#8221;full_width&#8221; text_align=&#8221;left&#8221; background_animation=&#8221;none&#8221; padding_bottom=&#8221;45&#8243; css_animation=&#8221;&#8221; css=&#8221;.vc_custom_1576592022844{padding-top: 10px !important;}&#8221;][vc_column][vc_column_text]<\/p>\n<h1>Press<\/h1>\n<p>[\/vc_column_text]<div class='latest_post_holder boxes two_columns five_rows'><ul><li class=\"clearfix\"><div class=\"boxes_image\"><a href=\"https:\/\/www.wilms-transport.de\/en\/network-companies-integrate-refugees\/\"><span class=\"latest_post_overlay\"><i class=\"icon_plus\" aria-hidden=\"true\"><\/i><\/span><\/a><\/div><div class=\"latest_post\" ><div class=\"latest_post_text\"><span class=\"date_holder post_info_section\"><span class=\"date\">5. May 2022<\/span><\/span><h2 class=\"latest_post_title \"><a href=\"https:\/\/www.wilms-transport.de\/en\/network-companies-integrate-refugees\/\">NETWORK COMPANIES INTEGRATE REFUGEES<\/a><\/h2><p class=\"excerpt\">We are pleased to announce that our group of companies has joined the \u201cNETZWERK Unternehmen integrieren Fl\u00fcchtlinge\u201d. Many companies in Germany are already committed to the integration of refugees or intend to do so. The NETZWERK Unternehmen integrieren Fl\u00fcchtlinge now brings these companies together....<\/p><\/div><\/div><\/li><li class=\"clearfix\"><div class=\"boxes_image\"><a href=\"https:\/\/www.wilms-transport.de\/en\/introducing-3g-controls\/\"><span class=\"latest_post_overlay\"><i class=\"icon_plus\" aria-hidden=\"true\"><\/i><\/span><\/a><\/div><div class=\"latest_post\" ><div class=\"latest_post_text\"><span class=\"date_holder post_info_section\"><span class=\"date\">29. November 2021<\/span><\/span><h2 class=\"latest_post_title \"><a href=\"https:\/\/www.wilms-transport.de\/en\/introducing-3g-controls\/\">Introducing 3G controls<\/a><\/h2><p class=\"excerpt\">Due to the nationwide increase in Corona infections, we are introducing 3G control. Access to the warehouse and office areas is now only possible if a visitor or an employee is convalesced, fully vaccinated or daily tested (rapid test or PCR test). The rapid test......<\/p><\/div><\/div><\/li><li class=\"clearfix\"><div class=\"boxes_image\"><a href=\"https:\/\/www.wilms-transport.de\/en\/fine-weather-follows-the-storm\/\"><span class=\"latest_post_overlay\"><i class=\"icon_plus\" aria-hidden=\"true\"><\/i><\/span><\/a><\/div><div class=\"latest_post\" ><div class=\"latest_post_text\"><span class=\"date_holder post_info_section\"><span class=\"date\">21. June 2021<\/span><\/span><h2 class=\"latest_post_title \"><a href=\"https:\/\/www.wilms-transport.de\/en\/fine-weather-follows-the-storm\/\">Fine weather follows the storm<\/a><\/h2><p class=\"excerpt\">The storm front of 19\/20 Jun 21 has moved away and our communication systems are also running again. Often one asks oneself whether the costs and the effort for redundant EDP systems are necessary. In moments like these, however, we are very glad that even......<\/p><\/div><\/div><\/li><\/ul><\/div>[\/vc_column][\/vc_row]<\/p>\n<\/div>","protected":false},"excerpt":{"rendered":"<p>[vc_row row_type=&#8221;row&#8221; use_row_as_full_screen_section=&#8221;no&#8221; type=&#8221;full_width&#8221; text_align=&#8221;left&#8221; background_animation=&#8221;none&#8221; padding_bottom=&#8221;45&#8243; css_animation=&#8221;&#8221; css=&#8221;.vc_custom_1576592022844{padding-top: 10px !important;}&#8221;][vc_column][vc_column_text] Press [\/vc_column_text][\/vc_column][\/vc_row]<\/p>\n","protected":false},"author":1,"featured_media":0,"parent":24424,"menu_order":110,"comment_status":"closed","ping_status":"closed","template":"","meta":{"footnotes":""},"class_list":["post-24425","page","type-page","status-publish","hentry"],"yoast_head":"<!-- This site is optimized with the Yoast SEO plugin v27.0 - https:\/\/yoast.com\/product\/yoast-seo-wordpress\/ -->\n<title>WILMS Transport GmbH - Press - refrigerated logistics, food logistics, refrigerated, frozen, fresh, chilled, ambient, frozen food, frozen-food products, food products, chilled food, organic food, temperature controlled, multi-temperature, transport, carrier, distribution, small pallet shipments, HACCP, 3PL, 4PL, Berlin, Germany, Netherlands, Belgium, Wilms Transport GmbH<\/title>\n<meta name=\"robots\" content=\"index, follow, max-snippet:-1, max-image-preview:large, max-video-preview:-1\" \/>\n<link rel=\"canonical\" href=\"https:\/\/www.wilms-transport.de\/en\/news\/press\/\" \/>\n<meta property=\"og:locale\" content=\"en_US\" \/>\n<meta property=\"og:type\" content=\"article\" \/>\n<meta property=\"og:title\" content=\"WILMS Transport GmbH - Press - refrigerated logistics, food logistics, refrigerated, frozen, fresh, chilled, ambient, frozen food, frozen-food products, food products, chilled food, organic food, temperature controlled, multi-temperature, transport, carrier, distribution, small pallet shipments, HACCP, 3PL, 4PL, Berlin, Germany, Netherlands, Belgium, Wilms Transport GmbH\" \/>\n<meta property=\"og:description\" content=\"[vc_row row_type=&#8221;row&#8221; use_row_as_full_screen_section=&#8221;no&#8221; type=&#8221;full_width&#8221; text_align=&#8221;left&#8221; background_animation=&#8221;none&#8221; padding_bottom=&#8221;45&#8243; css_animation=&#8221;&#8221; css=&#8221;.vc_custom_1576592022844{padding-top: 10px !important;}&#8221;][vc_column][vc_column_text] Press [\/vc_column_text][\/vc_column][\/vc_row]\" \/>\n<meta property=\"og:url\" content=\"https:\/\/www.wilms-transport.de\/en\/news\/press\/\" \/>\n<meta property=\"og:site_name\" content=\"WILMS Transport GmbH\" \/>\n<meta property=\"article:modified_time\" content=\"2020-07-27T13:58:15+00:00\" \/>\n<meta name=\"twitter:card\" content=\"summary_large_image\" \/>\n<script type=\"application\/ld+json\" class=\"yoast-schema-graph\">{\"@context\":\"https:\/\/schema.org\",\"@graph\":[{\"@type\":\"WebPage\",\"@id\":\"https:\/\/www.wilms-transport.de\/en\/news\/press\/\",\"url\":\"https:\/\/www.wilms-transport.de\/en\/news\/press\/\",\"name\":\"WILMS Transport GmbH - Press - refrigerated logistics, food logistics, refrigerated, frozen, fresh, chilled, ambient, frozen food, frozen-food products, food products, chilled food, organic food, temperature controlled, multi-temperature, transport, carrier, distribution, small pallet shipments, HACCP, 3PL, 4PL, Berlin, Germany, Netherlands, Belgium, Wilms Transport GmbH\",\"isPartOf\":{\"@id\":\"https:\/\/www.wilms-transport.de\/en\/#website\"},\"datePublished\":\"2020-07-21T10:55:19+00:00\",\"dateModified\":\"2020-07-27T13:58:15+00:00\",\"breadcrumb\":{\"@id\":\"https:\/\/www.wilms-transport.de\/en\/news\/press\/#breadcrumb\"},\"inLanguage\":\"en-US\",\"potentialAction\":[{\"@type\":\"ReadAction\",\"target\":[\"https:\/\/www.wilms-transport.de\/en\/news\/press\/\"]}]},{\"@type\":\"BreadcrumbList\",\"@id\":\"https:\/\/www.wilms-transport.de\/en\/news\/press\/#breadcrumb\",\"itemListElement\":[{\"@type\":\"ListItem\",\"position\":1,\"name\":\"Startseite\",\"item\":\"https:\/\/www.wilms-transport.de\/en\/\"},{\"@type\":\"ListItem\",\"position\":2,\"name\":\"News\",\"item\":\"https:\/\/www.wilms-transport.de\/en\/news\/\"},{\"@type\":\"ListItem\",\"position\":3,\"name\":\"Press\"}]},{\"@type\":\"WebSite\",\"@id\":\"https:\/\/www.wilms-transport.de\/en\/#website\",\"url\":\"https:\/\/www.wilms-transport.de\/en\/\",\"name\":\"WILMS Transport GmbH\",\"description\":\"Die WILMS Transport GmbH und die WILMS Tiefk\u00fchl-Service GmbH sind Mitglieder der WILMS Gruppe und spezialisiert auf die Bereiche Handel, Dienstleistung und Transport, im Besonderen auf Gro\u00dfhandel f\u00fcr Lebensmittel, Handelsmarken, Eigenmarken, Kontraktgesch\u00e4fte, Aktionen und Saison, TK-Gefl\u00fcgel, TK-Gem\u00fcse, Lagerlogistik, Supply Chain Management, Brokerlogistik, Lagerbewirtschaftung und Outsourcing, City-Logistik, Werksentsorgung, Tiefk\u00fchllogistik, K\u00fchllogistik, Tiefk\u00fchl, Tiefk\u00fchlware, K\u00fchlware, Multi-Temperatur, temperaturgef\u00fchrten Transport und Lebensmittel, die k\u00fchl, frisch oder gek\u00fchlt ankommen sollen, mit Sitz in Ludwigsfelde\/Berlin\/ Deutschland\/ Belgien\/ Niederlande\/ Benelux, die Unternehmensgruppe WILMS bietet dem Logistiker, der Spedition und dem Spediteur zahlreiche Dienstleistungen im Bereich der TK-Logistik, der Verteilung von St\u00fcckgut, Sammelgut und Teilpartien, HACCP und der Distribution und legt besonderen Wert auf \u00d6ko-Transport.\",\"potentialAction\":[{\"@type\":\"SearchAction\",\"target\":{\"@type\":\"EntryPoint\",\"urlTemplate\":\"https:\/\/www.wilms-transport.de\/en\/?s={search_term_string}\"},\"query-input\":{\"@type\":\"PropertyValueSpecification\",\"valueRequired\":true,\"valueName\":\"search_term_string\"}}],\"inLanguage\":\"en-US\"}]}<\/script>\n<!-- \/ Yoast SEO plugin. -->","yoast_head_json":{"title":"WILMS Transport GmbH - Press - refrigerated logistics, food logistics, refrigerated, frozen, fresh, chilled, ambient, frozen food, frozen-food products, food products, chilled food, organic food, temperature controlled, multi-temperature, transport, carrier, distribution, small pallet shipments, HACCP, 3PL, 4PL, Berlin, Germany, Netherlands, Belgium, Wilms Transport GmbH","robots":{"index":"index","follow":"follow","max-snippet":"max-snippet:-1","max-image-preview":"max-image-preview:large","max-video-preview":"max-video-preview:-1"},"canonical":"https:\/\/www.wilms-transport.de\/en\/news\/press\/","og_locale":"en_US","og_type":"article","og_title":"WILMS Transport GmbH - Press - refrigerated logistics, food logistics, refrigerated, frozen, fresh, chilled, ambient, frozen food, frozen-food products, food products, chilled food, organic food, temperature controlled, multi-temperature, transport, carrier, distribution, small pallet shipments, HACCP, 3PL, 4PL, Berlin, Germany, Netherlands, Belgium, Wilms Transport GmbH","og_description":"[vc_row row_type=&#8221;row&#8221; use_row_as_full_screen_section=&#8221;no&#8221; type=&#8221;full_width&#8221; text_align=&#8221;left&#8221; background_animation=&#8221;none&#8221; padding_bottom=&#8221;45&#8243; css_animation=&#8221;&#8221; css=&#8221;.vc_custom_1576592022844{padding-top: 10px !important;}&#8221;][vc_column][vc_column_text] Press [\/vc_column_text][\/vc_column][\/vc_row]","og_url":"https:\/\/www.wilms-transport.de\/en\/news\/press\/","og_site_name":"WILMS Transport GmbH","article_modified_time":"2020-07-27T13:58:15+00:00","twitter_card":"summary_large_image","schema":{"@context":"https:\/\/schema.org","@graph":[{"@type":"WebPage","@id":"https:\/\/www.wilms-transport.de\/en\/news\/press\/","url":"https:\/\/www.wilms-transport.de\/en\/news\/press\/","name":"WILMS Transport GmbH - Press - refrigerated logistics, food logistics, refrigerated, frozen, fresh, chilled, ambient, frozen food, frozen-food products, food products, chilled food, organic food, temperature controlled, multi-temperature, transport, carrier, distribution, small pallet shipments, HACCP, 3PL, 4PL, Berlin, Germany, Netherlands, Belgium, Wilms Transport GmbH","isPartOf":{"@id":"https:\/\/www.wilms-transport.de\/en\/#website"},"datePublished":"2020-07-21T10:55:19+00:00","dateModified":"2020-07-27T13:58:15+00:00","breadcrumb":{"@id":"https:\/\/www.wilms-transport.de\/en\/news\/press\/#breadcrumb"},"inLanguage":"en-US","potentialAction":[{"@type":"ReadAction","target":["https:\/\/www.wilms-transport.de\/en\/news\/press\/"]}]},{"@type":"BreadcrumbList","@id":"https:\/\/www.wilms-transport.de\/en\/news\/press\/#breadcrumb","itemListElement":[{"@type":"ListItem","position":1,"name":"Startseite","item":"https:\/\/www.wilms-transport.de\/en\/"},{"@type":"ListItem","position":2,"name":"News","item":"https:\/\/www.wilms-transport.de\/en\/news\/"},{"@type":"ListItem","position":3,"name":"Press"}]},{"@type":"WebSite","@id":"https:\/\/www.wilms-transport.de\/en\/#website","url":"https:\/\/www.wilms-transport.de\/en\/","name":"WILMS Transport GmbH","description":"Die WILMS Transport GmbH und die WILMS Tiefk\u00fchl-Service GmbH sind Mitglieder der WILMS Gruppe und spezialisiert auf die Bereiche Handel, Dienstleistung und Transport, im Besonderen auf Gro\u00dfhandel f\u00fcr Lebensmittel, Handelsmarken, Eigenmarken, Kontraktgesch\u00e4fte, Aktionen und Saison, TK-Gefl\u00fcgel, TK-Gem\u00fcse, Lagerlogistik, Supply Chain Management, Brokerlogistik, Lagerbewirtschaftung und Outsourcing, City-Logistik, Werksentsorgung, Tiefk\u00fchllogistik, K\u00fchllogistik, Tiefk\u00fchl, Tiefk\u00fchlware, K\u00fchlware, Multi-Temperatur, temperaturgef\u00fchrten Transport und Lebensmittel, die k\u00fchl, frisch oder gek\u00fchlt ankommen sollen, mit Sitz in Ludwigsfelde\/Berlin\/ Deutschland\/ Belgien\/ Niederlande\/ Benelux, die Unternehmensgruppe WILMS bietet dem Logistiker, der Spedition und dem Spediteur zahlreiche Dienstleistungen im Bereich der TK-Logistik, der Verteilung von St\u00fcckgut, Sammelgut und Teilpartien, HACCP und der Distribution und legt besonderen Wert auf \u00d6ko-Transport.","potentialAction":[{"@type":"SearchAction","target":{"@type":"EntryPoint","urlTemplate":"https:\/\/www.wilms-transport.de\/en\/?s={search_term_string}"},"query-input":{"@type":"PropertyValueSpecification","valueRequired":true,"valueName":"search_term_string"}}],"inLanguage":"en-US"}]}},"_links":{"self":[{"href":"https:\/\/www.wilms-transport.de\/en\/wp-json\/wp\/v2\/pages\/24425","targetHints":{"allow":["GET"]}}],"collection":[{"href":"https:\/\/www.wilms-transport.de\/en\/wp-json\/wp\/v2\/pages"}],"about":[{"href":"https:\/\/www.wilms-transport.de\/en\/wp-json\/wp\/v2\/types\/page"}],"author":[{"embeddable":true,"href":"https:\/\/www.wilms-transport.de\/en\/wp-json\/wp\/v2\/users\/1"}],"replies":[{"embeddable":true,"href":"https:\/\/www.wilms-transport.de\/en\/wp-json\/wp\/v2\/comments?post=24425"}],"version-history":[{"count":0,"href":"https:\/\/www.wilms-transport.de\/en\/wp-json\/wp\/v2\/pages\/24425\/revisions"}],"up":[{"embeddable":true,"href":"https:\/\/www.wilms-transport.de\/en\/wp-json\/wp\/v2\/pages\/24424"}],"wp:attachment":[{"href":"https:\/\/www.wilms-transport.de\/en\/wp-json\/wp\/v2\/media?parent=24425"}],"curies":[{"name":"wp","href":"https:\/\/api.w.org\/{rel}","templated":true}]}}